{"id":40726,"date":"2023-02-01T10:31:06","date_gmt":"2023-02-01T03:31:06","guid":{"rendered":"https:\/\/mouldking.store\/shop\/moc-factory-100546-mandalorian-n1-starfighter-with-374-pieces\/"},"modified":"2025-12-16T22:25:27","modified_gmt":"2025-12-16T15:25:27","slug":"moc-factory-100546-mandalorian-n1-starfighter-with-374-pieces","status":"publish","type":"product","link":"https:\/\/mouldking.store\/es\/shop\/moc-factory-100546-mandalorian-n1-starfighter-with-374-pieces\/","title":{"rendered":"MOC Factory 100546 Mandalorian N1 Starfighter con 374 piezas"},"content":{"rendered":"<ul>\n<li>Edad recomendada: 12+y,18+<\/li>\n<li>Certification: 3C<\/li>\n<li>Tama\u00f1o del bloque: bloque de construcci\u00f3n peque\u00f1o<\/li>\n<li>Barcode: No<\/li>\n<li>Gender: Boys<\/li>\n<li>Material: Pl\u00e1stico<\/li>\n<\/ul>\n<div><\/div>","protected":false},"excerpt":{"rendered":"<p>Marca: MOC Factory<br \/>\nG\u00e9nero: Unisex<br \/>\nRango de edad: &gt; 12 a\u00f1os<br \/>\nModel Number: 100546<br \/>\nClasificaci\u00f3n: Ensamblaje<br \/>\nForma de bloque de pl\u00e1stico: Ladrillos autoblocantes<br \/>\nMaterial: Pl\u00e1stico<br \/>\nTipo de pl\u00e1stico: ABS<br \/>\nBricks Blocks: 374 +<br \/>\nOrganizar tiempo: 4-8 semanas<\/p>","protected":false},"featured_media":40719,"comment_status":"open","ping_status":"closed","template":"","meta":{"_acf_changed":false},"product_cat":[1350,372,581,415,1408],"product_tag":[11170,374,434,436,11162],"class_list":["product","first","instock","shipping-taxable","purchasable","product-type-simple"],"acf":[],"_links":{"self":[{"href":"https:\/\/mouldking.store\/es\/wp-json\/wp\/v2\/product\/40726","targetHints":{"allow":["GET"]}}],"collection":[{"href":"https:\/\/mouldking.store\/es\/wp-json\/wp\/v2\/product"}],"about":[{"href":"https:\/\/mouldking.store\/es\/wp-json\/wp\/v2\/types\/product"}],"replies":[{"embeddable":true,"href":"https:\/\/mouldking.store\/es\/wp-json\/wp\/v2\/comments?post=40726"}],"wp:featuredmedia":[{"embeddable":true,"href":"https:\/\/mouldking.store\/es\/wp-json\/wp\/v2\/media\/40719"}],"wp:attachment":[{"href":"https:\/\/mouldking.store\/es\/wp-json\/wp\/v2\/media?parent=40726"}],"wp:term":[{"taxonomy":"product_cat","embeddable":true,"href":"https:\/\/mouldking.store\/es\/wp-json\/wp\/v2\/product_cat?post=40726"},{"taxonomy":"product_tag","embeddable":true,"href":"https:\/\/mouldking.store\/es\/wp-json\/wp\/v2\/product_tag?post=40726"}],"curies":[{"name":"wp","href":"https:\/\/api.w.org\/{rel}","templated":true}]}}