{"id":40734,"date":"2023-02-01T10:38:42","date_gmt":"2023-02-01T03:38:42","guid":{"rendered":"https:\/\/mouldking.store\/shop\/moc-factory-103902-rx-200-falchion-class-tank-with-366-pieces\/"},"modified":"2025-12-16T22:25:27","modified_gmt":"2025-12-16T15:25:27","slug":"moc-factory-103902-rx-200-falchion-class-tank-with-366-pieces","status":"publish","type":"product","link":"https:\/\/mouldking.store\/es\/shop\/moc-factory-103902-rx-200-falchion-class-tank-with-366-pieces\/","title":{"rendered":"MOC Factory 103902 RX-200 Tanque de clase Falchion con 366 piezas"},"content":{"rendered":"<ul>\n<li>Edad recomendada: 12+y,18+<\/li>\n<li>Certification: 3C<\/li>\n<li>Tama\u00f1o del bloque: bloque de construcci\u00f3n peque\u00f1o<\/li>\n<li>Barcode: No<\/li>\n<li>Gender: Boys<\/li>\n<li>Material: Pl\u00e1stico<\/li>\n<li>Forma de bloque de pl\u00e1stico: Cuadrado<\/li>\n<li>Tipo de pl\u00e1stico: ABS<\/li>\n<\/ul>\n<div><\/div>","protected":false},"excerpt":{"rendered":"<p>Marca: MOC Factory<br \/>\nG\u00e9nero: Unisex<br \/>\nRango de edad: &gt; 12 a\u00f1os<br \/>\nModel Number: 103902<br \/>\nClasificaci\u00f3n: Ensamblaje<br \/>\nForma de bloque de pl\u00e1stico: Ladrillos autoblocantes<br \/>\nMaterial: Pl\u00e1stico<br \/>\nTipo de pl\u00e1stico: ABS<br \/>\nBricks Blocks: 366 +<br \/>\nOrganizar tiempo: 4-8 semanas<\/p>","protected":false},"featured_media":40727,"comment_status":"open","ping_status":"closed","template":"","meta":{"_acf_changed":false},"product_cat":[1350,372,581,415,1408],"product_tag":[374,434,436,485],"class_list":["product","first","instock","shipping-taxable","purchasable","product-type-simple"],"acf":[],"_links":{"self":[{"href":"https:\/\/mouldking.store\/es\/wp-json\/wp\/v2\/product\/40734","targetHints":{"allow":["GET"]}}],"collection":[{"href":"https:\/\/mouldking.store\/es\/wp-json\/wp\/v2\/product"}],"about":[{"href":"https:\/\/mouldking.store\/es\/wp-json\/wp\/v2\/types\/product"}],"replies":[{"embeddable":true,"href":"https:\/\/mouldking.store\/es\/wp-json\/wp\/v2\/comments?post=40734"}],"wp:featuredmedia":[{"embeddable":true,"href":"https:\/\/mouldking.store\/es\/wp-json\/wp\/v2\/media\/40727"}],"wp:attachment":[{"href":"https:\/\/mouldking.store\/es\/wp-json\/wp\/v2\/media?parent=40734"}],"wp:term":[{"taxonomy":"product_cat","embeddable":true,"href":"https:\/\/mouldking.store\/es\/wp-json\/wp\/v2\/product_cat?post=40734"},{"taxonomy":"product_tag","embeddable":true,"href":"https:\/\/mouldking.store\/es\/wp-json\/wp\/v2\/product_tag?post=40734"}],"curies":[{"name":"wp","href":"https:\/\/api.w.org\/{rel}","templated":true}]}}