{"id":40764,"date":"2023-02-01T15:17:13","date_gmt":"2023-02-01T08:17:13","guid":{"rendered":"https:\/\/mouldking.store\/shop\/moc-factory-91655-medieval-square-with-3499-pieces\/"},"modified":"2025-12-16T22:25:26","modified_gmt":"2025-12-16T15:25:26","slug":"moc-factory-91655-medieval-square-with-3499-pieces","status":"publish","type":"product","link":"https:\/\/mouldking.store\/es\/shop\/moc-factory-91655-medieval-square-with-3499-pieces\/","title":{"rendered":"MOC Factory 91655 Medieval Square with 3499 Pieces"},"content":{"rendered":"<ul>\n<li>Edad recomendada: 12+y,18+<\/li>\n<li>Tama\u00f1o del bloque: bloque de construcci\u00f3n peque\u00f1o<\/li>\n<li>G\u00e9nero: Unisex<\/li>\n<li>Material: Pl\u00e1stico<\/li>\n<li>Plastic Block Shape: Bullet<\/li>\n<li>Tipo de pl\u00e1stico: ABS<\/li>\n<\/ul>\n<div><\/div>","protected":false},"excerpt":{"rendered":"<p>Marca: MOC Factory<br \/>\nG\u00e9nero: Unisex<br \/>\nRango de edad: &gt; 12 a\u00f1os<br \/>\nModel Number: 91655<br \/>\nClasificaci\u00f3n: Ensamblaje<br \/>\nForma de bloque de pl\u00e1stico: Ladrillos autoblocantes<br \/>\nMaterial: Pl\u00e1stico<br \/>\nTipo de pl\u00e1stico: ABS<br \/>\nBricks Blocks: 3499 +<br \/>\nOrganizar tiempo: 4-8 semanas<\/p>","protected":false},"featured_media":40757,"comment_status":"open","ping_status":"closed","template":"","meta":{"_acf_changed":false},"product_cat":[1395,1406,390],"product_tag":[4883,11099,430,392,11125],"class_list":["product","first","instock","shipping-taxable","purchasable","product-type-simple"],"acf":[],"_links":{"self":[{"href":"https:\/\/mouldking.store\/es\/wp-json\/wp\/v2\/product\/40764","targetHints":{"allow":["GET"]}}],"collection":[{"href":"https:\/\/mouldking.store\/es\/wp-json\/wp\/v2\/product"}],"about":[{"href":"https:\/\/mouldking.store\/es\/wp-json\/wp\/v2\/types\/product"}],"replies":[{"embeddable":true,"href":"https:\/\/mouldking.store\/es\/wp-json\/wp\/v2\/comments?post=40764"}],"wp:featuredmedia":[{"embeddable":true,"href":"https:\/\/mouldking.store\/es\/wp-json\/wp\/v2\/media\/40757"}],"wp:attachment":[{"href":"https:\/\/mouldking.store\/es\/wp-json\/wp\/v2\/media?parent=40764"}],"wp:term":[{"taxonomy":"product_cat","embeddable":true,"href":"https:\/\/mouldking.store\/es\/wp-json\/wp\/v2\/product_cat?post=40764"},{"taxonomy":"product_tag","embeddable":true,"href":"https:\/\/mouldking.store\/es\/wp-json\/wp\/v2\/product_tag?post=40764"}],"curies":[{"name":"wp","href":"https:\/\/api.w.org\/{rel}","templated":true}]}}