{"id":40793,"date":"2023-02-01T17:42:17","date_gmt":"2023-02-01T10:42:17","guid":{"rendered":"https:\/\/mouldking.store\/shop\/moc-factory-108067-the-horse-stable-with-2492-pieces\/"},"modified":"2025-12-16T22:25:25","modified_gmt":"2025-12-16T15:25:25","slug":"moc-factory-108067-the-horse-stable-with-2492-pieces","status":"publish","type":"product","link":"https:\/\/mouldking.store\/es\/shop\/moc-factory-108067-the-horse-stable-with-2492-pieces\/","title":{"rendered":"MOC Factory 108067 El establo de caballos con 2492 piezas"},"content":{"rendered":"<ul>\n<li>Edad recomendada: 7-12 a\u00f1os, 12 a\u00f1os, 18 a\u00f1os o m\u00e1s<\/li>\n<li>Tama\u00f1o del bloque: bloque de construcci\u00f3n peque\u00f1o<\/li>\n<li>G\u00e9nero: Unisex<\/li>\n<li>Material: Pl\u00e1stico<\/li>\n<li>Forma de bloque de pl\u00e1stico: Cuadrado<\/li>\n<li>Tipo de pl\u00e1stico: ABS<\/li>\n<\/ul>\n<div><\/div>","protected":false},"excerpt":{"rendered":"<p>Marca: MOC Factory<br \/>\nG\u00e9nero: Unisex<br \/>\nRango de edad: &gt; 12 a\u00f1os<br \/>\nModel Number: 108067<br \/>\nClasificaci\u00f3n: Ensamblaje<br \/>\nForma de bloque de pl\u00e1stico: Ladrillos autoblocantes<br \/>\nMaterial: Pl\u00e1stico<br \/>\nTipo de pl\u00e1stico: ABS<br \/>\nBricks Blocks: 2492 +<br \/>\nOrganizar tiempo: 4-8 semanas<\/p>","protected":false},"featured_media":40786,"comment_status":"open","ping_status":"closed","template":"","meta":{"_acf_changed":false},"product_cat":[1365,1395,371,390],"product_tag":[11072,8452,9573,5679,6277],"class_list":["product","first","instock","shipping-taxable","purchasable","product-type-simple"],"acf":[],"_links":{"self":[{"href":"https:\/\/mouldking.store\/es\/wp-json\/wp\/v2\/product\/40793","targetHints":{"allow":["GET"]}}],"collection":[{"href":"https:\/\/mouldking.store\/es\/wp-json\/wp\/v2\/product"}],"about":[{"href":"https:\/\/mouldking.store\/es\/wp-json\/wp\/v2\/types\/product"}],"replies":[{"embeddable":true,"href":"https:\/\/mouldking.store\/es\/wp-json\/wp\/v2\/comments?post=40793"}],"wp:featuredmedia":[{"embeddable":true,"href":"https:\/\/mouldking.store\/es\/wp-json\/wp\/v2\/media\/40786"}],"wp:attachment":[{"href":"https:\/\/mouldking.store\/es\/wp-json\/wp\/v2\/media?parent=40793"}],"wp:term":[{"taxonomy":"product_cat","embeddable":true,"href":"https:\/\/mouldking.store\/es\/wp-json\/wp\/v2\/product_cat?post=40793"},{"taxonomy":"product_tag","embeddable":true,"href":"https:\/\/mouldking.store\/es\/wp-json\/wp\/v2\/product_tag?post=40793"}],"curies":[{"name":"wp","href":"https:\/\/api.w.org\/{rel}","templated":true}]}}