{"id":40834,"date":"2023-02-01T18:19:29","date_gmt":"2023-02-01T11:19:29","guid":{"rendered":"https:\/\/mouldking.store\/shop\/moc-factory-112387-kansas-city-southern-sd40t-2-train-with-1913-pieces\/"},"modified":"2025-12-16T22:25:24","modified_gmt":"2025-12-16T15:25:24","slug":"moc-factory-112387-kansas-city-southern-sd40t-2-train-with-1913-pieces","status":"publish","type":"product","link":"https:\/\/mouldking.store\/es\/shop\/moc-factory-112387-kansas-city-southern-sd40t-2-train-with-1913-pieces\/","title":{"rendered":"MOC Factory 112387 Kansas City Southern SD40T-2 Train with 1913 Pieces"},"content":{"rendered":"<div>Edad recomendada: 7-12 a\u00f1os, 12 a\u00f1os, 18 a\u00f1os o m\u00e1s&nbsp;<br \/>Tama\u00f1o del bloque: bloque de construcci\u00f3n peque\u00f1o&nbsp;<br \/>G\u00e9nero: Unisex&nbsp;<br \/>Material: Pl\u00e1stico&nbsp;<br \/>Forma de bloque de pl\u00e1stico: Cuadrado&nbsp;<br \/>Tipo de pl\u00e1stico: ABS&nbsp;<\/div>","protected":false},"excerpt":{"rendered":"<p>Marca: MOC Factory<br \/>\nG\u00e9nero: Unisex<br \/>\nRango de edad: &gt; 12 a\u00f1os<br \/>\nModel Number: 112387<br \/>\nClasificaci\u00f3n: Ensamblaje<br \/>\nForma de bloque de pl\u00e1stico: Ladrillos autoblocantes<br \/>\nMaterial: Pl\u00e1stico<br \/>\nTipo de pl\u00e1stico: ABS<br \/>\nBricks Blocks: 1913 +<br \/>\nOrganizar tiempo: 4-8 semanas<\/p>","protected":false},"featured_media":40828,"comment_status":"open","ping_status":"closed","template":"","meta":{"_acf_changed":false},"product_cat":[1357,364],"product_tag":[4883,389,11080,300],"class_list":["product","first","instock","shipping-taxable","purchasable","product-type-simple"],"acf":[],"_links":{"self":[{"href":"https:\/\/mouldking.store\/es\/wp-json\/wp\/v2\/product\/40834","targetHints":{"allow":["GET"]}}],"collection":[{"href":"https:\/\/mouldking.store\/es\/wp-json\/wp\/v2\/product"}],"about":[{"href":"https:\/\/mouldking.store\/es\/wp-json\/wp\/v2\/types\/product"}],"replies":[{"embeddable":true,"href":"https:\/\/mouldking.store\/es\/wp-json\/wp\/v2\/comments?post=40834"}],"wp:featuredmedia":[{"embeddable":true,"href":"https:\/\/mouldking.store\/es\/wp-json\/wp\/v2\/media\/40828"}],"wp:attachment":[{"href":"https:\/\/mouldking.store\/es\/wp-json\/wp\/v2\/media?parent=40834"}],"wp:term":[{"taxonomy":"product_cat","embeddable":true,"href":"https:\/\/mouldking.store\/es\/wp-json\/wp\/v2\/product_cat?post=40834"},{"taxonomy":"product_tag","embeddable":true,"href":"https:\/\/mouldking.store\/es\/wp-json\/wp\/v2\/product_tag?post=40834"}],"curies":[{"name":"wp","href":"https:\/\/api.w.org\/{rel}","templated":true}]}}