{"id":40966,"date":"2023-02-02T11:42:10","date_gmt":"2023-02-02T04:42:10","guid":{"rendered":"https:\/\/mouldking.store\/shop\/moc-factory-110433-imperial-tx-225-gavw-occupier-hovertank-with-565-pieces\/"},"modified":"2025-12-16T22:25:23","modified_gmt":"2025-12-16T15:25:23","slug":"moc-factory-110433-imperial-tx-225-gavw-occupier-hovertank-with-565-pieces","status":"publish","type":"product","link":"https:\/\/mouldking.store\/es\/shop\/moc-factory-110433-imperial-tx-225-gavw-occupier-hovertank-with-565-pieces\/","title":{"rendered":"MOC Factory 110433 Imperial TX-225 GAVw &quot;Occupier&quot; Hovertank con 565 piezas"},"content":{"rendered":"<div>Edad recomendada: 7-12 a\u00f1os, 12 a\u00f1os, 18 a\u00f1os o m\u00e1s&nbsp;<br \/>Tama\u00f1o del bloque: bloque de construcci\u00f3n peque\u00f1o&nbsp;<br \/>G\u00e9nero: Unisex&nbsp;<br \/>Material: Pl\u00e1stico&nbsp;<br \/>Forma de bloque de pl\u00e1stico: Cuadrado&nbsp;<br \/>Tipo de pl\u00e1stico: ABS&nbsp;<\/div>","protected":false},"excerpt":{"rendered":"<p>Marca: MOC Factory<br \/>\nG\u00e9nero: Unisex<br \/>\nRango de edad: &gt; 12 a\u00f1os<br \/>\nN\u00famero de modelo: 110433<br \/>\nClasificaci\u00f3n: Ensamblaje<br \/>\nForma de bloque de pl\u00e1stico: Ladrillos autoblocantes<br \/>\nMaterial: Pl\u00e1stico<br \/>\nTipo de pl\u00e1stico: ABS<br \/>\nLadrillos Bloques: 565 +<br \/>\nOrganizar tiempo: 4-8 semanas<\/p>","protected":false},"featured_media":40960,"comment_status":"open","ping_status":"closed","template":"","meta":{"_acf_changed":false},"product_cat":[1350,372,581,415,1408],"product_tag":[374,434,436,485],"class_list":["product","first","instock","shipping-taxable","purchasable","product-type-simple"],"acf":[],"_links":{"self":[{"href":"https:\/\/mouldking.store\/es\/wp-json\/wp\/v2\/product\/40966","targetHints":{"allow":["GET"]}}],"collection":[{"href":"https:\/\/mouldking.store\/es\/wp-json\/wp\/v2\/product"}],"about":[{"href":"https:\/\/mouldking.store\/es\/wp-json\/wp\/v2\/types\/product"}],"replies":[{"embeddable":true,"href":"https:\/\/mouldking.store\/es\/wp-json\/wp\/v2\/comments?post=40966"}],"wp:featuredmedia":[{"embeddable":true,"href":"https:\/\/mouldking.store\/es\/wp-json\/wp\/v2\/media\/40960"}],"wp:attachment":[{"href":"https:\/\/mouldking.store\/es\/wp-json\/wp\/v2\/media?parent=40966"}],"wp:term":[{"taxonomy":"product_cat","embeddable":true,"href":"https:\/\/mouldking.store\/es\/wp-json\/wp\/v2\/product_cat?post=40966"},{"taxonomy":"product_tag","embeddable":true,"href":"https:\/\/mouldking.store\/es\/wp-json\/wp\/v2\/product_tag?post=40966"}],"curies":[{"name":"wp","href":"https:\/\/api.w.org\/{rel}","templated":true}]}}