{"id":41067,"date":"2023-02-02T14:46:07","date_gmt":"2023-02-02T07:46:07","guid":{"rendered":"https:\/\/mouldking.store\/shop\/moc-factory-35381-uss-daedalus-sci-fi-style-battleship-with-9438-pieces\/"},"modified":"2025-12-16T22:25:22","modified_gmt":"2025-12-16T15:25:22","slug":"moc-factory-35381-uss-daedalus-sci-fi-style-battleship-with-9438-pieces","status":"publish","type":"product","link":"https:\/\/mouldking.store\/es\/shop\/moc-factory-35381-uss-daedalus-sci-fi-style-battleship-with-9438-pieces\/","title":{"rendered":"MOC Factory 35381 USS Daedalus Sci-Fi Style Battleship con 9438 piezas"},"content":{"rendered":"<div>Edad recomendada: 7-12 a\u00f1os, 12 a\u00f1os, 18 a\u00f1os o m\u00e1s&nbsp;<br \/>Tama\u00f1o del bloque: bloque de construcci\u00f3n peque\u00f1o&nbsp;<br \/>G\u00e9nero: Unisex&nbsp;<br \/>Material: Pl\u00e1stico&nbsp;<br \/>Forma de bloque de pl\u00e1stico: Cuadrado&nbsp;<br \/>Tipo de pl\u00e1stico: ABS&nbsp;<\/div>","protected":false},"excerpt":{"rendered":"<p>Marca: MOC Factory<br \/>\nG\u00e9nero: Unisex<br \/>\nRango de edad: &gt; 12 a\u00f1os<br \/>\nN\u00famero de modelo: 35381<br \/>\nClasificaci\u00f3n: Ensamblaje<br \/>\nForma de bloque de pl\u00e1stico: Ladrillos autoblocantes<br \/>\nMaterial: Pl\u00e1stico<br \/>\nTipo de pl\u00e1stico: ABS<br \/>\nLadrillos Bloques: 9438 +<br \/>\nOrganizar tiempo: 4-8 semanas<\/p>","protected":false},"featured_media":41061,"comment_status":"open","ping_status":"closed","template":"","meta":{"_acf_changed":false},"product_cat":[1357,6016,364],"product_tag":[5703,11207,9414,2276,389,9653],"class_list":["product","first","instock","shipping-taxable","purchasable","product-type-simple"],"acf":[],"_links":{"self":[{"href":"https:\/\/mouldking.store\/es\/wp-json\/wp\/v2\/product\/41067","targetHints":{"allow":["GET"]}}],"collection":[{"href":"https:\/\/mouldking.store\/es\/wp-json\/wp\/v2\/product"}],"about":[{"href":"https:\/\/mouldking.store\/es\/wp-json\/wp\/v2\/types\/product"}],"replies":[{"embeddable":true,"href":"https:\/\/mouldking.store\/es\/wp-json\/wp\/v2\/comments?post=41067"}],"wp:featuredmedia":[{"embeddable":true,"href":"https:\/\/mouldking.store\/es\/wp-json\/wp\/v2\/media\/41061"}],"wp:attachment":[{"href":"https:\/\/mouldking.store\/es\/wp-json\/wp\/v2\/media?parent=41067"}],"wp:term":[{"taxonomy":"product_cat","embeddable":true,"href":"https:\/\/mouldking.store\/es\/wp-json\/wp\/v2\/product_cat?post=41067"},{"taxonomy":"product_tag","embeddable":true,"href":"https:\/\/mouldking.store\/es\/wp-json\/wp\/v2\/product_tag?post=41067"}],"curies":[{"name":"wp","href":"https:\/\/api.w.org\/{rel}","templated":true}]}}