{"id":41112,"date":"2023-02-03T12:44:12","date_gmt":"2023-02-03T05:44:12","guid":{"rendered":"https:\/\/mouldking.store\/shop\/kazi-gbl-bozhi-ky87022-the-chronicles-of-narnia-the-bright-eyes-with-444-pieces\/"},"modified":"2023-02-03T12:44:12","modified_gmt":"2023-02-03T05:44:12","slug":"kazi-gbl-bozhi-ky87022-the-chronicles-of-narnia-the-bright-eyes-with-444-pieces","status":"publish","type":"product","link":"https:\/\/mouldking.store\/es\/shop\/kazi-gbl-bozhi-ky87022-the-chronicles-of-narnia-the-bright-eyes-with-444-pieces\/","title":{"rendered":"KAZI \/ GBL \/ BOZHI KY87022 Las cr\u00f3nicas de Narnia: Los ojos brillantes con 444 piezas"},"content":{"rendered":"<div>\u2705 KAZI KY87022 The Chronicles of Narnia: The Bright Eyes<br \/>&nbsp;<br \/>\u2705\u201dLas Cr\u00f3nicas de Narnia\u201d es una serie de siete novelas de fantas\u00eda escritas por CS Lewis. Los libros est\u00e1n ambientados en el mundo ficticio de Narnia y siguen las aventuras de los ni\u00f1os que juegan un papel central en la historia de Narnia. La serie es conocida por su narraci\u00f3n imaginativa, personajes memorables y temas del cristianismo.<br \/>&nbsp;<br \/>\ud83d\udeab \u00a1IMPORTANTE!&nbsp;<br \/>&nbsp;<br \/>Product Name: The Chronicles of Narnia: The Bright Eyes<br \/>&nbsp;<br \/>Categor\u00eda: Creador<br \/>&nbsp;<br \/>This Kit Contains: KAZI KY87022<br \/>&nbsp;<br \/>444 pcs Good Quality Bricks&nbsp;<\/p>\n<p>Instrucciones manuales&nbsp;<br \/>&nbsp;<br \/>\ud83d\udcccNaturaleza del protagonista&nbsp;<br \/>&nbsp;<br \/>Introducing our proud collection named \u201cThe Chronicles of Narnia: The Bright Eyes\u201d you should not miss.&nbsp;<br \/>&nbsp;<br \/>The Chronicles of Narnia: Eyes of Light belongs to the video game series of building block sets, and the entire set contains 444 building block particles. First released in 2018.<\/div>","protected":false},"excerpt":{"rendered":"<p>Marca: KAZI\/GBL\/BOZHI<br \/>\nG\u00e9nero: Unisex<br \/>\nRango de edad: &gt; 6 a\u00f1os<br \/>\nModel Number: KY87022<br \/>\nClasificaci\u00f3n: Ensamblaje<br \/>\nForma de bloque de pl\u00e1stico: Ladrillos autoblocantes<br \/>\nMaterial: Pl\u00e1stico<br \/>\nTipo de pl\u00e1stico: ABS<br \/>\nBricks Blocks: 444 +<br \/>\nPreventa<\/p>","protected":false},"featured_media":41110,"comment_status":"open","ping_status":"closed","template":"","meta":{"_acf_changed":false},"product_cat":[1365,371],"product_tag":[11213,11072,8452,11214],"class_list":["product","first","instock","shipping-taxable","purchasable","product-type-simple"],"acf":[],"_links":{"self":[{"href":"https:\/\/mouldking.store\/es\/wp-json\/wp\/v2\/product\/41112","targetHints":{"allow":["GET"]}}],"collection":[{"href":"https:\/\/mouldking.store\/es\/wp-json\/wp\/v2\/product"}],"about":[{"href":"https:\/\/mouldking.store\/es\/wp-json\/wp\/v2\/types\/product"}],"replies":[{"embeddable":true,"href":"https:\/\/mouldking.store\/es\/wp-json\/wp\/v2\/comments?post=41112"}],"wp:featuredmedia":[{"embeddable":true,"href":"https:\/\/mouldking.store\/es\/wp-json\/wp\/v2\/media\/41110"}],"wp:attachment":[{"href":"https:\/\/mouldking.store\/es\/wp-json\/wp\/v2\/media?parent=41112"}],"wp:term":[{"taxonomy":"product_cat","embeddable":true,"href":"https:\/\/mouldking.store\/es\/wp-json\/wp\/v2\/product_cat?post=41112"},{"taxonomy":"product_tag","embeddable":true,"href":"https:\/\/mouldking.store\/es\/wp-json\/wp\/v2\/product_tag?post=41112"}],"curies":[{"name":"wp","href":"https:\/\/api.w.org\/{rel}","templated":true}]}}