{"id":41114,"date":"2023-02-03T12:55:58","date_gmt":"2023-02-03T05:55:58","guid":{"rendered":"https:\/\/mouldking.store\/shop\/kazi-gbl-bozhi-ky87021-the-chronicles-of-narnia-the-battle-of-niutau-village-with-927-pieces\/"},"modified":"2023-02-03T12:55:58","modified_gmt":"2023-02-03T05:55:58","slug":"kazi-gbl-bozhi-ky87021-the-chronicles-of-narnia-the-battle-of-niutau-village-with-927-pieces","status":"publish","type":"product","link":"https:\/\/mouldking.store\/es\/shop\/kazi-gbl-bozhi-ky87021-the-chronicles-of-narnia-the-battle-of-niutau-village-with-927-pieces\/","title":{"rendered":"KAZI \/ GBL \/ BOZHI KY87021 Las cr\u00f3nicas de Narnia: La batalla de Niutau Village con 927 piezas"},"content":{"rendered":"<div>\u2705 KAZI KY87021 Las cr\u00f3nicas de Narnia: La batalla del pueblo de Niutau<br \/>&nbsp;<br \/>\u2705\u201dLas Cr\u00f3nicas de Narnia\u201d es una serie de siete novelas de fantas\u00eda escritas por CS Lewis. Los libros est\u00e1n ambientados en el mundo ficticio de Narnia y siguen las aventuras de los ni\u00f1os que juegan un papel central en la historia de Narnia. La serie es conocida por su narraci\u00f3n imaginativa, personajes memorables y temas del cristianismo.<br \/>&nbsp;<br \/>\ud83d\udeab \u00a1IMPORTANTE!&nbsp;<br \/>&nbsp;<br \/>Nombre del producto: Las cr\u00f3nicas de Narnia: La batalla de la aldea de Niutau<br \/>&nbsp;<br \/>Categor\u00eda: Creador<br \/>&nbsp;<br \/>Este kit contiene: KAZI KY87021<br \/>&nbsp;<br \/>927 piezas de ladrillos de buena calidad&nbsp;<br \/>&nbsp;<br \/>&nbsp;<br \/>Instrucciones manuales&nbsp;<br \/>&nbsp;<br \/>\ud83d\udcccNaturaleza del protagonista&nbsp;<br \/>&nbsp;<br \/>Presentamos nuestra orgullosa colecci\u00f3n llamada &quot;Las cr\u00f3nicas de Narnia: La batalla de la aldea de Niutau&quot; que no debes perderte.&nbsp;<br \/>&nbsp;<br \/>The Chronicles of Narnia: The Battle of Niutou Village pertenece al conjunto de bloques de construcci\u00f3n de la serie de juegos de cine y televisi\u00f3n, y el conjunto completo contiene 927 part\u00edculas de bloques de construcci\u00f3n. Lanzado por primera vez en 2018.<\/div>","protected":false},"excerpt":{"rendered":"<p>Marca: KAZI\/GBL\/BOZHI<br \/>\nG\u00e9nero: Unisex<br \/>\nRango de edad: &gt; 6 a\u00f1os<br \/>\nN\u00famero de modelo: KY87021<br \/>\nClasificaci\u00f3n: Ensamblaje<br \/>\nForma de bloque de pl\u00e1stico: Ladrillos autoblocantes<br \/>\nMaterial: Pl\u00e1stico<br \/>\nTipo de pl\u00e1stico: ABS<br \/>\nLadrillos Bloques: 927 +<br \/>\nPreventa<\/p>","protected":false},"featured_media":41113,"comment_status":"open","ping_status":"closed","template":"","meta":{"_acf_changed":false},"product_cat":[1365,371],"product_tag":[9077,11213,11072,8452,11214,6373],"class_list":["product","first","instock","shipping-taxable","purchasable","product-type-simple"],"acf":[],"_links":{"self":[{"href":"https:\/\/mouldking.store\/es\/wp-json\/wp\/v2\/product\/41114","targetHints":{"allow":["GET"]}}],"collection":[{"href":"https:\/\/mouldking.store\/es\/wp-json\/wp\/v2\/product"}],"about":[{"href":"https:\/\/mouldking.store\/es\/wp-json\/wp\/v2\/types\/product"}],"replies":[{"embeddable":true,"href":"https:\/\/mouldking.store\/es\/wp-json\/wp\/v2\/comments?post=41114"}],"wp:featuredmedia":[{"embeddable":true,"href":"https:\/\/mouldking.store\/es\/wp-json\/wp\/v2\/media\/41113"}],"wp:attachment":[{"href":"https:\/\/mouldking.store\/es\/wp-json\/wp\/v2\/media?parent=41114"}],"wp:term":[{"taxonomy":"product_cat","embeddable":true,"href":"https:\/\/mouldking.store\/es\/wp-json\/wp\/v2\/product_cat?post=41114"},{"taxonomy":"product_tag","embeddable":true,"href":"https:\/\/mouldking.store\/es\/wp-json\/wp\/v2\/product_tag?post=41114"}],"curies":[{"name":"wp","href":"https:\/\/api.w.org\/{rel}","templated":true}]}}