{"id":41122,"date":"2023-02-03T13:26:37","date_gmt":"2023-02-03T06:26:37","guid":{"rendered":"https:\/\/mouldking.store\/shop\/zhegao-ql2216-romance-in-iceland-frozen-paradise-with-329-pieces\/"},"modified":"2023-02-10T01:24:56","modified_gmt":"2023-02-09T18:24:56","slug":"zhegao-ql2216-romance-in-iceland-frozen-paradise-with-329-pieces","status":"publish","type":"product","link":"https:\/\/mouldking.store\/es\/shop\/zhegao-ql2216-romance-in-iceland-frozen-paradise-with-329-pieces\/","title":{"rendered":"ZHEGAO QL2216 Romance en Islandia: Para\u00edso congelado con 329 piezas"},"content":{"rendered":"<div>\u2705 ZHEGAO QL2216 Romance en Islandia: Para\u00edso helado<br \/>&nbsp;<br \/>\u2705La serie de sets incluye 329 bloques, m\u00e1s que suficiente para un edificio peque\u00f1o. Los bloques tienen la forma de una casa en miniatura, y cada bloque puede usarse como juguete para ni\u00f1os o como decoraci\u00f3n para adultos.<br \/>&nbsp;<br \/>\ud83d\udeab \u00a1IMPORTANTE!&nbsp;<br \/>&nbsp;<br \/>Nombre del producto: Romance en Islandia: Para\u00edso congelado<br \/>&nbsp;<br \/>Categor\u00eda: Creador<br \/>&nbsp;<br \/>Este kit contiene: ZHEGAO QL2216<br \/>&nbsp;<br \/>329 piezas de ladrillos de buena calidad&nbsp;<br \/>&nbsp;<br \/>Instrucciones manuales&nbsp;<br \/>&nbsp;<br \/>\ud83d\udcccNaturaleza del protagonista&nbsp;<br \/>&nbsp;<br \/>Presentamos nuestra orgullosa colecci\u00f3n llamada &quot;Romance en Islandia: Frozen Paradise&quot; que no debe perderse.&nbsp;<br \/>&nbsp;<br \/>El dise\u00f1o de los bloques est\u00e1 lleno de chicas j\u00f3venes y encantadoras con colores vibrantes. Los expertos han utilizado las t\u00e9cnicas m\u00e1s avanzadas para convertir los patrones de copos de nieve, azul claro como el hielo y blanco puro, ... en una obra de arte.<\/div>","protected":false},"excerpt":{"rendered":"<p>Marca: ZHEGAO<br \/>\nG\u00e9nero: Unisex<br \/>\nRango de edad: &gt; 6 a\u00f1os<br \/>\nN\u00famero de modelo: QL2216<br \/>\nClasificaci\u00f3n: Ensamblaje<br \/>\nForma de bloque de pl\u00e1stico: Ladrillos autoblocantes<br \/>\nMaterial: Pl\u00e1stico<br \/>\nTipo de pl\u00e1stico: ABS<br \/>\nLadrillos Bloques: 329 +<br \/>\nPreventa<\/p>","protected":false},"featured_media":41119,"comment_status":"open","ping_status":"closed","template":"","meta":{"_acf_changed":false},"product_cat":[1365,371],"product_tag":[11072,8452,1478,11215],"class_list":["product","first","instock","shipping-taxable","purchasable","product-type-simple"],"acf":[],"_links":{"self":[{"href":"https:\/\/mouldking.store\/es\/wp-json\/wp\/v2\/product\/41122","targetHints":{"allow":["GET"]}}],"collection":[{"href":"https:\/\/mouldking.store\/es\/wp-json\/wp\/v2\/product"}],"about":[{"href":"https:\/\/mouldking.store\/es\/wp-json\/wp\/v2\/types\/product"}],"replies":[{"embeddable":true,"href":"https:\/\/mouldking.store\/es\/wp-json\/wp\/v2\/comments?post=41122"}],"wp:featuredmedia":[{"embeddable":true,"href":"https:\/\/mouldking.store\/es\/wp-json\/wp\/v2\/media\/41119"}],"wp:attachment":[{"href":"https:\/\/mouldking.store\/es\/wp-json\/wp\/v2\/media?parent=41122"}],"wp:term":[{"taxonomy":"product_cat","embeddable":true,"href":"https:\/\/mouldking.store\/es\/wp-json\/wp\/v2\/product_cat?post=41122"},{"taxonomy":"product_tag","embeddable":true,"href":"https:\/\/mouldking.store\/es\/wp-json\/wp\/v2\/product_tag?post=41122"}],"curies":[{"name":"wp","href":"https:\/\/api.w.org\/{rel}","templated":true}]}}