{"id":41199,"date":"2023-02-06T11:03:04","date_gmt":"2023-02-06T04:03:04","guid":{"rendered":"https:\/\/mouldking.store\/shop\/moc-factory-89488-independence-hall-with-29583-pieces\/"},"modified":"2025-12-16T22:25:22","modified_gmt":"2025-12-16T15:25:22","slug":"moc-factory-89488-independence-hall-with-29583-pieces","status":"publish","type":"product","link":"https:\/\/mouldking.store\/es\/shop\/moc-factory-89488-independence-hall-with-29583-pieces\/","title":{"rendered":"MOC Factory 89488 Independence Hall con 29583 Piezas"},"content":{"rendered":"<div>\u2705 MOC-89488 Sal\u00f3n Independencia<\/p>\n<p>\u2705Independence Hall es un edificio hist\u00f3rico en Filadelfia, Pensilvania, Estados Unidos. Fue el sitio de algunos de los eventos m\u00e1s cr\u00edticos en la historia de Estados Unidos y desempe\u00f1\u00f3 un papel central en el movimiento de independencia del pa\u00eds. En 1776, el Congreso Continental se reuni\u00f3 en el Sal\u00f3n de la Independencia y adopt\u00f3 la Declaraci\u00f3n de Independencia, que proclam\u00f3 la independencia de las trece colonias americanas del dominio brit\u00e1nico. En 1787, el edificio fue sede de la Convenci\u00f3n Constitucional, donde se redact\u00f3 y firm\u00f3 la Constituci\u00f3n de los Estados Unidos. Hoy, Independence Hall es un Monumento Hist\u00f3rico Nacional que simboliza la independencia y la democracia de los Estados Unidos. Est\u00e1 abierto al p\u00fablico como museo y es un popular destino tur\u00edstico en Filadelfia.<\/p>\n<p>\ud83d\udeab \u00a1IMPORTANTE!<\/p>\n<p>Nombre del producto: Sal\u00f3n de la Independencia<\/p>\n<p>Categor\u00eda: Edificio Modular<\/p>\n<p>Este kit contiene: MOC-89488<\/p>\n<p>29583 piezas de ladrillos de buena calidad<\/p>\n<p>Peso: 24,7 kg<\/p>\n<p>Instrucciones en PDF<\/p>\n<p>\ud83d\udcccNaturaleza del protagonista<\/p>\n<p>Presentamos nuestra orgullosa colecci\u00f3n llamada &quot;Independence Hall&quot; que no debe perderse.<\/p>\n<p>Un conjunto de bloques de construcci\u00f3n de 29,583PCS, este producto est\u00e1 hecho de material de primera calidad que es consistente con las principales marcas de bloques de construcci\u00f3n, presenta un color preciso, una estructura firme y una sensaci\u00f3n c\u00f3moda en la mano para un f\u00e1cil desmontaje. Compatible con los conjuntos de bloques de construcci\u00f3n de las prestigiosas marcas de Denish, el producto incluye las piezas empacadas en bolsas y tipos separados, lo que reduce el costo y el tiempo de compra.<\/p><\/div>","protected":false},"excerpt":{"rendered":"<p>Marca: MOC Factory<br \/>\nG\u00e9nero: Unisex<br \/>\nRango de edad: &gt; 12 a\u00f1os<br \/>\nN\u00famero de modelo: 89488<br \/>\nClasificaci\u00f3n: Ensamblaje<br \/>\nForma de bloque de pl\u00e1stico: Ladrillos autoblocantes<br \/>\nMaterial: Pl\u00e1stico<br \/>\nTipo de pl\u00e1stico: ABS<br \/>\nLadrillos Bloques: 29583 +<br \/>\nOrganizar tiempo: 4-8 semanas<\/p>","protected":false},"featured_media":41193,"comment_status":"open","ping_status":"closed","template":"","meta":{"_acf_changed":false},"product_cat":[1395,390],"product_tag":[727,4883,392],"class_list":["product","first","instock","shipping-taxable","purchasable","product-type-simple"],"acf":[],"_links":{"self":[{"href":"https:\/\/mouldking.store\/es\/wp-json\/wp\/v2\/product\/41199","targetHints":{"allow":["GET"]}}],"collection":[{"href":"https:\/\/mouldking.store\/es\/wp-json\/wp\/v2\/product"}],"about":[{"href":"https:\/\/mouldking.store\/es\/wp-json\/wp\/v2\/types\/product"}],"replies":[{"embeddable":true,"href":"https:\/\/mouldking.store\/es\/wp-json\/wp\/v2\/comments?post=41199"}],"wp:featuredmedia":[{"embeddable":true,"href":"https:\/\/mouldking.store\/es\/wp-json\/wp\/v2\/media\/41193"}],"wp:attachment":[{"href":"https:\/\/mouldking.store\/es\/wp-json\/wp\/v2\/media?parent=41199"}],"wp:term":[{"taxonomy":"product_cat","embeddable":true,"href":"https:\/\/mouldking.store\/es\/wp-json\/wp\/v2\/product_cat?post=41199"},{"taxonomy":"product_tag","embeddable":true,"href":"https:\/\/mouldking.store\/es\/wp-json\/wp\/v2\/product_tag?post=41199"}],"curies":[{"name":"wp","href":"https:\/\/api.w.org\/{rel}","templated":true}]}}