{"id":41205,"date":"2023-02-06T11:11:19","date_gmt":"2023-02-06T04:11:19","guid":{"rendered":"https:\/\/mouldking.store\/shop\/moc-factory-89487-ireland-st-patricks-cathedral-medieval-castle-with-59878-pieces\/"},"modified":"2025-12-16T22:25:22","modified_gmt":"2025-12-16T15:25:22","slug":"moc-factory-89487-ireland-st-patricks-cathedral-medieval-castle-with-59878-pieces","status":"publish","type":"product","link":"https:\/\/mouldking.store\/es\/shop\/moc-factory-89487-ireland-st-patricks-cathedral-medieval-castle-with-59878-pieces\/","title":{"rendered":"MOC Factory 89487 Irlanda Catedral de San Patricio Castillo medieval con 59878 piezas"},"content":{"rendered":"<div>\u2705 MOC-89487 Irlanda Catedral de San Patricio Castillo medieval<\/p>\n<p>\u2705 La Catedral de San Patricio en Irlanda es una iglesia medieval ubicada en Dubl\u00edn, Irlanda. Es la iglesia m\u00e1s grande de Irlanda y fue construida en el siglo XIII en el sitio de una iglesia anterior que se cree que fue fundada por San Patricio, el santo patr\u00f3n de Irlanda. La catedral tiene una larga y rica historia, incluido un per\u00edodo de tiempo en el que sirvi\u00f3 como sede de la Iglesia de Irlanda. Durante la \u00e9poca medieval, la catedral fue fortificada como estructura defensiva y sirvi\u00f3 como castillo. La Catedral de San Patricio es un ejemplo importante de arquitectura medieval y ha sido restaurada extensamente a lo largo de los siglos. Hoy en d\u00eda, es un popular destino tur\u00edstico y un importante hito cultural e hist\u00f3rico en Dubl\u00edn, Irlanda.<\/p>\n<p>\ud83d\udeab \u00a1IMPORTANTE!<\/p>\n<p>Nombre del producto: Castillo medieval de la catedral de San Patricio de Irlanda<\/p>\n<p>Categor\u00eda: Edificio modular<\/p>\n<p>Este kit contiene: MOC-89487<\/p>\n<p>59878 piezas de ladrillos de buena calidad<\/p>\n<p>Peso: 50 kg<\/p>\n<p>Instrucciones en PDF<\/p>\n<p>\ud83d\udcccNaturaleza del protagonista<\/p>\n<p>Presentamos nuestra orgullosa colecci\u00f3n llamada &quot;Castillo medieval de la catedral de San Patricio de Irlanda&quot; que no debe perderse.<\/p>\n<p>El producto est\u00e1 dise\u00f1ado para ser lo m\u00e1s realista posible y la experiencia de construcci\u00f3n se ha modificado para que sea perfecto para un juguete y se pueda restaurar f\u00e1cilmente. El esquema de colores es \u00fanico y crea una pantalla impresionante, pero hace que sea divertido de construir.<\/p><\/div>","protected":false},"excerpt":{"rendered":"<p>Marca: MOC Factory<br \/>\nG\u00e9nero: Unisex<br \/>\nRango de edad: &gt; 12 a\u00f1os<br \/>\nN\u00famero de modelo: 89487<br \/>\nClasificaci\u00f3n: Ensamblaje<br \/>\nForma de bloque de pl\u00e1stico: Ladrillos autoblocantes<br \/>\nMaterial: Pl\u00e1stico<br \/>\nTipo de pl\u00e1stico: ABS<br \/>\nLadrillos Bloques: 59878 +<br \/>\nOrganizar tiempo: 4-8 semanas<\/p>","protected":false},"featured_media":41200,"comment_status":"open","ping_status":"closed","template":"","meta":{"_acf_changed":false},"product_cat":[1395,390],"product_tag":[727,787,4883,11225,5644,392],"class_list":["product","first","instock","shipping-taxable","purchasable","product-type-simple"],"acf":[],"_links":{"self":[{"href":"https:\/\/mouldking.store\/es\/wp-json\/wp\/v2\/product\/41205","targetHints":{"allow":["GET"]}}],"collection":[{"href":"https:\/\/mouldking.store\/es\/wp-json\/wp\/v2\/product"}],"about":[{"href":"https:\/\/mouldking.store\/es\/wp-json\/wp\/v2\/types\/product"}],"replies":[{"embeddable":true,"href":"https:\/\/mouldking.store\/es\/wp-json\/wp\/v2\/comments?post=41205"}],"wp:featuredmedia":[{"embeddable":true,"href":"https:\/\/mouldking.store\/es\/wp-json\/wp\/v2\/media\/41200"}],"wp:attachment":[{"href":"https:\/\/mouldking.store\/es\/wp-json\/wp\/v2\/media?parent=41205"}],"wp:term":[{"taxonomy":"product_cat","embeddable":true,"href":"https:\/\/mouldking.store\/es\/wp-json\/wp\/v2\/product_cat?post=41205"},{"taxonomy":"product_tag","embeddable":true,"href":"https:\/\/mouldking.store\/es\/wp-json\/wp\/v2\/product_tag?post=41205"}],"curies":[{"name":"wp","href":"https:\/\/api.w.org\/{rel}","templated":true}]}}