{"id":41217,"date":"2023-02-06T11:28:16","date_gmt":"2023-02-06T04:28:16","guid":{"rendered":"https:\/\/mouldking.store\/shop\/moc-factory-39493-btr-82a-apc-model-with-798-pieces\/"},"modified":"2025-12-16T22:25:22","modified_gmt":"2025-12-16T15:25:22","slug":"moc-factory-39493-btr-82a-apc-model-with-798-pieces","status":"publish","type":"product","link":"https:\/\/mouldking.store\/es\/shop\/moc-factory-39493-btr-82a-apc-model-with-798-pieces\/","title":{"rendered":"F\u00e1brica MOC 39493 BTR-82A | Modelo APC con 798 Piezas"},"content":{"rendered":"<div>\u2705 MOC-39493 BTR-82A | Modelo APC<\/p>\n<p>\u2705El BTR-82A es un modelo de transporte blindado de personal (APC) desarrollado por la empresa rusa Kurganmashzavod. Es una versi\u00f3n modernizada del BTR-80 APC, que es un veh\u00edculo ampliamente utilizado en el ej\u00e9rcito ruso. El BTR-82A est\u00e1 equipado con una serie de caracter\u00edsticas avanzadas, que incluyen una nueva generaci\u00f3n de blindaje, un motor m\u00e1s potente y sistemas mejorados de comunicaciones y control de incendios. El veh\u00edculo est\u00e1 dise\u00f1ado para transportar soldados de infanter\u00eda y su equipo al campo de batalla, brindar apoyo de fuego y llevar a cabo otras tareas espec\u00edficas de la misi\u00f3n.<\/p>\n<p>\ud83d\udeab \u00a1IMPORTANTE!<\/p>\n<p>Nombre del producto: BTR-82A | Modelo APC<\/p>\n<p>Categor\u00eda: Militar<\/p>\n<p>Este kit contiene: MOC-39493<\/p>\n<p>798 piezas de ladrillos de buena calidad<\/p>\n<p>Peso: 800g<\/p>\n<p>Instrucciones en PDF<\/p>\n<p>\ud83d\udcccNaturaleza del protagonista<\/p>\n<p>Presentamos nuestra orgullosa colecci\u00f3n llamada \u201cBTR-82A | Modelo APC\u201d que no debes perderte.<\/p>\n<p>Un nuevo y mejorado modelo MOC 41968 Leopard 2 A7 MBT que es imprescindible para todos los entusiastas militares. Nuestra versi\u00f3n modificada del dise\u00f1o original tiene partes interiores realistas que se combinan con un dise\u00f1o \u00fanico y combinaci\u00f3n de colores para crear un producto superior que se puede usar como coleccionable ornamental.<\/p><\/div>","protected":false},"excerpt":{"rendered":"<p>Marca: MOC Factory<br \/>\nG\u00e9nero: Unisex<br \/>\nRango de edad: &gt; 12 a\u00f1os<br \/>\nN\u00famero de modelo: 39493<br \/>\nClasificaci\u00f3n: Ensamblaje<br \/>\nForma de bloque de pl\u00e1stico: Ladrillos autoblocantes<br \/>\nMaterial: Pl\u00e1stico<br \/>\nTipo de pl\u00e1stico: ABS<br \/>\nLadrillos Bloques: 798 +<br \/>\nOrganizar tiempo: 4-8 semanas<\/p>","protected":false},"featured_media":41212,"comment_status":"open","ping_status":"closed","template":"","meta":{"_acf_changed":false},"product_cat":[1350,1357,372,364],"product_tag":[11228,11227,374,485,389],"class_list":["product","first","instock","shipping-taxable","purchasable","product-type-simple"],"acf":[],"_links":{"self":[{"href":"https:\/\/mouldking.store\/es\/wp-json\/wp\/v2\/product\/41217","targetHints":{"allow":["GET"]}}],"collection":[{"href":"https:\/\/mouldking.store\/es\/wp-json\/wp\/v2\/product"}],"about":[{"href":"https:\/\/mouldking.store\/es\/wp-json\/wp\/v2\/types\/product"}],"replies":[{"embeddable":true,"href":"https:\/\/mouldking.store\/es\/wp-json\/wp\/v2\/comments?post=41217"}],"wp:featuredmedia":[{"embeddable":true,"href":"https:\/\/mouldking.store\/es\/wp-json\/wp\/v2\/media\/41212"}],"wp:attachment":[{"href":"https:\/\/mouldking.store\/es\/wp-json\/wp\/v2\/media?parent=41217"}],"wp:term":[{"taxonomy":"product_cat","embeddable":true,"href":"https:\/\/mouldking.store\/es\/wp-json\/wp\/v2\/product_cat?post=41217"},{"taxonomy":"product_tag","embeddable":true,"href":"https:\/\/mouldking.store\/es\/wp-json\/wp\/v2\/product_tag?post=41217"}],"curies":[{"name":"wp","href":"https:\/\/api.w.org\/{rel}","templated":true}]}}