{"id":41241,"date":"2023-02-06T12:16:01","date_gmt":"2023-02-06T05:16:01","guid":{"rendered":"https:\/\/mouldking.store\/shop\/moc-factory-89485-diorama-duel-with-912-pieces\/"},"modified":"2025-12-16T22:25:21","modified_gmt":"2025-12-16T15:25:21","slug":"moc-factory-89485-diorama-duel-with-912-pieces","status":"publish","type":"product","link":"https:\/\/mouldking.store\/es\/shop\/moc-factory-89485-diorama-duel-with-912-pieces\/","title":{"rendered":"MOC Factory 89485 Diorama Duel con 912 Piezas"},"content":{"rendered":"<div>\u2705 MOC-89485 Duelo de dioramas&nbsp;<\/p>\n<p>\u2705\u00a1Diorama Duel es un nuevo juguete de bloques de construcci\u00f3n para los amantes de Star Wars! Diorama Duel no es solo un juguete de bloques de construcci\u00f3n, sino tambi\u00e9n un juego. El juego se puede jugar de muchas maneras, como batallas creadas por uno mismo y competiciones con amigos.<\/p>\n<p>\ud83d\udeab \u00a1IMPORTANTE!<\/p>\n<p>Nombre del producto: Duelo de dioramas&nbsp;<\/p>\n<p>Categor\u00eda: Guerra de las Galaxias<\/p>\n<p>Este kit contiene: MOC-89485<\/p>\n<p>912 piezas de ladrillos de buena calidad<\/p>\n<p>Tama\u00f1o: 19 cm\/largo 20 cm\/alto 10 cm<\/p>\n<p>Instrucciones en PDF<\/p>\n<p>\ud83d\udcccNaturaleza del protagonista<\/p>\n<p>Presentamos nuestra orgullosa colecci\u00f3n llamada &quot;Diorama Duel&quot; que no debe perderse.<\/p>\n<p>Diorama Duel es el juguete para ni\u00f1os basado en ladrillos m\u00e1s innovador que hemos visto en mucho tiempo. Este set de construcci\u00f3n permitir\u00e1 a nuestros hijos crear y exhibir sus propias escenas, usando los ladrillos incluidos para construir lo que imaginen.<\/p><\/div>","protected":false},"excerpt":{"rendered":"<p>Marca: MOC Factory<br \/>\nG\u00e9nero: Unisex<br \/>\nRango de edad: &gt; 12 a\u00f1os<br \/>\nN\u00famero de modelo: 89485<br \/>\nClasificaci\u00f3n: Ensamblaje<br \/>\nForma de bloque de pl\u00e1stico: Ladrillos autoblocantes<br \/>\nMaterial: Pl\u00e1stico<br \/>\nTipo de pl\u00e1stico: ABS<br \/>\nLadrillos Bloques: 912 +<br \/>\nOrganizar tiempo: 4-8 semanas<\/p>","protected":false},"featured_media":41239,"comment_status":"open","ping_status":"closed","template":"","meta":{"_acf_changed":false},"product_cat":[581,415,1408],"product_tag":[8784,10646,434,10659,436,11079],"class_list":["product","first","instock","shipping-taxable","purchasable","product-type-simple"],"acf":[],"_links":{"self":[{"href":"https:\/\/mouldking.store\/es\/wp-json\/wp\/v2\/product\/41241","targetHints":{"allow":["GET"]}}],"collection":[{"href":"https:\/\/mouldking.store\/es\/wp-json\/wp\/v2\/product"}],"about":[{"href":"https:\/\/mouldking.store\/es\/wp-json\/wp\/v2\/types\/product"}],"replies":[{"embeddable":true,"href":"https:\/\/mouldking.store\/es\/wp-json\/wp\/v2\/comments?post=41241"}],"wp:featuredmedia":[{"embeddable":true,"href":"https:\/\/mouldking.store\/es\/wp-json\/wp\/v2\/media\/41239"}],"wp:attachment":[{"href":"https:\/\/mouldking.store\/es\/wp-json\/wp\/v2\/media?parent=41241"}],"wp:term":[{"taxonomy":"product_cat","embeddable":true,"href":"https:\/\/mouldking.store\/es\/wp-json\/wp\/v2\/product_cat?post=41241"},{"taxonomy":"product_tag","embeddable":true,"href":"https:\/\/mouldking.store\/es\/wp-json\/wp\/v2\/product_tag?post=41241"}],"curies":[{"name":"wp","href":"https:\/\/api.w.org\/{rel}","templated":true}]}}