{"id":41247,"date":"2023-02-06T12:34:42","date_gmt":"2023-02-06T05:34:42","guid":{"rendered":"https:\/\/mouldking.store\/shop\/moc-factory-89484-wide-west-saloon-the-castle-architecture-with-6481-pieces\/"},"modified":"2025-12-16T22:25:21","modified_gmt":"2025-12-16T15:25:21","slug":"moc-factory-89484-wide-west-saloon-the-castle-architecture-with-6481-pieces","status":"publish","type":"product","link":"https:\/\/mouldking.store\/es\/shop\/moc-factory-89484-wide-west-saloon-the-castle-architecture-with-6481-pieces\/","title":{"rendered":"MOC Factory 89484 Wide West Saloon The Castle Architecture con 6481 piezas"},"content":{"rendered":"<div>\u2705 MOC-89484 Sal\u00f3n Ancho Oeste La Arquitectura del Castillo<\/p>\n<p>\u2705 El UCS Wide West Saloon es un modelo de arquitectura de castillo modular. Los bloques de construcci\u00f3n de este kit son compatibles con las principales marcas de ladrillos y los tipos de ladrillos incluyen muchos colores, como marr\u00f3n, negro, azul oscuro, azul claro y naranja. \u00a1Estos bloques funcionar\u00e1n para aquellos que quieran construir un MOC de serie occidental o ladrillos tecnol\u00f3gicos de aldea rural!<\/p>\n<p>\ud83d\udeab \u00a1IMPORTANTE!<\/p>\n<p>Nombre del producto: Wide West Saloon The Castle Architecture<\/p>\n<p>Categor\u00eda: Edificio Modular<\/p>\n<p>Este kit contiene: MOC-89484<\/p>\n<p>6481 piezas de ladrillos de buena calidad<\/p>\n<p>Instrucciones en PDF<\/p>\n<p>\ud83d\udcccNaturaleza del protagonista<\/p>\n<p>Presentamos nuestra orgullosa colecci\u00f3n llamada &quot;Wide West Saloon The Castle Architecture&quot; que no debe perderse.<\/p>\n<p>UCS Wide West Saloon The Castle Architecture es un conjunto de bloques MOC de estilo Western Series. Todos est\u00e1n hechos de material ABS duradero, de alta calidad y ecol\u00f3gico. Al mismo tiempo, tambi\u00e9n son f\u00e1ciles de armar, lo que se puede hacer como regalo de Navidad (u otras fiestas) para ni\u00f1os y adultos. Con estos bloques, puedes crear tus propias ciudades y pueblos de estilo occidental.<\/p><\/div>","protected":false},"excerpt":{"rendered":"<p>Marca: MOC Factory<br \/>\nG\u00e9nero: Unisex<br \/>\nRango de edad: &gt; 12 a\u00f1os<br \/>\nN\u00famero de modelo: 89484<br \/>\nClasificaci\u00f3n: Ensamblaje<br \/>\nForma de bloque de pl\u00e1stico: Ladrillos autoblocantes<br \/>\nMaterial: Pl\u00e1stico<br \/>\nTipo de pl\u00e1stico: ABS<br \/>\nLadrillos Bloques: 6481 +<br \/>\nOrganizar tiempo: 4-8 semanas<\/p>","protected":false},"featured_media":41242,"comment_status":"open","ping_status":"closed","template":"","meta":{"_acf_changed":false},"product_cat":[1395,390],"product_tag":[787,4883,11099,392,4093,6373,9100],"class_list":["product","first","instock","shipping-taxable","purchasable","product-type-simple"],"acf":[],"_links":{"self":[{"href":"https:\/\/mouldking.store\/es\/wp-json\/wp\/v2\/product\/41247","targetHints":{"allow":["GET"]}}],"collection":[{"href":"https:\/\/mouldking.store\/es\/wp-json\/wp\/v2\/product"}],"about":[{"href":"https:\/\/mouldking.store\/es\/wp-json\/wp\/v2\/types\/product"}],"replies":[{"embeddable":true,"href":"https:\/\/mouldking.store\/es\/wp-json\/wp\/v2\/comments?post=41247"}],"wp:featuredmedia":[{"embeddable":true,"href":"https:\/\/mouldking.store\/es\/wp-json\/wp\/v2\/media\/41242"}],"wp:attachment":[{"href":"https:\/\/mouldking.store\/es\/wp-json\/wp\/v2\/media?parent=41247"}],"wp:term":[{"taxonomy":"product_cat","embeddable":true,"href":"https:\/\/mouldking.store\/es\/wp-json\/wp\/v2\/product_cat?post=41247"},{"taxonomy":"product_tag","embeddable":true,"href":"https:\/\/mouldking.store\/es\/wp-json\/wp\/v2\/product_tag?post=41247"}],"curies":[{"name":"wp","href":"https:\/\/api.w.org\/{rel}","templated":true}]}}