{"id":41265,"date":"2023-02-07T09:40:07","date_gmt":"2023-02-07T02:40:07","guid":{"rendered":"https:\/\/mouldking.store\/shop\/lw-2098-iron-mech-anti-hulk-armor-with-4448-pieces\/"},"modified":"2024-12-31T17:00:47","modified_gmt":"2024-12-31T10:00:47","slug":"lw-2098-iron-mech-anti-hulk-armor-with-4448-pieces","status":"publish","type":"product","link":"https:\/\/mouldking.store\/es\/shop\/lw-2098-iron-mech-anti-hulk-armor-with-4448-pieces\/","title":{"rendered":"LW 2098 Iron Mech Anti-Hulk Armor con 4448 piezas"},"content":{"rendered":"<div>\u2705 Armadura anti-Hulk mec\u00e1nica de hierro LW 2098<\/p>\n<\/div>\n<div>\u2705Iron Mech Anti-Hulk Armor es una tecnolog\u00eda ficticia del universo Marvel Comics, dise\u00f1ada espec\u00edficamente para usarse contra el Incre\u00edble Hulk. Es un exo-traje blindado, equipado con armas y otra tecnolog\u00eda espec\u00edficamente dise\u00f1ada para combatir la inmensa fuerza y durabilidad de Hulk. La armadura Iron Mech Anti-Hulk fue creada por Tony Stark, tambi\u00e9n conocido como Iron Man, para ayudar a proteger al mundo del poder destructivo de Hulk.<\/p>\n<\/div>\n<div>\ud83d\udeab \u00a1IMPORTANTE!<\/p>\n<\/div>\n<div>Nombre del producto: armadura anti-Hulk Iron Mech<\/p>\n<\/div>\n<div>Categor\u00eda: Pel\u00edcula<\/p>\n<\/div>\n<div>Este kit contiene: LW 2098<\/p>\n<\/div>\n<div>4448 piezas de ladrillos de buena calidad<\/p>\n<\/div>\n<div>Tama\u00f1o: 37 \u00d7 17 \u00d7 45,5 cm<\/p>\n<\/div>\n<div>Instrucciones manuales<\/p>\n<\/div>\n<div>\ud83d\udcccNaturaleza del protagonista<\/p>\n<\/div>\n<div>Presentamos nuestra orgullosa colecci\u00f3n llamada &quot;Iron Mech Anti-Hulk Armor&quot; que no debe perderse.<\/p>\n<\/div>\n<div>Iron Mech Anti-Hulk Armor es un exo-traje ficticio creado por Tony Stark, tambi\u00e9n conocido como Iron Man, en el universo de Marvel Comics. Est\u00e1 dise\u00f1ado espec\u00edficamente para combatir al Incre\u00edble Hulk, una de las fuerzas m\u00e1s poderosas y destructivas del universo Marvel. Iron Mech Anti-Hulk Armor est\u00e1 equipado con armas, tecnolog\u00eda y armaduras avanzadas para contrarrestar la inmensa fuerza y durabilidad de Hulk, lo que la convierte en una de las pocas armas capaces de detener al arrasador superh\u00e9roe. Esta armadura se ve como un \u00faltimo recurso para proteger a la humanidad y mantener el orden frente al poder abrumador de Hulk.<\/div>","protected":false},"excerpt":{"rendered":"<p>Marca: LW<br \/>\nG\u00e9nero: Unisex<br \/>\nRango de edad: &gt; 6 a\u00f1os<br \/>\nN\u00famero de modelo: 2098<br \/>\nClasificaci\u00f3n: Ensamblaje<br \/>\nForma de bloque de pl\u00e1stico: Ladrillos autoblocantes<br \/>\nMaterial: Pl\u00e1stico<br \/>\nTipo de pl\u00e1stico: ABS<br \/>\nLadrillos Bloques: 4448 +<br \/>\nNinguna caja<\/p>","protected":false},"featured_media":41260,"comment_status":"open","ping_status":"closed","template":"","meta":{"_acf_changed":false},"product_cat":[1365,581,1408],"product_tag":[11234,11148,8452,9139,11232,11233,434,2462],"class_list":["product","first","instock","shipping-taxable","purchasable","product-type-simple"],"acf":[],"_links":{"self":[{"href":"https:\/\/mouldking.store\/es\/wp-json\/wp\/v2\/product\/41265","targetHints":{"allow":["GET"]}}],"collection":[{"href":"https:\/\/mouldking.store\/es\/wp-json\/wp\/v2\/product"}],"about":[{"href":"https:\/\/mouldking.store\/es\/wp-json\/wp\/v2\/types\/product"}],"replies":[{"embeddable":true,"href":"https:\/\/mouldking.store\/es\/wp-json\/wp\/v2\/comments?post=41265"}],"wp:featuredmedia":[{"embeddable":true,"href":"https:\/\/mouldking.store\/es\/wp-json\/wp\/v2\/media\/41260"}],"wp:attachment":[{"href":"https:\/\/mouldking.store\/es\/wp-json\/wp\/v2\/media?parent=41265"}],"wp:term":[{"taxonomy":"product_cat","embeddable":true,"href":"https:\/\/mouldking.store\/es\/wp-json\/wp\/v2\/product_cat?post=41265"},{"taxonomy":"product_tag","embeddable":true,"href":"https:\/\/mouldking.store\/es\/wp-json\/wp\/v2\/product_tag?post=41265"}],"curies":[{"name":"wp","href":"https:\/\/api.w.org\/{rel}","templated":true}]}}