{"id":41300,"date":"2023-02-07T11:44:38","date_gmt":"2023-02-07T04:44:38","guid":{"rendered":"https:\/\/mouldking.store\/shop\/moc-factory-103088-museum-of-natural-history-with-2604-pieces\/"},"modified":"2025-12-16T22:25:21","modified_gmt":"2025-12-16T15:25:21","slug":"moc-factory-103088-museum-of-natural-history-with-2604-pieces","status":"publish","type":"product","link":"https:\/\/mouldking.store\/es\/shop\/moc-factory-103088-museum-of-natural-history-with-2604-pieces\/","title":{"rendered":"MOC Factory 103088 Museo de Historia Natural con 2604 Piezas"},"content":{"rendered":"<div>\u2705 MOC-103088 Museo de Historia Natural<\/p>\n<p>\u2705 El Museo Americano de Historia Natural (AMNH) es una instituci\u00f3n cient\u00edfica y cultural de renombre mundial ubicada en la ciudad de Nueva York. Establecido en 1869, es uno de los museos m\u00e1s grandes de su tipo en el mundo, con m\u00e1s de 46 salas de exhibici\u00f3n y una colecci\u00f3n de m\u00e1s de 32 millones de espec\u00edmenes y artefactos culturales. Las colecciones y la investigaci\u00f3n del museo cubren una amplia gama de temas, incluida la antropolog\u00eda, la biolog\u00eda.<\/p>\n<p>\ud83d\udeab \u00a1IMPORTANTE!<\/p>\n<p>Nombre del producto: Museo de Historia Natural<\/p>\n<p>Categor\u00eda: Edificio Modular<\/p>\n<p>Este kit contiene: MOC-103088<\/p>\n<p>2604 piezas de ladrillos de buena calidad<\/p>\n<p>Tama\u00f1o: 38,4x25,6x36 cm<\/p>\n<p>Instrucciones en PDF<\/p>\n<p>\ud83d\udcccNaturaleza del protagonista<\/p>\n<p>Presentamos nuestra orgullosa colecci\u00f3n llamada &quot;Museo de Historia Natural&quot; que no debe perderse.<\/p>\n<p>Los bloques de construcci\u00f3n del Museo de Historia Natural son el regalo perfecto para cualquier aspirante a arquitecto, dise\u00f1ador de interiores o trabajador de la construcci\u00f3n. Estos bloques brindan horas de diversi\u00f3n y entretenimiento, as\u00ed como valor educativo gracias a su dise\u00f1o de alta calidad. Este conjunto incluye una gu\u00eda para ayudarlo a construir el museo de sus sue\u00f1os de la A a la Z, para simular la experiencia de la vida real de dise\u00f1ar y construir este tipo de edificios.<\/p><\/div>","protected":false},"excerpt":{"rendered":"<p>Marca: MOC Factory<br \/>\nG\u00e9nero: Unisex<br \/>\nRango de edad: &gt; 12 a\u00f1os<br \/>\nN\u00famero de modelo: 103088<br \/>\nClasificaci\u00f3n: Ensamblaje<br \/>\nForma de bloque de pl\u00e1stico: Ladrillos autoblocantes<br \/>\nMaterial: Pl\u00e1stico<br \/>\nTipo de pl\u00e1stico: ABS<br \/>\nLadrillos Bloques: 2604 +<br \/>\nOrganizar tiempo: 4-8 semanas<\/p>","protected":false},"featured_media":41296,"comment_status":"open","ping_status":"closed","template":"","meta":{"_acf_changed":false},"product_cat":[1395,390],"product_tag":[11244,4883,11243,5679,392,3244],"class_list":["product","first","instock","shipping-taxable","purchasable","product-type-simple"],"acf":[],"_links":{"self":[{"href":"https:\/\/mouldking.store\/es\/wp-json\/wp\/v2\/product\/41300","targetHints":{"allow":["GET"]}}],"collection":[{"href":"https:\/\/mouldking.store\/es\/wp-json\/wp\/v2\/product"}],"about":[{"href":"https:\/\/mouldking.store\/es\/wp-json\/wp\/v2\/types\/product"}],"replies":[{"embeddable":true,"href":"https:\/\/mouldking.store\/es\/wp-json\/wp\/v2\/comments?post=41300"}],"wp:featuredmedia":[{"embeddable":true,"href":"https:\/\/mouldking.store\/es\/wp-json\/wp\/v2\/media\/41296"}],"wp:attachment":[{"href":"https:\/\/mouldking.store\/es\/wp-json\/wp\/v2\/media?parent=41300"}],"wp:term":[{"taxonomy":"product_cat","embeddable":true,"href":"https:\/\/mouldking.store\/es\/wp-json\/wp\/v2\/product_cat?post=41300"},{"taxonomy":"product_tag","embeddable":true,"href":"https:\/\/mouldking.store\/es\/wp-json\/wp\/v2\/product_tag?post=41300"}],"curies":[{"name":"wp","href":"https:\/\/api.w.org\/{rel}","templated":true}]}}