{"id":41320,"date":"2023-02-07T12:16:53","date_gmt":"2023-02-07T05:16:53","guid":{"rendered":"https:\/\/mouldking.store\/shop\/moc-factory-49304-rocinante-the-expanse-with-5351-pieces\/"},"modified":"2025-12-16T22:25:21","modified_gmt":"2025-12-16T15:25:21","slug":"moc-factory-49304-rocinante-the-expanse-with-5351-pieces","status":"publish","type":"product","link":"https:\/\/mouldking.store\/es\/shop\/moc-factory-49304-rocinante-the-expanse-with-5351-pieces\/","title":{"rendered":"MOC Factory 49304 Rocinante \u2013 La Expansi\u00f3n con 5351 Piezas"},"content":{"rendered":"<div>\u2705 MOC-49304 Rocinante \u2013 La Extensi\u00f3n<\/p>\n<p>\u2705 Rocinante es una nave espacial ficticia en la serie de televisi\u00f3n \u201cThe Expanse\u201d. Es una ca\u00f1onera marciana que se ha convertido en una nave de transporte y sirve como escenario principal para gran parte de la serie. La nave est\u00e1 capitaneada por el personaje principal, James Holden, y sirve como hogar y base de operaciones para su tripulaci\u00f3n mientras navegan por el complejo y peligroso panorama pol\u00edtico del futuro Sistema Solar. El nombre \u201cRocinante\u201d es una referencia al caballo de Don Quijote en la novela \u201cDon Quijote\u201d de Miguel de Cervantes.<\/p>\n<p>\ud83d\udeab \u00a1IMPORTANTE!<\/p>\n<p>Nombre del producto: Rocinante \u2013 La Expansi\u00f3n<\/p>\n<p>Categor\u00eda: Espacio<\/p>\n<p>Este kit contiene: MOC-49304<\/p>\n<p>5351 piezas de ladrillos de buena calidad<\/p>\n<p>Peso: 6000g<\/p>\n<p>Instrucciones en PDF<\/p>\n<p>\ud83d\udcccNaturaleza del protagonista<\/p>\n<p>Presentamos nuestra orgullosa colecci\u00f3n llamada &quot;Rocinante - The Expanse&quot; que no debe perderse.<\/p>\n<p>Rocinante es la nave espacial en The Expanse. Este kit modelo est\u00e1 hecho de material ABS de alta calidad, inodoro y ecol\u00f3gico para una sensaci\u00f3n suave al tacto y un montaje seguro. Es rentable con total perfecci\u00f3n y simulaci\u00f3n del dise\u00f1o original. \u00a1El modelo est\u00e1 lleno de instalaciones interiores completas y detalles delicados para hacer realidad sus sue\u00f1os del espacio exterior!<\/p>\n<\/div>","protected":false},"excerpt":{"rendered":"<p>Marca: MOC Factory<br \/>\nG\u00e9nero: Unisex<br \/>\nRango de edad: &gt; 12 a\u00f1os<br \/>\nN\u00famero de modelo: 49304<br \/>\nClasificaci\u00f3n: Ensamblaje<br \/>\nForma de bloque de pl\u00e1stico: Ladrillos autoblocantes<br \/>\nMaterial: Pl\u00e1stico<br \/>\nTipo de pl\u00e1stico: ABS<br \/>\nLadrillos Bloques: 5351 +<br \/>\nOrganizar tiempo: 4-8 semanas<\/p>","protected":false},"featured_media":41314,"comment_status":"open","ping_status":"closed","template":"","meta":{"_acf_changed":false},"product_cat":[1357,6016,364],"product_tag":[9338,2276,389],"class_list":["product","first","instock","shipping-taxable","purchasable","product-type-simple"],"acf":[],"_links":{"self":[{"href":"https:\/\/mouldking.store\/es\/wp-json\/wp\/v2\/product\/41320","targetHints":{"allow":["GET"]}}],"collection":[{"href":"https:\/\/mouldking.store\/es\/wp-json\/wp\/v2\/product"}],"about":[{"href":"https:\/\/mouldking.store\/es\/wp-json\/wp\/v2\/types\/product"}],"replies":[{"embeddable":true,"href":"https:\/\/mouldking.store\/es\/wp-json\/wp\/v2\/comments?post=41320"}],"wp:featuredmedia":[{"embeddable":true,"href":"https:\/\/mouldking.store\/es\/wp-json\/wp\/v2\/media\/41314"}],"wp:attachment":[{"href":"https:\/\/mouldking.store\/es\/wp-json\/wp\/v2\/media?parent=41320"}],"wp:term":[{"taxonomy":"product_cat","embeddable":true,"href":"https:\/\/mouldking.store\/es\/wp-json\/wp\/v2\/product_cat?post=41320"},{"taxonomy":"product_tag","embeddable":true,"href":"https:\/\/mouldking.store\/es\/wp-json\/wp\/v2\/product_tag?post=41320"}],"curies":[{"name":"wp","href":"https:\/\/api.w.org\/{rel}","templated":true}]}}