{"id":41366,"date":"2023-02-08T10:30:20","date_gmt":"2023-02-08T03:30:20","guid":{"rendered":"https:\/\/mouldking.store\/shop\/wange-2889-s89-engineering-forklift-with-94-pieces\/"},"modified":"2023-02-08T10:30:20","modified_gmt":"2023-02-08T03:30:20","slug":"wange-2889-s89-engineering-forklift-with-94-pieces","status":"publish","type":"product","link":"https:\/\/mouldking.store\/es\/shop\/wange-2889-s89-engineering-forklift-with-94-pieces\/","title":{"rendered":"Carretilla elevadora de ingenier\u00eda WANGE 2889 S89 con 94 piezas"},"content":{"rendered":"<div>\u2705 Carretilla elevadora de ingenier\u00eda WANGE 2889 S89<\/p>\n<p>\u2705 El montacargas de ingenier\u00eda S89 es un montacargas a gran escala con tecnolog\u00eda avanzada. Con la ayuda de su sistema de energ\u00eda de alta calidad y su sorprendente direcci\u00f3n, se puede aplicar a muchas industrias, incluidas la miner\u00eda, la transferencia, la operaci\u00f3n portuaria, la construcci\u00f3n y m\u00e1s.<\/p>\n<p>\ud83d\udeab \u00a1IMPORTANTE!<\/p>\n<p>Nombre del producto: Carretilla elevadora de ingenier\u00eda S89<\/p>\n<p>Categor\u00eda: T\u00e9cnica<\/p>\n<p>Este kit contiene: WANGE 2889<\/p>\n<p>94 piezas de ladrillos de buena calidad<\/p>\n<p>Tama\u00f1o: 15,9 \u00d7 6,4 \u00d7 8,6 cm<\/p>\n<p>Instrucciones manuales<\/p>\n<p>\ud83d\udcccNaturaleza del protagonista<\/p>\n<p>Presentamos nuestra orgullosa colecci\u00f3n llamada &quot;Carretilla elevadora de ingenier\u00eda S89&quot; que no debe perderse.<\/p>\n<p>La carretilla elevadora de ingenier\u00eda S89 pertenece al conjunto de bloques de construcci\u00f3n de la serie city, y todo el conjunto contiene 94 part\u00edculas de bloques de construcci\u00f3n. Primer lanzamiento en 2022.<\/p><\/div>","protected":false},"excerpt":{"rendered":"<p>Marca: WANGE<br \/>\nG\u00e9nero: Unisex<br \/>\nRango de edad: &gt; 6 a\u00f1os<br \/>\nN\u00famero de modelo: 2889<br \/>\nClasificaci\u00f3n: Ensamblaje<br \/>\nForma de bloque de pl\u00e1stico: Ladrillos autoblocantes<br \/>\nMaterial: Pl\u00e1stico<br \/>\nTipo de pl\u00e1stico: ABS<br \/>\nLadrillos Bloques: 94 +<br \/>\nPreventa<\/p>","protected":false},"featured_media":41364,"comment_status":"open","ping_status":"closed","template":"","meta":{"_acf_changed":false},"product_cat":[1357,364],"product_tag":[11140,2779,389,11080],"class_list":["product","first","instock","shipping-taxable","purchasable","product-type-simple"],"acf":[],"_links":{"self":[{"href":"https:\/\/mouldking.store\/es\/wp-json\/wp\/v2\/product\/41366","targetHints":{"allow":["GET"]}}],"collection":[{"href":"https:\/\/mouldking.store\/es\/wp-json\/wp\/v2\/product"}],"about":[{"href":"https:\/\/mouldking.store\/es\/wp-json\/wp\/v2\/types\/product"}],"replies":[{"embeddable":true,"href":"https:\/\/mouldking.store\/es\/wp-json\/wp\/v2\/comments?post=41366"}],"wp:featuredmedia":[{"embeddable":true,"href":"https:\/\/mouldking.store\/es\/wp-json\/wp\/v2\/media\/41364"}],"wp:attachment":[{"href":"https:\/\/mouldking.store\/es\/wp-json\/wp\/v2\/media?parent=41366"}],"wp:term":[{"taxonomy":"product_cat","embeddable":true,"href":"https:\/\/mouldking.store\/es\/wp-json\/wp\/v2\/product_cat?post=41366"},{"taxonomy":"product_tag","embeddable":true,"href":"https:\/\/mouldking.store\/es\/wp-json\/wp\/v2\/product_tag?post=41366"}],"curies":[{"name":"wp","href":"https:\/\/api.w.org\/{rel}","templated":true}]}}