{"id":41382,"date":"2023-02-08T11:05:31","date_gmt":"2023-02-08T04:05:31","guid":{"rendered":"https:\/\/mouldking.store\/shop\/moc-factory-71401-oriental-palace-architecture-with-6945-pieces\/"},"modified":"2025-12-16T22:25:21","modified_gmt":"2025-12-16T15:25:21","slug":"moc-factory-71401-oriental-palace-architecture-with-6945-pieces","status":"publish","type":"product","link":"https:\/\/mouldking.store\/es\/shop\/moc-factory-71401-oriental-palace-architecture-with-6945-pieces\/","title":{"rendered":"MOC Factory 71401 Palacio Oriental Arquitectura con 6945 Piezas"},"content":{"rendered":"<div>\u2705 MOC-71401 Arquitectura del Palacio Oriental<\/p>\n<p>\u2705La arquitectura del palacio oriental tiene una arquitectura de palacio oriental hermosa y detallada que ser\u00e1 una bonita decoraci\u00f3n para su casa. Los bloques de construcci\u00f3n est\u00e1n hechos de material ABS de primera calidad, inodoro y ecol\u00f3gico para una sensaci\u00f3n suave al tacto y un montaje seguro.&nbsp;<\/p>\n<p>\ud83d\udeab \u00a1IMPORTANTE!<\/p>\n<p>Nombre del producto: Arquitectura del Palacio Oriental<\/p>\n<p>Categor\u00eda: Edificio Modular<\/p>\n<p>Este kit contiene: MOC-71401<\/p>\n<p>6945 piezas de ladrillos de buena calidad<\/p>\n<p>Peso: 8000g<\/p>\n<p>Instrucciones en PDF<\/p>\n<p>\ud83d\udcccNaturaleza del protagonista<\/p>\n<p>Presentamos nuestra orgullosa colecci\u00f3n llamada &quot;Arquitectura del Palacio Oriental&quot; que no debe perderse.<\/p>\n<p>El conjunto de bloques de construcci\u00f3n Oriental Palace Architecture est\u00e1 hecho de material de primera calidad, inodoro y ecol\u00f3gico para una sensaci\u00f3n suave en la mano. El juguete viene con instrucciones electr\u00f3nicas claras y f\u00e1ciles de seguir en una unidad USB para aquellos que son nuevos en el mundo de los bloques de construcci\u00f3n.<\/p><\/div>","protected":false},"excerpt":{"rendered":"<p>Marca: MOC Factory<br \/>\nG\u00e9nero: Unisex<br \/>\nRango de edad: &gt; 12 a\u00f1os<br \/>\nN\u00famero de modelo: 71401<br \/>\nClasificaci\u00f3n: Ensamblaje<br \/>\nForma de bloque de pl\u00e1stico: Ladrillos autoblocantes<br \/>\nMaterial: Pl\u00e1stico<br \/>\nTipo de pl\u00e1stico: ABS<br \/>\nLadrillos Bloques: 6945 +<br \/>\nOrganizar tiempo: 4-8 semanas<\/p>","protected":false},"featured_media":41376,"comment_status":"open","ping_status":"closed","template":"","meta":{"_acf_changed":false},"product_cat":[1395,390],"product_tag":[11260,727,4883,392,11259,4581],"class_list":["product","first","instock","shipping-taxable","purchasable","product-type-simple"],"acf":[],"_links":{"self":[{"href":"https:\/\/mouldking.store\/es\/wp-json\/wp\/v2\/product\/41382","targetHints":{"allow":["GET"]}}],"collection":[{"href":"https:\/\/mouldking.store\/es\/wp-json\/wp\/v2\/product"}],"about":[{"href":"https:\/\/mouldking.store\/es\/wp-json\/wp\/v2\/types\/product"}],"replies":[{"embeddable":true,"href":"https:\/\/mouldking.store\/es\/wp-json\/wp\/v2\/comments?post=41382"}],"wp:featuredmedia":[{"embeddable":true,"href":"https:\/\/mouldking.store\/es\/wp-json\/wp\/v2\/media\/41376"}],"wp:attachment":[{"href":"https:\/\/mouldking.store\/es\/wp-json\/wp\/v2\/media?parent=41382"}],"wp:term":[{"taxonomy":"product_cat","embeddable":true,"href":"https:\/\/mouldking.store\/es\/wp-json\/wp\/v2\/product_cat?post=41382"},{"taxonomy":"product_tag","embeddable":true,"href":"https:\/\/mouldking.store\/es\/wp-json\/wp\/v2\/product_tag?post=41382"}],"curies":[{"name":"wp","href":"https:\/\/api.w.org\/{rel}","templated":true}]}}