{"id":41397,"date":"2023-02-08T11:36:15","date_gmt":"2023-02-08T04:36:15","guid":{"rendered":"https:\/\/mouldking.store\/shop\/moc-factory-60901-the-crystal-ship-with-662-pieces\/"},"modified":"2025-12-16T22:25:20","modified_gmt":"2025-12-16T15:25:20","slug":"moc-factory-60901-the-crystal-ship-with-662-pieces","status":"publish","type":"product","link":"https:\/\/mouldking.store\/es\/shop\/moc-factory-60901-the-crystal-ship-with-662-pieces\/","title":{"rendered":"MOC Factory 60901 El barco de cristal con 662 piezas"},"content":{"rendered":"<div>\u2705 MOC-60901 El barco de cristal<\/p>\n<p>\u2705 El barco de cristal es un conjunto de construcci\u00f3n artesanal \u00fanico en su tipo que est\u00e1 hecho de materiales ecol\u00f3gicos y de alta calidad. Los bloques vienen con una unidad USB que contiene instrucciones f\u00e1ciles de seguir. Alienta a los ni\u00f1os desde los tres a\u00f1os a aprender c\u00f3mo construir desde estructuras b\u00e1sicas hasta estructuras m\u00e1s complejas.<\/p>\n<p>\ud83d\udeab \u00a1IMPORTANTE!<\/p>\n<p>Nombre del producto: El barco de cristal<\/p>\n<p>Categor\u00eda: T\u00e9cnica<\/p>\n<p>Este kit contiene: MOC-60901&nbsp;<\/p>\n<p>662 piezas de ladrillos de buena calidad<\/p>\n<p>Peso: 1000g<\/p>\n<p>Instrucciones en PDF<\/p>\n<p>\ud83d\udcccNaturaleza del protagonista<\/p>\n<p>Presentamos nuestra orgullosa colecci\u00f3n llamada &quot;The Crystal Ship&quot; que no debe perderse.<\/p>\n<p>Crystal Ship es un innovador conjunto de bloques de construcci\u00f3n que combina un juguete de la vieja escuela con la tecnolog\u00eda, lo que le brinda instrucciones electr\u00f3nicas interactivas y un manual de ensamblaje claro.<\/p><\/div>","protected":false},"excerpt":{"rendered":"<p>Marca: MOC Factory<br \/>\nG\u00e9nero: Unisex<br \/>\nRango de edad: &gt; 12 a\u00f1os<br \/>\nN\u00famero de modelo: 60901<br \/>\nClasificaci\u00f3n: Ensamblaje<br \/>\nForma de bloque de pl\u00e1stico: Ladrillos autoblocantes<br \/>\nMaterial: Pl\u00e1stico<br \/>\nTipo de pl\u00e1stico: ABS<br \/>\nLadrillos Bloques: 662 +<br \/>\nOrganizar tiempo: 4-8 semanas<\/p>","protected":false},"featured_media":41393,"comment_status":"open","ping_status":"closed","template":"","meta":{"_acf_changed":false},"product_cat":[1357,364],"product_tag":[729,304,389,11080],"class_list":["product","first","instock","shipping-taxable","purchasable","product-type-simple"],"acf":[],"_links":{"self":[{"href":"https:\/\/mouldking.store\/es\/wp-json\/wp\/v2\/product\/41397","targetHints":{"allow":["GET"]}}],"collection":[{"href":"https:\/\/mouldking.store\/es\/wp-json\/wp\/v2\/product"}],"about":[{"href":"https:\/\/mouldking.store\/es\/wp-json\/wp\/v2\/types\/product"}],"replies":[{"embeddable":true,"href":"https:\/\/mouldking.store\/es\/wp-json\/wp\/v2\/comments?post=41397"}],"wp:featuredmedia":[{"embeddable":true,"href":"https:\/\/mouldking.store\/es\/wp-json\/wp\/v2\/media\/41393"}],"wp:attachment":[{"href":"https:\/\/mouldking.store\/es\/wp-json\/wp\/v2\/media?parent=41397"}],"wp:term":[{"taxonomy":"product_cat","embeddable":true,"href":"https:\/\/mouldking.store\/es\/wp-json\/wp\/v2\/product_cat?post=41397"},{"taxonomy":"product_tag","embeddable":true,"href":"https:\/\/mouldking.store\/es\/wp-json\/wp\/v2\/product_tag?post=41397"}],"curies":[{"name":"wp","href":"https:\/\/api.w.org\/{rel}","templated":true}]}}