{"id":41486,"date":"2023-02-13T09:50:43","date_gmt":"2023-02-13T02:50:43","guid":{"rendered":"https:\/\/mouldking.store\/shop\/loz-1072-sichuan-style-hot-pot-with-4344-pieces\/"},"modified":"2023-02-13T09:50:43","modified_gmt":"2023-02-13T02:50:43","slug":"loz-1072-sichuan-style-hot-pot-with-4344-pieces","status":"publish","type":"product","link":"https:\/\/mouldking.store\/es\/shop\/loz-1072-sichuan-style-hot-pot-with-4344-pieces\/","title":{"rendered":"LOZ 1072 Olla estilo Sichuan con 4344 piezas"},"content":{"rendered":"<div>\u2705 LOZ 1072 Olla estilo Sichuan<\/p>\n<p>\u2705La olla caliente estilo Sichuan es un tipo de olla caliente que se origina en la provincia china de Sichuan. Es un tipo de comida comunal donde los comensales cocinan una variedad de ingredientes crudos en una olla hirviendo a fuego lento con caldo sabroso colocado en el centro de la mesa. El caldo para la olla caliente al estilo de Sichuan es t\u00edpicamente picante y arom\u00e1tico, hecho con una mezcla de especias y condimentos, incluidos los granos de pimienta de Sichuan, el jengibre, el ajo y los chiles.<\/p>\n<p>\ud83d\udeab \u00a1IMPORTANTE!<\/p>\n<p>Nombre del producto: olla caliente estilo Sichuan<\/p>\n<p>Categor\u00eda: Creador<\/p>\n<p>Este kit contiene: LOZ 1072<\/p>\n<p>4344 piezas de ladrillos de buena calidad<\/p>\n<p>Instrucciones manuales<\/p>\n<p>\ud83d\udcccNaturaleza del protagonista<\/p>\n<p>Presentamos nuestra orgullosa colecci\u00f3n llamada &quot;Olla caliente estilo Sichuan&quot; que no debe perderse.<\/p>\n<p>En una comida de olla caliente al estilo de Sichuan, los comensales seleccionan ingredientes crudos como carnes (como ternera, cordero o pollo), mariscos, verduras y fideos, y los cocinan en el caldo en la mesa. Una vez que los ingredientes est\u00e1n cocidos, por lo general se sirven con salsas para mojar y condimentos, como salsa de soya, vinagre y aceite de chile, para agregar a\u00fan m\u00e1s sabor a la comida. Bloques de construcci\u00f3n de olla caliente con sabor a Sichuan Shiwan cuenta con 4344 bloques de construcci\u00f3n diferentes que le permitir\u00e1n crear una variedad de platos de cocina. No importa cu\u00e1les sean sus preferencias, este incre\u00edble conjunto tiene algo para todos.<\/p><\/div>","protected":false},"excerpt":{"rendered":"<p>Marca: LOZ<br \/>\nG\u00e9nero: Unisex<br \/>\nRango de edad: &gt; 6 a\u00f1os<br \/>\nN\u00famero de modelo: 1072<br \/>\nClasificaci\u00f3n: Ensamblaje<br \/>\nForma de bloque de pl\u00e1stico: Ladrillos autoblocantes<br \/>\nMaterial: Pl\u00e1stico<br \/>\nTipo de pl\u00e1stico: ABS<br \/>\nLadrillos Bloques: 4344 +<br \/>\nNinguna caja<\/p>","protected":false},"featured_media":41480,"comment_status":"open","ping_status":"closed","template":"","meta":{"_acf_changed":false},"product_cat":[1365,371],"product_tag":[11072,8452,5448,11272],"class_list":["product","first","instock","shipping-taxable","purchasable","product-type-simple"],"acf":[],"_links":{"self":[{"href":"https:\/\/mouldking.store\/es\/wp-json\/wp\/v2\/product\/41486","targetHints":{"allow":["GET"]}}],"collection":[{"href":"https:\/\/mouldking.store\/es\/wp-json\/wp\/v2\/product"}],"about":[{"href":"https:\/\/mouldking.store\/es\/wp-json\/wp\/v2\/types\/product"}],"replies":[{"embeddable":true,"href":"https:\/\/mouldking.store\/es\/wp-json\/wp\/v2\/comments?post=41486"}],"wp:featuredmedia":[{"embeddable":true,"href":"https:\/\/mouldking.store\/es\/wp-json\/wp\/v2\/media\/41480"}],"wp:attachment":[{"href":"https:\/\/mouldking.store\/es\/wp-json\/wp\/v2\/media?parent=41486"}],"wp:term":[{"taxonomy":"product_cat","embeddable":true,"href":"https:\/\/mouldking.store\/es\/wp-json\/wp\/v2\/product_cat?post=41486"},{"taxonomy":"product_tag","embeddable":true,"href":"https:\/\/mouldking.store\/es\/wp-json\/wp\/v2\/product_tag?post=41486"}],"curies":[{"name":"wp","href":"https:\/\/api.w.org\/{rel}","templated":true}]}}