{"id":41489,"date":"2023-02-13T09:58:19","date_gmt":"2023-02-13T02:58:19","guid":{"rendered":"https:\/\/mouldking.store\/shop\/cada-c83002-z-bot-programming-robot-with-462-pieces\/"},"modified":"2023-03-08T10:47:18","modified_gmt":"2023-03-08T03:47:18","slug":"cada-c83002-z-bot-programming-robot-with-462-pieces","status":"publish","type":"product","link":"https:\/\/mouldking.store\/es\/shop\/cada-c83002-z-bot-programming-robot-with-462-pieces\/","title":{"rendered":"Robot de programaci\u00f3n CaDa C83002 Z.BOT con 462 piezas"},"content":{"rendered":"<div>\u2705 Robot Programador CaDA C83002 Z.BOT<\/p>\n<p>\u2705El robot de programaci\u00f3n Z.BOT es el primer lanzamiento de una nueva l\u00ednea de conjuntos de bloques de construcci\u00f3n, que incluye 462 piezas. Lanzado por primera vez en 2023, Z.BOT es un producto electr\u00f3nico profesional de alto rendimiento que abre las puertas para que los j\u00f3venes aprendan a codificar construyendo sus propios robots con solo unas pocas piezas.<\/p>\n<p>\ud83d\udeab \u00a1IMPORTANTE!<\/p>\n<p>Nombre del producto: Robot de programaci\u00f3n Z.BOT<\/p>\n<p>Categor\u00eda: Creador<\/p>\n<p>Este kit contiene: CaDA C83002<\/p>\n<p>462 piezas de ladrillos de buena calidad.<\/p>\n<p>Tama\u00f1o: 15,3 \u00d7 15,6 \u00d7 24 cm<\/p>\n<p>Instrucciones manuales<\/p>\n<p>\ud83d\udcccNaturaleza del protagonista<\/p>\n<p>Presentamos nuestra orgullosa colecci\u00f3n llamada &quot;Robot de programaci\u00f3n Z.BOT&quot; que no debe perderse.<\/p>\n<p>Es un tipo de conjunto de bloques de construcci\u00f3n que permite a los usuarios construir y programar su propio robot, incorporando varios componentes mec\u00e1nicos y electr\u00f3nicos. Con 462 part\u00edculas de bloques de construcci\u00f3n incluidas en el conjunto, los usuarios tienen la capacidad de crear una variedad de robots diferentes y programarlos para realizar una variedad de funciones.<\/p><\/div>","protected":false},"excerpt":{"rendered":"<p>Marca: CaDa<br \/>\nG\u00e9nero: Unisex<br \/>\nRango de edad: &gt; 6 a\u00f1os<br \/>\nN\u00famero de modelo: C83002<br \/>\nClasificaci\u00f3n: Ensamblaje<br \/>\nForma de bloque de pl\u00e1stico: Ladrillos autoblocantes<br \/>\nMaterial: Pl\u00e1stico<br \/>\nTipo de pl\u00e1stico: ABS<br \/>\nLadrillos Bloques: 462 +<br \/>\nNinguna caja<br \/>\nPreventa<\/p>","protected":false},"featured_media":41487,"comment_status":"open","ping_status":"closed","template":"","meta":{"_acf_changed":false},"product_cat":[1365,371],"product_tag":[11072,8452,11273,590],"class_list":["product","first","instock","shipping-taxable","purchasable","product-type-simple"],"acf":[],"_links":{"self":[{"href":"https:\/\/mouldking.store\/es\/wp-json\/wp\/v2\/product\/41489","targetHints":{"allow":["GET"]}}],"collection":[{"href":"https:\/\/mouldking.store\/es\/wp-json\/wp\/v2\/product"}],"about":[{"href":"https:\/\/mouldking.store\/es\/wp-json\/wp\/v2\/types\/product"}],"replies":[{"embeddable":true,"href":"https:\/\/mouldking.store\/es\/wp-json\/wp\/v2\/comments?post=41489"}],"wp:featuredmedia":[{"embeddable":true,"href":"https:\/\/mouldking.store\/es\/wp-json\/wp\/v2\/media\/41487"}],"wp:attachment":[{"href":"https:\/\/mouldking.store\/es\/wp-json\/wp\/v2\/media?parent=41489"}],"wp:term":[{"taxonomy":"product_cat","embeddable":true,"href":"https:\/\/mouldking.store\/es\/wp-json\/wp\/v2\/product_cat?post=41489"},{"taxonomy":"product_tag","embeddable":true,"href":"https:\/\/mouldking.store\/es\/wp-json\/wp\/v2\/product_tag?post=41489"}],"curies":[{"name":"wp","href":"https:\/\/api.w.org\/{rel}","templated":true}]}}