{"id":41495,"date":"2023-02-13T10:16:51","date_gmt":"2023-02-13T03:16:51","guid":{"rendered":"https:\/\/mouldking.store\/shop\/cada-c51082-zonda-z-wind-with-258-pieces\/"},"modified":"2023-12-27T16:33:13","modified_gmt":"2023-12-27T09:33:13","slug":"cada-c51082-zonda-z-wind-with-258-pieces","status":"publish","type":"product","link":"https:\/\/mouldking.store\/es\/shop\/cada-c51082-zonda-z-wind-with-258-pieces\/","title":{"rendered":"CaDa C51082 Zonda Z-Wind con 258 Piezas"},"content":{"rendered":"<div>\u2705 CaDA C51082 Zonda Z-Wind<\/p>\n<p>\u2705Z-Wind es un conjunto de part\u00edculas de bloques de construcci\u00f3n para la serie de carreras. Los bloques individuales se pueden usar para crear incre\u00edbles modelos, autos y todo tipo de otras creaciones. Al usarlos, puede dar vida a su imaginaci\u00f3n y convertirla en realidad.<\/p>\n<p>\ud83d\udeab \u00a1IMPORTANTE!<\/p>\n<p>Nombre del producto: Zonda Z-Wind<\/p>\n<p>Categor\u00eda: T\u00e9cnica<\/p>\n<p>Este kit contiene: CaDA C51082<\/p>\n<p>258 piezas de ladrillos de buena calidad<\/p>\n<p>Tama\u00f1o: 19,8 \u00d7 8,9 \u00d7 5,8 cm<\/p>\n<p>Instrucciones manuales<\/p>\n<p>\ud83d\udcccNaturaleza del protagonista<\/p>\n<p>Presentamos nuestra orgullosa colecci\u00f3n llamada &quot;Zonda Z-Wind&quot; que no debe perderse.<\/p>\n<p>El Zonda Z-Wind es un conjunto de bloques de construcci\u00f3n con tem\u00e1tica de carreras que incluye 258 piezas de bloques de construcci\u00f3n. Fue lanzado por primera vez en 2023.<\/p><\/div>","protected":false},"excerpt":{"rendered":"<p>Marca: CaDa<br \/>\nG\u00e9nero: Unisex<br \/>\nRango de edad: &gt; 6 a\u00f1os<br \/>\nN\u00famero de modelo: C51082<br \/>\nClasificaci\u00f3n: Ensamblaje<br \/>\nForma de bloque de pl\u00e1stico: Ladrillos autoblocantes<br \/>\nMaterial: Pl\u00e1stico<br \/>\nTipo de pl\u00e1stico: ABS<br \/>\nLadrillos Bloques: 258 +<br \/>\nNinguna caja<br \/>\nPreventa<\/p>","protected":false},"featured_media":41493,"comment_status":"open","ping_status":"closed","template":"","meta":{"_acf_changed":false},"product_cat":[1360,1357,364],"product_tag":[457,389,11080,11274,6304],"class_list":["product","first","instock","shipping-taxable","purchasable","product-type-simple"],"acf":[],"_links":{"self":[{"href":"https:\/\/mouldking.store\/es\/wp-json\/wp\/v2\/product\/41495","targetHints":{"allow":["GET"]}}],"collection":[{"href":"https:\/\/mouldking.store\/es\/wp-json\/wp\/v2\/product"}],"about":[{"href":"https:\/\/mouldking.store\/es\/wp-json\/wp\/v2\/types\/product"}],"replies":[{"embeddable":true,"href":"https:\/\/mouldking.store\/es\/wp-json\/wp\/v2\/comments?post=41495"}],"wp:featuredmedia":[{"embeddable":true,"href":"https:\/\/mouldking.store\/es\/wp-json\/wp\/v2\/media\/41493"}],"wp:attachment":[{"href":"https:\/\/mouldking.store\/es\/wp-json\/wp\/v2\/media?parent=41495"}],"wp:term":[{"taxonomy":"product_cat","embeddable":true,"href":"https:\/\/mouldking.store\/es\/wp-json\/wp\/v2\/product_cat?post=41495"},{"taxonomy":"product_tag","embeddable":true,"href":"https:\/\/mouldking.store\/es\/wp-json\/wp\/v2\/product_tag?post=41495"}],"curies":[{"name":"wp","href":"https:\/\/api.w.org\/{rel}","templated":true}]}}