{"id":41499,"date":"2023-02-13T10:37:24","date_gmt":"2023-02-13T03:37:24","guid":{"rendered":"https:\/\/mouldking.store\/shop\/cada-c61503-mercedes-benz-amg-one-with-3290-pieces\/"},"modified":"2024-01-16T15:46:19","modified_gmt":"2024-01-16T08:46:19","slug":"cada-c61503-mercedes-benz-amg-one-with-3290-pieces","status":"publish","type":"product","link":"https:\/\/mouldking.store\/es\/shop\/cada-c61503-mercedes-benz-amg-one-with-3290-pieces\/","title":{"rendered":"CaDa C61503 Mercedes-Benz AMG ONE con 3290 Piezas"},"content":{"rendered":"<div>\u2705 CaDA C61503 Mercedes-Benz AMG ONE<\/p>\n<p>\u2705El Mercedes-Benz AMG ONE es un hipercoche de edici\u00f3n limitada producido por Mercedes-AMG, la divisi\u00f3n de alto rendimiento de Mercedes-Benz. Se present\u00f3 por primera vez en 2018 y funciona con un sistema de propulsi\u00f3n h\u00edbrido que combina un motor de combusti\u00f3n interna turboalimentado con cuatro motores el\u00e9ctricos, lo que produce una potencia total de m\u00e1s de 1000 caballos de fuerza.<\/p>\n<p>\ud83d\udeab \u00a1IMPORTANTE!<\/p>\n<p>Nombre del producto: Mercedes-Benz AMG UNO<\/p>\n<p>Categor\u00eda: T\u00e9cnica<\/p>\n<p>Este kit contiene: CaDA C61503<\/p>\n<p>3290 piezas de ladrillos de buena calidad<\/p>\n<p>Instrucciones manuales<\/p>\n<p>\ud83d\udcccNaturaleza del protagonista<\/p>\n<p>Presentamos nuestra orgullosa colecci\u00f3n llamada &quot;Mercedes-Benz AMG ONE&quot; que no debe perderse.<\/p>\n<p>Mercedes-Benz ha creado un juguete completamente nuevo para cualquier amante de los autom\u00f3viles, con el Mercedes-AMG ONE. Este conjunto contiene 3290 part\u00edculas de bloques de construcci\u00f3n y se puede comprar en transl\u00facido o negro. El primer lanzamiento del Mercedes-AMG ONE ser\u00e1 en 2023. El AMG ONE est\u00e1 dise\u00f1ado para una conducci\u00f3n centrada en la pista, con una aerodin\u00e1mica avanzada y una construcci\u00f3n ligera para ofrecer un alto rendimiento y agilidad. El autom\u00f3vil est\u00e1 equipado con caracter\u00edsticas de tecnolog\u00eda avanzada, como un sistema de suspensi\u00f3n avanzado y sistemas avanzados de control de estabilidad, junto con caracter\u00edsticas como un monocasco de fibra de carbono, suspensi\u00f3n de varilla de empuje y aerodin\u00e1mica activa. Con solo 275 unidades previstas para la producci\u00f3n, el Mercedes-Benz AMG ONE es un autom\u00f3vil altamente exclusivo y codiciado.<\/p><\/div>","protected":false},"excerpt":{"rendered":"<p>Marca: CaDa<br \/>\nG\u00e9nero: Unisex<br \/>\nRango de edad: &gt; 14 a\u00f1os<br \/>\nN\u00famero de modelo: C61503<br \/>\nClasificaci\u00f3n: Ensamblaje<br \/>\nForma de bloque de pl\u00e1stico: Ladrillos autoblocantes<br \/>\nMaterial: Pl\u00e1stico<br \/>\nTipo de pl\u00e1stico: ABS<br \/>\nLadrillos Bloques: 3290 +<br \/>\nIts production materials are very special. The tires and wheels are customized by Michelin, and authorization from Mercedes<\/p>","protected":false},"featured_media":41496,"comment_status":"open","ping_status":"closed","template":"","meta":{"_acf_changed":false},"product_cat":[1360,1357,364],"product_tag":[1456,457,4983,11275,1413,389,11080],"class_list":["product","first","outofstock","shipping-taxable","purchasable","product-type-simple"],"acf":[],"_links":{"self":[{"href":"https:\/\/mouldking.store\/es\/wp-json\/wp\/v2\/product\/41499","targetHints":{"allow":["GET"]}}],"collection":[{"href":"https:\/\/mouldking.store\/es\/wp-json\/wp\/v2\/product"}],"about":[{"href":"https:\/\/mouldking.store\/es\/wp-json\/wp\/v2\/types\/product"}],"replies":[{"embeddable":true,"href":"https:\/\/mouldking.store\/es\/wp-json\/wp\/v2\/comments?post=41499"}],"wp:featuredmedia":[{"embeddable":true,"href":"https:\/\/mouldking.store\/es\/wp-json\/wp\/v2\/media\/41496"}],"wp:attachment":[{"href":"https:\/\/mouldking.store\/es\/wp-json\/wp\/v2\/media?parent=41499"}],"wp:term":[{"taxonomy":"product_cat","embeddable":true,"href":"https:\/\/mouldking.store\/es\/wp-json\/wp\/v2\/product_cat?post=41499"},{"taxonomy":"product_tag","embeddable":true,"href":"https:\/\/mouldking.store\/es\/wp-json\/wp\/v2\/product_tag?post=41499"}],"curies":[{"name":"wp","href":"https:\/\/api.w.org\/{rel}","templated":true}]}}