{"id":41667,"date":"2023-02-15T12:33:24","date_gmt":"2023-02-15T05:33:24","guid":{"rendered":"https:\/\/mouldking.store\/shop\/moc-factory-89474-stranger-things-eddie-munsons-campervan-with-1059-pieces\/"},"modified":"2025-12-16T22:25:17","modified_gmt":"2025-12-16T15:25:17","slug":"moc-factory-89474-stranger-things-eddie-munsons-campervan-with-1059-pieces","status":"publish","type":"product","link":"https:\/\/mouldking.store\/es\/shop\/moc-factory-89474-stranger-things-eddie-munsons-campervan-with-1059-pieces\/","title":{"rendered":"MOC Factory 89474 Stranger Things Eddie Munson&#039;s Campervan con 1059 piezas"},"content":{"rendered":"<div>\u2705 MOC-89474 Stranger Things La autocaravana de Eddie Munson<\/p>\n<p>\u2705La autocaravana de Eddie Munson es un veh\u00edculo que aparece en la tercera temporada de la popular serie de Netflix &quot;Stranger Things&quot;. Lo conduce el personaje Eddie Munson, que es salvavidas en la piscina comunitaria de Hawkins.<\/p>\n<p>\ud83d\udeab \u00a1IMPORTANTE!<\/p>\n<p>Nombre del producto: Stranger Things Eddie Munson&#039;s Campervan<\/p>\n<p>Categor\u00eda: Creador<\/p>\n<p>Este kit contiene: MOC-89474<\/p>\n<p>1059 piezas de ladrillos de buena calidad<\/p>\n<p>Tama\u00f1o: 30x18,7x18,9 cm<\/p>\n<p>Tama\u00f1o: 37 \u00d7 17 \u00d7 45,5 cm<\/p>\n<p>Peso: 1,2 kg<\/p>\n<p>\ud83d\udcccNaturaleza del protagonista<\/p>\n<p>Presentamos nuestra orgullosa colecci\u00f3n llamada &quot;Stranger Things Eddie Munson&#039;s Campervan&quot; que no debes perderte.<\/p>\n<p>La furgoneta juega un papel importante en la tercera temporada, ya que los personajes principales la utilizan como medio de transporte a varios lugares de Hawkins, Indiana. El interior de la autocaravana tambi\u00e9n se muestra en varias escenas, con un dise\u00f1o acogedor y nost\u00e1lgico inspirado en la d\u00e9cada de 1970.<\/p><\/div>","protected":false},"excerpt":{"rendered":"<p>Marca: MOC Factory<br \/>\nG\u00e9nero: Unisex<br \/>\nRango de edad: &gt; 8 a\u00f1os<br \/>\nN\u00famero de modelo: 89474<br \/>\nClasificaci\u00f3n: Ensamblaje<br \/>\nForma de bloque de pl\u00e1stico: Ladrillos autoblocantes<br \/>\nMaterial: Pl\u00e1stico<br \/>\nTipo de pl\u00e1stico: ABS<br \/>\nLadrillos Bloques: 1059 +<br \/>\nNinguna caja<\/p>","protected":false},"featured_media":41658,"comment_status":"open","ping_status":"closed","template":"","meta":{"_acf_changed":false},"product_cat":[1365,371],"product_tag":[11072,8452,11302,11301,11303,5944],"class_list":["product","first","instock","shipping-taxable","purchasable","product-type-simple"],"acf":[],"_links":{"self":[{"href":"https:\/\/mouldking.store\/es\/wp-json\/wp\/v2\/product\/41667","targetHints":{"allow":["GET"]}}],"collection":[{"href":"https:\/\/mouldking.store\/es\/wp-json\/wp\/v2\/product"}],"about":[{"href":"https:\/\/mouldking.store\/es\/wp-json\/wp\/v2\/types\/product"}],"replies":[{"embeddable":true,"href":"https:\/\/mouldking.store\/es\/wp-json\/wp\/v2\/comments?post=41667"}],"wp:featuredmedia":[{"embeddable":true,"href":"https:\/\/mouldking.store\/es\/wp-json\/wp\/v2\/media\/41658"}],"wp:attachment":[{"href":"https:\/\/mouldking.store\/es\/wp-json\/wp\/v2\/media?parent=41667"}],"wp:term":[{"taxonomy":"product_cat","embeddable":true,"href":"https:\/\/mouldking.store\/es\/wp-json\/wp\/v2\/product_cat?post=41667"},{"taxonomy":"product_tag","embeddable":true,"href":"https:\/\/mouldking.store\/es\/wp-json\/wp\/v2\/product_tag?post=41667"}],"curies":[{"name":"wp","href":"https:\/\/api.w.org\/{rel}","templated":true}]}}