{"id":41717,"date":"2023-02-15T15:08:45","date_gmt":"2023-02-15T08:08:45","guid":{"rendered":"https:\/\/mouldking.store\/shop\/custom-6201-super-heros-iron-hero-mechanical-iron-man-with-1385-pieces\/"},"modified":"2023-02-15T15:08:45","modified_gmt":"2023-02-15T08:08:45","slug":"custom-6201-super-heros-iron-hero-mechanical-iron-man-with-1385-pieces","status":"publish","type":"product","link":"https:\/\/mouldking.store\/es\/shop\/custom-6201-super-heros-iron-hero-mechanical-iron-man-with-1385-pieces\/","title":{"rendered":"Custom 6201 Super Heros Iron Hero Mechanical Iron Man con 1385 piezas"},"content":{"rendered":"<div>\u2705 Personalizado 6201 Superh\u00e9roes Iron Hero Mec\u00e1nico Iron Man<\/p>\n<p>\u2705Iron Man es un personaje que viste una armadura de alta tecnolog\u00eda que mejora su fuerza, velocidad y durabilidad. El traje funciona con un reactor de arco dise\u00f1ado por Stark e incluye una variedad de armas y herramientas que le permiten a Iron Man volar y luchar contra el crimen.<\/p>\n<p>\ud83d\udeab \u00a1IMPORTANTE!<\/p>\n<p>Nombre del producto: Superh\u00e9roes Iron Hero Mechanical Iron Man<\/p>\n<p>Categor\u00eda: Pel\u00edcula<\/p>\n<p>Este kit contiene: Personalizado 6201<\/p>\n<p>1385 piezas de ladrillos de buena calidad<\/p>\n<p>Tama\u00f1o: 24 x 11 x 41 cm<\/p>\n<p>Instrucciones manuales<\/p>\n<p>\ud83d\udcccNaturaleza del protagonista<\/p>\n<p>Presentamos nuestra orgullosa colecci\u00f3n llamada &quot;Super Heros Iron Hero Mechanical Iron Man&quot; que no debe perderse.<\/p>\n<p>A lo largo de sus muchas apariciones en c\u00f3mics, pel\u00edculas y otros medios, Iron Man se ha enfrentado a una amplia gama de villanos y desaf\u00edos, incluidos otros seres con superpoderes y amenazas globales para la humanidad. Es conocido por su ingenio r\u00e1pido, su mente estrat\u00e9gica y sus dispositivos de alta tecnolog\u00eda, y a menudo se le considera uno de los personajes m\u00e1s ic\u00f3nicos y queridos del Universo Marvel.<\/p><\/div>","protected":false},"excerpt":{"rendered":"<p>Marca: Personalizado<br \/>\nG\u00e9nero: Unisex<br \/>\nRango de edad: &gt; 8 a\u00f1os<br \/>\nN\u00famero de modelo: 6201<br \/>\nClasificaci\u00f3n: Ensamblaje<br \/>\nForma de bloque de pl\u00e1stico: Ladrillos autoblocantes<br \/>\nMaterial: Pl\u00e1stico<br \/>\nTipo de pl\u00e1stico: ABS<br \/>\nLadrillos Bloques: 1385 +<br \/>\nNinguna caja<\/p>","protected":false},"featured_media":41714,"comment_status":"open","ping_status":"closed","template":"","meta":{"_acf_changed":false},"product_cat":[1365,581,1408],"product_tag":[8452,1856,434,2462],"class_list":["product","first","instock","shipping-taxable","purchasable","product-type-simple"],"acf":[],"_links":{"self":[{"href":"https:\/\/mouldking.store\/es\/wp-json\/wp\/v2\/product\/41717","targetHints":{"allow":["GET"]}}],"collection":[{"href":"https:\/\/mouldking.store\/es\/wp-json\/wp\/v2\/product"}],"about":[{"href":"https:\/\/mouldking.store\/es\/wp-json\/wp\/v2\/types\/product"}],"replies":[{"embeddable":true,"href":"https:\/\/mouldking.store\/es\/wp-json\/wp\/v2\/comments?post=41717"}],"wp:featuredmedia":[{"embeddable":true,"href":"https:\/\/mouldking.store\/es\/wp-json\/wp\/v2\/media\/41714"}],"wp:attachment":[{"href":"https:\/\/mouldking.store\/es\/wp-json\/wp\/v2\/media?parent=41717"}],"wp:term":[{"taxonomy":"product_cat","embeddable":true,"href":"https:\/\/mouldking.store\/es\/wp-json\/wp\/v2\/product_cat?post=41717"},{"taxonomy":"product_tag","embeddable":true,"href":"https:\/\/mouldking.store\/es\/wp-json\/wp\/v2\/product_tag?post=41717"}],"curies":[{"name":"wp","href":"https:\/\/api.w.org\/{rel}","templated":true}]}}