{"id":41752,"date":"2023-02-16T10:01:54","date_gmt":"2023-02-16T03:01:54","guid":{"rendered":"https:\/\/mouldking.store\/shop\/moc-factory-51965-western-train-station-with-2233-pieces\/"},"modified":"2025-12-16T22:25:17","modified_gmt":"2025-12-16T15:25:17","slug":"moc-factory-51965-western-train-station-with-2233-pieces","status":"publish","type":"product","link":"https:\/\/mouldking.store\/es\/shop\/moc-factory-51965-western-train-station-with-2233-pieces\/","title":{"rendered":"MOC Factory 51965 Estaci\u00f3n de tren occidental con 2233 piezas"},"content":{"rendered":"<div>\u2705 MOC-51965 Estaci\u00f3n de tren Oeste<\/p>\n<p>\u2705Una estaci\u00f3n de tren occidental es una estaci\u00f3n de tren que se habr\u00eda encontrado en el oeste americano a finales del siglo XIX y principios del XX, cuando los ferrocarriles eran un importante medio de transporte y comunicaci\u00f3n en la regi\u00f3n.<\/p>\n<p>\ud83d\udeab \u00a1IMPORTANTE!<\/p>\n<p>Nombre del producto: Estaci\u00f3n de tren occidental<\/p>\n<p>Categor\u00eda: Edificio Modular<\/p>\n<p>Este kit contiene: MOC-51965&nbsp;<\/p>\n<p>2233 piezas de ladrillos de buena calidad<\/p>\n<p>Instrucciones en PDF<\/p>\n<p>\ud83d\udcccNaturaleza del protagonista<\/p>\n<p>Presentamos nuestra orgullosa colecci\u00f3n llamada &quot;Estaci\u00f3n de tren occidental&quot; que no debe perderse.<\/p>\n<p>La arquitectura de una estaci\u00f3n de tren occidental a menudo se caracteriza por una mezcla de estilos, que incluyen el victoriano, el rom\u00e1nico y las bellas artes. El exterior puede presentar una torre o c\u00fapula de reloj grande y prominente, con un techo a cuatro aguas o a dos aguas y ventanas y puertas arqueadas. El edificio puede estar construido de ladrillo, piedra o madera, y puede tener elementos decorativos como herrajes ornamentados o canter\u00eda tallada.<\/p><\/div>","protected":false},"excerpt":{"rendered":"<p>Marca: MOC Factory<br \/>\nG\u00e9nero: Unisex<br \/>\nRango de edad: &gt; 12 a\u00f1os<br \/>\nN\u00famero de modelo: 51965<br \/>\nClasificaci\u00f3n: Ensamblaje<br \/>\nForma de bloque de pl\u00e1stico: Ladrillos autoblocantes<br \/>\nMaterial: Pl\u00e1stico<br \/>\nTipo de pl\u00e1stico: ABS<br \/>\nLadrillos Bloques: 2233 +<br \/>\nOrganizar tiempo: 4-8 semanas<\/p>","protected":false},"featured_media":41750,"comment_status":"open","ping_status":"closed","template":"","meta":{"_acf_changed":false},"product_cat":[1395,390],"product_tag":[4883,392,2309,300,9100],"class_list":["product","first","instock","shipping-taxable","purchasable","product-type-simple"],"acf":[],"_links":{"self":[{"href":"https:\/\/mouldking.store\/es\/wp-json\/wp\/v2\/product\/41752","targetHints":{"allow":["GET"]}}],"collection":[{"href":"https:\/\/mouldking.store\/es\/wp-json\/wp\/v2\/product"}],"about":[{"href":"https:\/\/mouldking.store\/es\/wp-json\/wp\/v2\/types\/product"}],"replies":[{"embeddable":true,"href":"https:\/\/mouldking.store\/es\/wp-json\/wp\/v2\/comments?post=41752"}],"wp:featuredmedia":[{"embeddable":true,"href":"https:\/\/mouldking.store\/es\/wp-json\/wp\/v2\/media\/41750"}],"wp:attachment":[{"href":"https:\/\/mouldking.store\/es\/wp-json\/wp\/v2\/media?parent=41752"}],"wp:term":[{"taxonomy":"product_cat","embeddable":true,"href":"https:\/\/mouldking.store\/es\/wp-json\/wp\/v2\/product_cat?post=41752"},{"taxonomy":"product_tag","embeddable":true,"href":"https:\/\/mouldking.store\/es\/wp-json\/wp\/v2\/product_tag?post=41752"}],"curies":[{"name":"wp","href":"https:\/\/api.w.org\/{rel}","templated":true}]}}