{"id":41755,"date":"2023-02-16T10:10:36","date_gmt":"2023-02-16T03:10:36","guid":{"rendered":"https:\/\/mouldking.store\/shop\/moc-factory-58812-medieval-famous-castle-architecture-treasury-with-2482-pieces\/"},"modified":"2025-12-16T22:25:17","modified_gmt":"2025-12-16T15:25:17","slug":"moc-factory-58812-medieval-famous-castle-architecture-treasury-with-2482-pieces","status":"publish","type":"product","link":"https:\/\/mouldking.store\/es\/shop\/moc-factory-58812-medieval-famous-castle-architecture-treasury-with-2482-pieces\/","title":{"rendered":"MOC Factory 58812 Tesoro de arquitectura de castillo famoso medieval con 2482 piezas"},"content":{"rendered":"<div>\u2705 MOC-58812 Tesorer\u00eda de la arquitectura del famoso castillo medieval<\/p>\n<p>\u2705Un tesoro medieval suele ser una habitaci\u00f3n o un edificio que se utiliza para almacenar art\u00edculos valiosos, como monedas de oro y plata, gemas preciosas, joyas y otros objetos valiosos, que pertenecieron a un monarca, iglesia u otra instituci\u00f3n rica durante la Edad Media.<\/p>\n<p>\ud83d\udeab \u00a1IMPORTANTE!<\/p>\n<p>Nombre del producto: Tesoro de la arquitectura del castillo famoso medieval<\/p>\n<p>Categor\u00eda: Edificio Modular<\/p>\n<p>Este kit contiene: MOC-58812<\/p>\n<p>2482 piezas de ladrillos de buena calidad<\/p>\n<p>Instrucciones en PDF<\/p>\n<p>\ud83d\udcccNaturaleza del protagonista<\/p>\n<p>Presentamos nuestra orgullosa colecci\u00f3n llamada &quot;Tesoro de arquitectura de castillo medieval famoso&quot; que no debe perderse.<\/p>\n<p>La arquitectura de un tesoro medieval variar\u00eda seg\u00fan el per\u00edodo de tiempo y la ubicaci\u00f3n espec\u00edficos, pero generalmente presenta paredes gruesas de piedra, ventanas peque\u00f1as y una puerta fuerte y segura para evitar robos. La habitaci\u00f3n puede estar ubicada en un castillo, palacio o catedral, y habr\u00eda estado fuertemente custodiada por guardias armados o caballeros. En el interior, el Tesoro Medieval se habr\u00eda organizado con cofres, armarios y estanter\u00edas para guardar los distintos objetos de valor. La habitaci\u00f3n estar\u00eda d\u00e9bilmente iluminada, con algunas antorchas parpadeantes o l\u00e1mparas de aceite para iluminar, y el aire estar\u00eda cargado con el olor a incienso y cera de vela.<\/p><\/div>","protected":false},"excerpt":{"rendered":"<p>Marca: MOC Factory<br \/>\nG\u00e9nero: Unisex<br \/>\nRango de edad: &gt; 12 a\u00f1os<br \/>\nN\u00famero de modelo: 58812<br \/>\nClasificaci\u00f3n: Ensamblaje<br \/>\nForma de bloque de pl\u00e1stico: Ladrillos autoblocantes<br \/>\nMaterial: Pl\u00e1stico<br \/>\nTipo de pl\u00e1stico: ABS<br \/>\nLadrillos Bloques: 2482 +<br \/>\nOrganizar tiempo: 4-8 semanas<\/p>","protected":false},"featured_media":41753,"comment_status":"open","ping_status":"closed","template":"","meta":{"_acf_changed":false},"product_cat":[1395,390],"product_tag":[11260,787,4883,11318,4996,392],"class_list":["product","first","instock","shipping-taxable","purchasable","product-type-simple"],"acf":[],"_links":{"self":[{"href":"https:\/\/mouldking.store\/es\/wp-json\/wp\/v2\/product\/41755","targetHints":{"allow":["GET"]}}],"collection":[{"href":"https:\/\/mouldking.store\/es\/wp-json\/wp\/v2\/product"}],"about":[{"href":"https:\/\/mouldking.store\/es\/wp-json\/wp\/v2\/types\/product"}],"replies":[{"embeddable":true,"href":"https:\/\/mouldking.store\/es\/wp-json\/wp\/v2\/comments?post=41755"}],"wp:featuredmedia":[{"embeddable":true,"href":"https:\/\/mouldking.store\/es\/wp-json\/wp\/v2\/media\/41753"}],"wp:attachment":[{"href":"https:\/\/mouldking.store\/es\/wp-json\/wp\/v2\/media?parent=41755"}],"wp:term":[{"taxonomy":"product_cat","embeddable":true,"href":"https:\/\/mouldking.store\/es\/wp-json\/wp\/v2\/product_cat?post=41755"},{"taxonomy":"product_tag","embeddable":true,"href":"https:\/\/mouldking.store\/es\/wp-json\/wp\/v2\/product_tag?post=41755"}],"curies":[{"name":"wp","href":"https:\/\/api.w.org\/{rel}","templated":true}]}}