{"id":41770,"date":"2023-02-16T10:52:49","date_gmt":"2023-02-16T03:52:49","guid":{"rendered":"https:\/\/mouldking.store\/shop\/panlosbrick-659009-multifunctional-rescue-team-urban-engineering-team-with-611-pieces\/"},"modified":"2023-02-16T10:52:49","modified_gmt":"2023-02-16T03:52:49","slug":"panlosbrick-659009-multifunctional-rescue-team-urban-engineering-team-with-611-pieces","status":"publish","type":"product","link":"https:\/\/mouldking.store\/es\/shop\/panlosbrick-659009-multifunctional-rescue-team-urban-engineering-team-with-611-pieces\/","title":{"rendered":"PANLOSBRICK 659009 Equipo de Rescate Multifuncional: Equipo de Ingenier\u00eda Urbana con 611 Piezas"},"content":{"rendered":"<div>\u2705 Panlos 659009 Equipo de Rescate Multifuncional: Equipo de Ingenier\u00eda Urbana<\/p>\n<p>\u2705Equipo de rescate multifuncional: el equipo de ingenier\u00eda urbana es un juego de bloques de construcci\u00f3n que pertenece a la serie City de juegos de bloques de construcci\u00f3n dise\u00f1ados para ni\u00f1os. El conjunto contiene 611 part\u00edculas de bloques de construcci\u00f3n, que se pueden usar para construir una variedad de veh\u00edculos y estructuras relacionadas con la ingenier\u00eda urbana y las operaciones de rescate.<\/p>\n<p>\ud83d\udeab \u00a1IMPORTANTE!<\/p>\n<p>Nombre del producto: Equipo de Rescate Multifuncional: Equipo de Ingenier\u00eda Urbana<\/p>\n<p>Categor\u00eda: T\u00e9cnica<\/p>\n<p>Este Kit Contiene: Panlos 659009<\/p>\n<p>611 piezas de ladrillos de buena calidad<\/p>\n<p>Tama\u00f1o: 22 \u00d7 5 \u00d7 8 cm<\/p>\n<p>Instrucciones manuales<\/p>\n<p>\ud83d\udcccNaturaleza del protagonista<\/p>\n<p>Presentamos nuestra orgullosa colecci\u00f3n llamada &quot;Equipo de rescate multifuncional: equipo de ingenier\u00eda urbana&quot; que no debe perderse.<\/p>\n<p>Equipo de Rescate Multifuncional: El Equipo de Ingenier\u00eda Urbana es un conjunto de bloques de construcci\u00f3n que permite a los ni\u00f1os construir veh\u00edculos y estructuras relacionadas con el rescate y la construcci\u00f3n urbanos y participar en escenarios de juegos imaginativos relacionados con la ingenier\u00eda urbana y las operaciones de rescate. El conjunto fomenta la creatividad, la resoluci\u00f3n de problemas y el desarrollo de habilidades motoras finas, al mismo tiempo que promueve el inter\u00e9s por la ingenier\u00eda urbana y las operaciones de rescate.<\/p><\/div>","protected":false},"excerpt":{"rendered":"<p>Marca: PANLOSBRICK<br \/>\nG\u00e9nero: Unisex<br \/>\nRango de edad: &gt; 6 a\u00f1os<br \/>\nN\u00famero de modelo: 659009<br \/>\nClasificaci\u00f3n: Ensamblaje<br \/>\nForma de bloque de pl\u00e1stico: Ladrillos autoblocantes<br \/>\nMaterial: Pl\u00e1stico<br \/>\nTipo de pl\u00e1stico: ABS<br \/>\nLadrillos Bloques: 611 +<br \/>\nPreventa<\/p>","protected":false},"featured_media":41768,"comment_status":"open","ping_status":"closed","template":"","meta":{"_acf_changed":false},"product_cat":[1365,1357,371,364],"product_tag":[11072,8452,11140,11147,8493,11321,389,8697],"class_list":["product","first","instock","shipping-taxable","purchasable","product-type-simple"],"acf":[],"_links":{"self":[{"href":"https:\/\/mouldking.store\/es\/wp-json\/wp\/v2\/product\/41770","targetHints":{"allow":["GET"]}}],"collection":[{"href":"https:\/\/mouldking.store\/es\/wp-json\/wp\/v2\/product"}],"about":[{"href":"https:\/\/mouldking.store\/es\/wp-json\/wp\/v2\/types\/product"}],"replies":[{"embeddable":true,"href":"https:\/\/mouldking.store\/es\/wp-json\/wp\/v2\/comments?post=41770"}],"wp:featuredmedia":[{"embeddable":true,"href":"https:\/\/mouldking.store\/es\/wp-json\/wp\/v2\/media\/41768"}],"wp:attachment":[{"href":"https:\/\/mouldking.store\/es\/wp-json\/wp\/v2\/media?parent=41770"}],"wp:term":[{"taxonomy":"product_cat","embeddable":true,"href":"https:\/\/mouldking.store\/es\/wp-json\/wp\/v2\/product_cat?post=41770"},{"taxonomy":"product_tag","embeddable":true,"href":"https:\/\/mouldking.store\/es\/wp-json\/wp\/v2\/product_tag?post=41770"}],"curies":[{"name":"wp","href":"https:\/\/api.w.org\/{rel}","templated":true}]}}