{"id":41785,"date":"2023-02-16T11:29:27","date_gmt":"2023-02-16T04:29:27","guid":{"rendered":"https:\/\/mouldking.store\/shop\/qman-enlighten-keeppley-41311-super-episode-change-special-attack-tyrannosaurus-with-988-pieces\/"},"modified":"2023-02-16T11:29:27","modified_gmt":"2023-02-16T04:29:27","slug":"qman-enlighten-keeppley-41311-super-episode-change-special-attack-tyrannosaurus-with-988-pieces","status":"publish","type":"product","link":"https:\/\/mouldking.store\/es\/shop\/qman-enlighten-keeppley-41311-super-episode-change-special-attack-tyrannosaurus-with-988-pieces\/","title":{"rendered":"QMAN \/ ENLIGHTEN \/ KEEPPLEY 41311 Super Episode Change: Special Attack Tyrannosaurus con 988 piezas"},"content":{"rendered":"<div>\u2705 QMAN 41311 Super Cambio de episodio: Tiranosaurio de ataque especial<\/p>\n<p>\u2705Super Episode Change: Special Attack Tyrannosaurus es un juego de bloques de construcci\u00f3n que pertenece a la serie tem\u00e1tica de juegos de bloques de construcci\u00f3n. El conjunto completo consta de 988 part\u00edculas de bloques de construcci\u00f3n y se lanz\u00f3 por primera vez en 2023.<\/p>\n<p>\ud83d\udeab \u00a1IMPORTANTE!<\/p>\n<p>Nombre del producto: Super Cambio de episodio: Tiranosaurio de ataque especial<\/p>\n<p>Categor\u00eda: Creador<\/p>\n<p>Este kit contiene: QMAN 41311<\/p>\n<p>988 piezas de ladrillos de buena calidad<\/p>\n<p>Tama\u00f1o: 25 \u00d7 20 \u00d7 14,5 cm<\/p>\n<p>Instrucciones manuales<\/p>\n<p>\ud83d\udcccNaturaleza del protagonista<\/p>\n<p>Presentamos nuestra orgullosa colecci\u00f3n llamada &quot;Super Episode Change: Special Attack Tyrannosaurus&quot; que no debes perderte.<\/p>\n<p>El set presenta un Tiranosaurio de Ataque Especial, un poderoso dinosaurio que puede transformarse en un s\u00faper robot. Los bloques de construcci\u00f3n est\u00e1n dise\u00f1ados para ensamblarse en la forma del Tyrannosaurus, que se encuentra a una altura impresionante y est\u00e1 adornado con varias armas y accesorios.<\/p><\/div>","protected":false},"excerpt":{"rendered":"<p>Marca: QMAN \/ ENLIGHTEN \/ KEEPPLEY<br \/>\nG\u00e9nero: Unisex<br \/>\nRango de edad: &gt; 6 a\u00f1os<br \/>\nN\u00famero de modelo: 41311<br \/>\nClasificaci\u00f3n: Ensamblaje<br \/>\nForma de bloque de pl\u00e1stico: Ladrillos autoblocantes<br \/>\nMaterial: Pl\u00e1stico<br \/>\nTipo de pl\u00e1stico: ABS<br \/>\nLadrillos Bloques: 988 +<br \/>\nPreventa<\/p>","protected":false},"featured_media":41783,"comment_status":"open","ping_status":"closed","template":"","meta":{"_acf_changed":false},"product_cat":[1365,371],"product_tag":[11328,11326,11072,8452,11325,590,11327,5185],"class_list":["product","first","instock","shipping-taxable","purchasable","product-type-simple"],"acf":[],"_links":{"self":[{"href":"https:\/\/mouldking.store\/es\/wp-json\/wp\/v2\/product\/41785","targetHints":{"allow":["GET"]}}],"collection":[{"href":"https:\/\/mouldking.store\/es\/wp-json\/wp\/v2\/product"}],"about":[{"href":"https:\/\/mouldking.store\/es\/wp-json\/wp\/v2\/types\/product"}],"replies":[{"embeddable":true,"href":"https:\/\/mouldking.store\/es\/wp-json\/wp\/v2\/comments?post=41785"}],"wp:featuredmedia":[{"embeddable":true,"href":"https:\/\/mouldking.store\/es\/wp-json\/wp\/v2\/media\/41783"}],"wp:attachment":[{"href":"https:\/\/mouldking.store\/es\/wp-json\/wp\/v2\/media?parent=41785"}],"wp:term":[{"taxonomy":"product_cat","embeddable":true,"href":"https:\/\/mouldking.store\/es\/wp-json\/wp\/v2\/product_cat?post=41785"},{"taxonomy":"product_tag","embeddable":true,"href":"https:\/\/mouldking.store\/es\/wp-json\/wp\/v2\/product_tag?post=41785"}],"curies":[{"name":"wp","href":"https:\/\/api.w.org\/{rel}","templated":true}]}}