{"id":41790,"date":"2023-02-16T11:50:13","date_gmt":"2023-02-16T04:50:13","guid":{"rendered":"https:\/\/mouldking.store\/shop\/mould-king-12022-world-railways-alligator-electric-locomotive-with-919-pieces\/"},"modified":"2023-02-16T11:50:13","modified_gmt":"2023-02-16T04:50:13","slug":"mould-king-12022-world-railways-alligator-electric-locomotive-with-919-pieces","status":"publish","type":"product","link":"https:\/\/mouldking.store\/es\/shop\/mould-king-12022-world-railways-alligator-electric-locomotive-with-919-pieces\/","title":{"rendered":"MOLD KING 12022 World Railways: Locomotora el\u00e9ctrica de cocodrilo con 919 piezas"},"content":{"rendered":"<div>\u2705MouldKing 12022 World Railways: Locomotora el\u00e9ctrica de cocodrilo<\/p>\n<p>\u2705La locomotora el\u00e9ctrica Alligator es un tipo de locomotora el\u00e9ctrica que se utiliz\u00f3 en varios ferrocarriles de todo el mundo. La locomotora recibi\u00f3 su nombre debido a su apariencia distintiva, que presenta un cuerpo largo y estrecho y una serie de secciones con bisagras que se asemejan a la espalda de un caim\u00e1n.<\/p>\n<p>\ud83d\udeab \u00a1IMPORTANTE!<\/p>\n<p>Nombre del producto: World Railways: Locomotora el\u00e9ctrica Alligator<\/p>\n<p>Categor\u00eda: T\u00e9cnica<\/p>\n<p>Este kit contiene: MouldKing 12022<\/p>\n<p>919 piezas de ladrillos de buena calidad<\/p>\n<p>Tama\u00f1o: 48 \u00d7 5,9 \u00d7 13,9 cm<\/p>\n<p>Instrucciones manuales<\/p>\n<p>\ud83d\udcccNaturaleza del protagonista<\/p>\n<p>Presentamos nuestra orgullosa colecci\u00f3n llamada &quot;World Railways: Alligator Electric Locomotive&quot; que no debe perderse.<\/p>\n<p>La locomotora el\u00e9ctrica Alligator se introdujo por primera vez a principios del siglo XX y se utiliz\u00f3 principalmente para el transporte de mercanc\u00edas. Fue dise\u00f1ado para ser potente y eficiente, con la capacidad de transportar cargas pesadas a largas distancias. La locomotora funcionaba con un motor el\u00e9ctrico, que extra\u00eda su energ\u00eda de las l\u00edneas el\u00e9ctricas a\u00e9reas o de una bater\u00eda a bordo. El dise\u00f1o de la locomotora le permiti\u00f3 operar en una amplia gama de entornos, incluidas pendientes pronunciadas y curvas cerradas.<\/p><\/div>","protected":false},"excerpt":{"rendered":"<p>Marca: MOLD KING<br \/>\nG\u00e9nero: Unisex<br \/>\nRango de edad: &gt; 8 a\u00f1os<br \/>\nN\u00famero de modelo: 12022<br \/>\nClasificaci\u00f3n: Ensamblaje<br \/>\nForma de bloque de pl\u00e1stico: Ladrillos autoblocantes<br \/>\nMaterial: Pl\u00e1stico<br \/>\nTipo de pl\u00e1stico: ABS<br \/>\nLadrillos Bloques: 919 +<br \/>\nPreventa<\/p>","protected":false},"featured_media":41789,"comment_status":"open","ping_status":"closed","template":"","meta":{"_acf_changed":false},"product_cat":[1357,364],"product_tag":[11330,9981,2635,389,11080,8802],"class_list":["product","first","instock","shipping-taxable","purchasable","product-type-simple"],"acf":[],"_links":{"self":[{"href":"https:\/\/mouldking.store\/es\/wp-json\/wp\/v2\/product\/41790","targetHints":{"allow":["GET"]}}],"collection":[{"href":"https:\/\/mouldking.store\/es\/wp-json\/wp\/v2\/product"}],"about":[{"href":"https:\/\/mouldking.store\/es\/wp-json\/wp\/v2\/types\/product"}],"replies":[{"embeddable":true,"href":"https:\/\/mouldking.store\/es\/wp-json\/wp\/v2\/comments?post=41790"}],"wp:featuredmedia":[{"embeddable":true,"href":"https:\/\/mouldking.store\/es\/wp-json\/wp\/v2\/media\/41789"}],"wp:attachment":[{"href":"https:\/\/mouldking.store\/es\/wp-json\/wp\/v2\/media?parent=41790"}],"wp:term":[{"taxonomy":"product_cat","embeddable":true,"href":"https:\/\/mouldking.store\/es\/wp-json\/wp\/v2\/product_cat?post=41790"},{"taxonomy":"product_tag","embeddable":true,"href":"https:\/\/mouldking.store\/es\/wp-json\/wp\/v2\/product_tag?post=41790"}],"curies":[{"name":"wp","href":"https:\/\/api.w.org\/{rel}","templated":true}]}}