{"id":41792,"date":"2023-02-16T11:54:39","date_gmt":"2023-02-16T04:54:39","guid":{"rendered":"https:\/\/mouldking.store\/shop\/mould-king-12022-2-world-railway-dongfeng-4b-diesel-locomotive-with-1212-pieces\/"},"modified":"2023-02-16T11:54:39","modified_gmt":"2023-02-16T04:54:39","slug":"mould-king-12022-2-world-railway-dongfeng-4b-diesel-locomotive-with-1212-pieces","status":"publish","type":"product","link":"https:\/\/mouldking.store\/es\/shop\/mould-king-12022-2-world-railway-dongfeng-4b-diesel-locomotive-with-1212-pieces\/","title":{"rendered":"MOLD KING 12022.2 World Railway: Locomotora di\u00e9sel Dongfeng 4B con 1212 piezas"},"content":{"rendered":"<div>\u2705 MouldKing 12022.2 World Railway: Locomotora di\u00e9sel Dongfeng 4B<\/p>\n<p>\u2705La locomotora di\u00e9sel Dongfeng 4B es un tipo de locomotora que se desarroll\u00f3 en China a mediados del siglo XX. Fue dise\u00f1ado para su uso en los ferrocarriles de China y otras partes de Asia, donde se convirti\u00f3 en una vista com\u00fan tanto en las l\u00edneas de pasajeros como de carga.<\/p>\n<p>\ud83d\udeab \u00a1IMPORTANTE!<\/p>\n<p>Nombre del producto: Ferrocarril mundial: Locomotora di\u00e9sel Dongfeng 4B<\/p>\n<p>Categor\u00eda: T\u00e9cnica<\/p>\n<p>Este kit contiene: MouldKing 12022.2<\/p>\n<p>1212 piezas de ladrillos de buena calidad<\/p>\n<p>Tama\u00f1o: 51,5 \u00d7 6,1 \u00d7 10,5 cm<\/p>\n<p>Instrucciones manuales<\/p>\n<p>\ud83d\udcccNaturaleza del protagonista<\/p>\n<p>Presentamos nuestra orgullosa colecci\u00f3n llamada &quot;World Railway: Dongfeng 4B Diesel Locomotive&quot; que no debe perderse.<\/p>\n<p>La locomotora di\u00e9sel Dongfeng 4B estaba propulsada por un motor di\u00e9sel, que le proporcionaba la potencia necesaria para transportar cargas pesadas a largas distancias. La locomotora fue dise\u00f1ada para ser confiable y eficiente, con un dise\u00f1o simple y sencillo que facilitaba el mantenimiento y la reparaci\u00f3n. La locomotora presentaba un cuerpo largo y estrecho que estaba pintado en un distintivo esquema de color verde y amarillo. Era capaz de tirar de largos trenes de vagones de carga, as\u00ed como de vagones de pasajeros para servicios locales y regionales.<\/div>","protected":false},"excerpt":{"rendered":"<p>Marca: MOLD KING<br \/>\nG\u00e9nero: Unisex<br \/>\nRango de edad: &gt; 8 a\u00f1os<br \/>\nN\u00famero de modelo: 12022.2<br \/>\nClasificaci\u00f3n: Ensamblaje<br \/>\nForma de bloque de pl\u00e1stico: Ladrillos autoblocantes<br \/>\nMaterial: Pl\u00e1stico<br \/>\nTipo de pl\u00e1stico: ABS<br \/>\nLadrillos Bloques: 1212 +<br \/>\nPreventa<\/p>","protected":false},"featured_media":41791,"comment_status":"open","ping_status":"closed","template":"","meta":{"_acf_changed":false},"product_cat":[1357,364],"product_tag":[11331,7742,2635,389,11080,8802],"class_list":["product","first","instock","shipping-taxable","purchasable","product-type-simple"],"acf":[],"_links":{"self":[{"href":"https:\/\/mouldking.store\/es\/wp-json\/wp\/v2\/product\/41792","targetHints":{"allow":["GET"]}}],"collection":[{"href":"https:\/\/mouldking.store\/es\/wp-json\/wp\/v2\/product"}],"about":[{"href":"https:\/\/mouldking.store\/es\/wp-json\/wp\/v2\/types\/product"}],"replies":[{"embeddable":true,"href":"https:\/\/mouldking.store\/es\/wp-json\/wp\/v2\/comments?post=41792"}],"wp:featuredmedia":[{"embeddable":true,"href":"https:\/\/mouldking.store\/es\/wp-json\/wp\/v2\/media\/41791"}],"wp:attachment":[{"href":"https:\/\/mouldking.store\/es\/wp-json\/wp\/v2\/media?parent=41792"}],"wp:term":[{"taxonomy":"product_cat","embeddable":true,"href":"https:\/\/mouldking.store\/es\/wp-json\/wp\/v2\/product_cat?post=41792"},{"taxonomy":"product_tag","embeddable":true,"href":"https:\/\/mouldking.store\/es\/wp-json\/wp\/v2\/product_tag?post=41792"}],"curies":[{"name":"wp","href":"https:\/\/api.w.org\/{rel}","templated":true}]}}