{"id":41794,"date":"2023-02-16T12:00:39","date_gmt":"2023-02-16T05:00:39","guid":{"rendered":"https:\/\/mouldking.store\/shop\/mould-king-12021-world-railway-harmony-crh380a-electric-multiple-unit-with-1211-pieces\/"},"modified":"2023-02-16T12:00:39","modified_gmt":"2023-02-16T05:00:39","slug":"mould-king-12021-world-railway-harmony-crh380a-electric-multiple-unit-with-1211-pieces","status":"publish","type":"product","link":"https:\/\/mouldking.store\/es\/shop\/mould-king-12021-world-railway-harmony-crh380a-electric-multiple-unit-with-1211-pieces\/","title":{"rendered":"MOLD KING 12021 World Railway: Harmony CRH380A Unidad M\u00faltiple El\u00e9ctrica con 1211 Piezas"},"content":{"rendered":"<div>\u2705MouldKing 12021 World Railway: Harmony CRH380A Electric Multiple Unit<\/p>\n<p>\u2705The Harmony CRH380A Electric Multiple Unit (EMU) is a type of high-speed train that is used in China. It was designed to operate on the country&#8217;s extensive high-speed rail network, which connects cities across China at speeds of up to 350 kilometers per hour.<\/p>\n<p>\ud83d\udeab \u00a1IMPORTANTE!<\/p>\n<p>Product Name: World Railway: Harmony CRH380A Electric Multiple Unit<\/p>\n<p>Categor\u00eda: T\u00e9cnica<\/p>\n<p>This Kit Contains: MouldKing 12021<\/p>\n<p>1211 piezas de ladrillos de buena calidad<\/p>\n<p>Tama\u00f1o: 56,2 \u00d7 13,7 \u00d7 6,1 cm<\/p>\n<p>Instrucciones manuales<\/p>\n<p>\ud83d\udcccNaturaleza del protagonista<\/p>\n<p>Introducing our proud collection named \u201cWorld Railway: Harmony CRH380A Electric Multiple Unit\u201d you should not miss.<\/p>\n<p>The Harmony CRH380A EMU is a sleek and modern train that is equipped with advanced features and technology. It features a streamlined body and is painted in a distinctive red and silver color scheme. The train is powered by a set of electric motors, which draw their energy from overhead power lines. It is capable of accelerating quickly and can reach its top speed of 350 kilometers per hour in just a few minutes. The train is designed to be comfortable and efficient, with a spacious and well-appointed interior that includes features like comfortable seats, Wi-Fi, and air conditioning.<\/div>","protected":false},"excerpt":{"rendered":"<p>Marca: MOLD KING<br \/>\nG\u00e9nero: Unisex<br \/>\nRango de edad: &gt; 8 a\u00f1os<br \/>\nN\u00famero de modelo: 12021<br \/>\nClasificaci\u00f3n: Ensamblaje<br \/>\nForma de bloque de pl\u00e1stico: Ladrillos autoblocantes<br \/>\nMaterial: Pl\u00e1stico<br \/>\nTipo de pl\u00e1stico: ABS<br \/>\nLadrillos Bloques: 1211 +<br \/>\nPreventa<\/p>","protected":false},"featured_media":41793,"comment_status":"open","ping_status":"closed","template":"","meta":{"_acf_changed":false},"product_cat":[1357,364],"product_tag":[9981,11332,11250,389,11080,8802],"class_list":["product","first","instock","shipping-taxable","purchasable","product-type-simple"],"acf":[],"_links":{"self":[{"href":"https:\/\/mouldking.store\/es\/wp-json\/wp\/v2\/product\/41794","targetHints":{"allow":["GET"]}}],"collection":[{"href":"https:\/\/mouldking.store\/es\/wp-json\/wp\/v2\/product"}],"about":[{"href":"https:\/\/mouldking.store\/es\/wp-json\/wp\/v2\/types\/product"}],"replies":[{"embeddable":true,"href":"https:\/\/mouldking.store\/es\/wp-json\/wp\/v2\/comments?post=41794"}],"wp:featuredmedia":[{"embeddable":true,"href":"https:\/\/mouldking.store\/es\/wp-json\/wp\/v2\/media\/41793"}],"wp:attachment":[{"href":"https:\/\/mouldking.store\/es\/wp-json\/wp\/v2\/media?parent=41794"}],"wp:term":[{"taxonomy":"product_cat","embeddable":true,"href":"https:\/\/mouldking.store\/es\/wp-json\/wp\/v2\/product_cat?post=41794"},{"taxonomy":"product_tag","embeddable":true,"href":"https:\/\/mouldking.store\/es\/wp-json\/wp\/v2\/product_tag?post=41794"}],"curies":[{"name":"wp","href":"https:\/\/api.w.org\/{rel}","templated":true}]}}