{"id":41900,"date":"2023-02-20T15:05:35","date_gmt":"2023-02-20T08:05:35","guid":{"rendered":"https:\/\/mouldking.store\/shop\/reobrix-683-dodge-viper-racer-car-with-419-pieces\/"},"modified":"2023-02-20T15:05:35","modified_gmt":"2023-02-20T08:05:35","slug":"reobrix-683-dodge-viper-racer-car-with-419-pieces","status":"publish","type":"product","link":"https:\/\/mouldking.store\/es\/shop\/reobrix-683-dodge-viper-racer-car-with-419-pieces\/","title":{"rendered":"REOBRIX 683 Dodge Viper Racer Car con 419 Piezas"},"content":{"rendered":"<div>\u2705 Coche de carreras Reobrix 683 Dodge Viper<br \/>&nbsp;<br \/>\u2705El autom\u00f3vil Dodge Viper Racer es un autom\u00f3vil deportivo de alto rendimiento que fue dise\u00f1ado para carreras. Se basa en el Dodge Viper, un popular autom\u00f3vil deportivo producido por el fabricante de autom\u00f3viles estadounidense Dodge.<br \/>&nbsp;<br \/>\ud83d\udeab \u00a1IMPORTANTE!&nbsp;<br \/>&nbsp;<br \/>Nombre del producto: Coche de carreras Dodge Viper<br \/>&nbsp;<br \/>Categor\u00eda: T\u00e9cnica<br \/>&nbsp;<br \/>Este kit contiene: Reobrix 683<br \/>&nbsp;<br \/>419 piezas de ladrillos de buena calidad&nbsp;<br \/>&nbsp;<br \/>Tama\u00f1o: 16,6 x 7,8 x 4,9 cm<br \/>&nbsp;<br \/>Instrucciones manuales&nbsp;<br \/>&nbsp;<br \/>\ud83d\udcccNaturaleza del protagonista&nbsp;<br \/>&nbsp;<br \/>Presentamos nuestra orgullosa colecci\u00f3n llamada &quot;Dodge Viper Racer Car&quot; que no debe perderse.&nbsp;<\/p>\n<p>El autom\u00f3vil Viper Racer est\u00e1 dise\u00f1ado espec\u00edficamente para carreras y tiene una variedad de caracter\u00edsticas y tecnolog\u00eda avanzadas que lo hacen altamente competitivo en la pista de carreras. Estas caracter\u00edsticas pueden incluir una construcci\u00f3n ligera, motores de alto rendimiento, kits de carrocer\u00eda aerodin\u00e1micos y neum\u00e1ticos de carrera especializados. El autom\u00f3vil tambi\u00e9n se desmonta para reducir el peso y aumentar el rendimiento, y se eliminan caracter\u00edsticas como el aire acondicionado y los sistemas de sonido. El auto Dodge Viper Racer tiene una apariencia distintiva, con l\u00edneas elegantes y angulosas y una postura baja y agresiva. Puede presentar una variedad de dise\u00f1os de librea de carreras y logotipos de patrocinadores, as\u00ed como otras caracter\u00edsticas visuales \u00fanicas, como alas aerodin\u00e1micas y alerones.<\/p><\/div>","protected":false},"excerpt":{"rendered":"<p>Marca: REOBRIX<br \/>\nG\u00e9nero: Unisex<br \/>\nRango de edad: &gt; 14 a\u00f1os<br \/>\nN\u00famero de modelo: 683<br \/>\nClasificaci\u00f3n: Ensamblaje<br \/>\nForma de bloque de pl\u00e1stico: Ladrillos autoblocantes<br \/>\nMaterial: Pl\u00e1stico<br \/>\nTipo de pl\u00e1stico: ABS<br \/>\nLadrillos Bloques: 419 +<br \/>\nNinguna caja<\/p>","protected":false},"featured_media":41897,"comment_status":"open","ping_status":"closed","template":"","meta":{"_acf_changed":false},"product_cat":[1360,1357,364],"product_tag":[457,10882,11354,7761,389,11080,11355],"class_list":["product","first","instock","shipping-taxable","purchasable","product-type-simple"],"acf":[],"_links":{"self":[{"href":"https:\/\/mouldking.store\/es\/wp-json\/wp\/v2\/product\/41900","targetHints":{"allow":["GET"]}}],"collection":[{"href":"https:\/\/mouldking.store\/es\/wp-json\/wp\/v2\/product"}],"about":[{"href":"https:\/\/mouldking.store\/es\/wp-json\/wp\/v2\/types\/product"}],"replies":[{"embeddable":true,"href":"https:\/\/mouldking.store\/es\/wp-json\/wp\/v2\/comments?post=41900"}],"wp:featuredmedia":[{"embeddable":true,"href":"https:\/\/mouldking.store\/es\/wp-json\/wp\/v2\/media\/41897"}],"wp:attachment":[{"href":"https:\/\/mouldking.store\/es\/wp-json\/wp\/v2\/media?parent=41900"}],"wp:term":[{"taxonomy":"product_cat","embeddable":true,"href":"https:\/\/mouldking.store\/es\/wp-json\/wp\/v2\/product_cat?post=41900"},{"taxonomy":"product_tag","embeddable":true,"href":"https:\/\/mouldking.store\/es\/wp-json\/wp\/v2\/product_tag?post=41900"}],"curies":[{"name":"wp","href":"https:\/\/api.w.org\/{rel}","templated":true}]}}