{"id":41909,"date":"2023-02-20T15:27:15","date_gmt":"2023-02-20T08:27:15","guid":{"rendered":"https:\/\/mouldking.store\/shop\/reobrix-682-shelby-gt500-racer-car-with-476-pieces\/"},"modified":"2023-02-20T15:27:15","modified_gmt":"2023-02-20T08:27:15","slug":"reobrix-682-shelby-gt500-racer-car-with-476-pieces","status":"publish","type":"product","link":"https:\/\/mouldking.store\/es\/shop\/reobrix-682-shelby-gt500-racer-car-with-476-pieces\/","title":{"rendered":"REOBRIX 682 Shelby GT500 Racer Car con 476 piezas"},"content":{"rendered":"<div>\u2705 Coche de carreras Reobrix 682 Shelby GT500<br \/>&nbsp;<br \/>\u2705El Shelby GT500 es un autom\u00f3vil deportivo de alto rendimiento dise\u00f1ado para carreras. Se basa en el Ford Mustang, que fue modificado por Carroll Shelby, ex piloto de carreras y dise\u00f1ador de autom\u00f3viles.<br \/>&nbsp;<br \/>\ud83d\udeab \u00a1IMPORTANTE!&nbsp;<br \/>&nbsp;<br \/>Nombre del producto: Coche de carreras Shelby GT500<br \/>&nbsp;<br \/>Categor\u00eda: T\u00e9cnica<br \/>&nbsp;<br \/>Este kit contiene: Reobrix 682<br \/>&nbsp;<br \/>476 piezas de ladrillos de buena calidad&nbsp;<br \/>&nbsp;<br \/>Tama\u00f1o: 16,7 x 7,3 x 4,4 cm<br \/>&nbsp;<br \/>Instrucciones manuales&nbsp;<br \/>&nbsp;<br \/>\ud83d\udcccNaturaleza del protagonista&nbsp;<br \/>&nbsp;<br \/>Presentamos nuestra orgullosa colecci\u00f3n llamada &quot;Shelby GT500 Racer Car&quot; que no debe perderse.&nbsp;<br \/>&nbsp;<br \/>El GT500 Racer Car est\u00e1 dise\u00f1ado espec\u00edficamente para carreras de alta velocidad, con caracter\u00edsticas tales como un motor de alto rendimiento, kit de carrocer\u00eda aerodin\u00e1mico, suspensi\u00f3n de carreras y neum\u00e1ticos de carrera especializados. El autom\u00f3vil est\u00e1 desmontado para reducir el peso y aumentar el rendimiento y puede presentar dise\u00f1os de librea de carreras y logotipos de patrocinadores. El Shelby GT500 Racer Car ha tenido \u00e9xito en una variedad de competencias de carreras, incluidas carreras de resistencia, carreras en carretera y eventos de derrape. Es muy buscado por coleccionistas y entusiastas de las carreras, que valoran su capacidad de rendimiento y su dise\u00f1o ic\u00f3nico.<\/div>","protected":false},"excerpt":{"rendered":"<p>Marca: REOBRIX<br \/>\nG\u00e9nero: Unisex<br \/>\nRango de edad: &gt; 14 a\u00f1os<br \/>\nN\u00famero de modelo: 682<br \/>\nClasificaci\u00f3n: Ensamblaje<br \/>\nForma de bloque de pl\u00e1stico: Ladrillos autoblocantes<br \/>\nMaterial: Pl\u00e1stico<br \/>\nTipo de pl\u00e1stico: ABS<br \/>\nLadrillos Bloques: 476 +<br \/>\nNinguna caja<\/p>","protected":false},"featured_media":41906,"comment_status":"open","ping_status":"closed","template":"","meta":{"_acf_changed":false},"product_cat":[1360,1357,364],"product_tag":[457,11357,7761,7407,389,11080],"class_list":["product","first","instock","shipping-taxable","purchasable","product-type-simple"],"acf":[],"_links":{"self":[{"href":"https:\/\/mouldking.store\/es\/wp-json\/wp\/v2\/product\/41909","targetHints":{"allow":["GET"]}}],"collection":[{"href":"https:\/\/mouldking.store\/es\/wp-json\/wp\/v2\/product"}],"about":[{"href":"https:\/\/mouldking.store\/es\/wp-json\/wp\/v2\/types\/product"}],"replies":[{"embeddable":true,"href":"https:\/\/mouldking.store\/es\/wp-json\/wp\/v2\/comments?post=41909"}],"wp:featuredmedia":[{"embeddable":true,"href":"https:\/\/mouldking.store\/es\/wp-json\/wp\/v2\/media\/41906"}],"wp:attachment":[{"href":"https:\/\/mouldking.store\/es\/wp-json\/wp\/v2\/media?parent=41909"}],"wp:term":[{"taxonomy":"product_cat","embeddable":true,"href":"https:\/\/mouldking.store\/es\/wp-json\/wp\/v2\/product_cat?post=41909"},{"taxonomy":"product_tag","embeddable":true,"href":"https:\/\/mouldking.store\/es\/wp-json\/wp\/v2\/product_tag?post=41909"}],"curies":[{"name":"wp","href":"https:\/\/api.w.org\/{rel}","templated":true}]}}