{"id":41918,"date":"2023-02-20T15:40:32","date_gmt":"2023-02-20T08:40:32","guid":{"rendered":"https:\/\/mouldking.store\/shop\/reobrix-681-audi-r8-racer-car-with-413-pieces\/"},"modified":"2023-02-20T15:40:32","modified_gmt":"2023-02-20T08:40:32","slug":"reobrix-681-audi-r8-racer-car-with-413-pieces","status":"publish","type":"product","link":"https:\/\/mouldking.store\/es\/shop\/reobrix-681-audi-r8-racer-car-with-413-pieces\/","title":{"rendered":"REOBRIX 681 Audi R8 Racer Car con 413 Piezas"},"content":{"rendered":"<div>\u2705 Coche de carreras Reobrix 681 Audi R8<br \/>&nbsp;<br \/>\u2705El Audi R8 es un autom\u00f3vil deportivo de alto rendimiento dise\u00f1ado tanto para uso en carretera como en pista. Se introdujo por primera vez en 2006 y desde entonces se ha convertido en una opci\u00f3n popular tanto para entusiastas como para corredores profesionales. El R8 Racer Car es una versi\u00f3n especial del autom\u00f3vil que est\u00e1 dise\u00f1ado espec\u00edficamente para carreras. Cuenta con una variedad de actualizaciones y modificaciones que lo hacen m\u00e1s adecuado para la competencia de alta velocidad.<\/p>\n<\/div>\n<div>\ud83d\udeab \u00a1IMPORTANTE!&nbsp;<br \/>&nbsp;<br \/>Nombre del producto: Coche de carreras Audi R8<br \/>&nbsp;<br \/>Categor\u00eda: T\u00e9cnica<br \/>&nbsp;<br \/>Este kit contiene: Reobrix 681<br \/>&nbsp;<br \/>413 piezas de ladrillos de buena calidad&nbsp;<br \/>&nbsp;<br \/>Tama\u00f1o: 15,9 x 7,9 x 4,4 cm<br \/>&nbsp;<br \/>Instrucciones manuales&nbsp;<br \/>&nbsp;<br \/>\ud83d\udcccNaturaleza del protagonista&nbsp;<br \/>&nbsp;<br \/>Presentamos nuestra orgullosa colecci\u00f3n llamada &quot;Audi R8 Racer Car&quot; que no debe perderse.&nbsp;<br \/>&nbsp;<br \/>El R8 Racer Car se ha utilizado en una variedad de series de carreras, incluidas la FIA GT3, la American Le Mans Series y las 24 Horas de Le Mans. Ha tenido \u00e9xito en muchas de estas competencias, gracias a su combinaci\u00f3n de velocidad, manejo y confiabilidad. Adem\u00e1s de su \u00e9xito en las carreras, el Audi R8 tambi\u00e9n es un autom\u00f3vil deportivo popular para conducir en la carretera. Tiene un dise\u00f1o distintivo y elegante, con l\u00edneas elegantes y un perfil bajo. El autom\u00f3vil cuenta con tecnolog\u00eda avanzada y comodidades de lujo, que incluyen un sistema de sonido de alta calidad, asientos de cuero y un grupo de instrumentos digitales.<\/div>","protected":false},"excerpt":{"rendered":"<p>Marca: REOBRIX<br \/>\nG\u00e9nero: Unisex<br \/>\nRango de edad: &gt; 14 a\u00f1os<br \/>\nN\u00famero de modelo: 681<br \/>\nClasificaci\u00f3n: Ensamblaje<br \/>\nForma de bloque de pl\u00e1stico: Ladrillos autoblocantes<br \/>\nMaterial: Pl\u00e1stico<br \/>\nTipo de pl\u00e1stico: ABS<br \/>\nLadrillos Bloques: 413 +<br \/>\nNinguna caja<\/p>","protected":false},"featured_media":41915,"comment_status":"open","ping_status":"closed","template":"","meta":{"_acf_changed":false},"product_cat":[1360,1357,364],"product_tag":[1845,457,7761,389,11080],"class_list":["product","first","instock","shipping-taxable","purchasable","product-type-simple"],"acf":[],"_links":{"self":[{"href":"https:\/\/mouldking.store\/es\/wp-json\/wp\/v2\/product\/41918","targetHints":{"allow":["GET"]}}],"collection":[{"href":"https:\/\/mouldking.store\/es\/wp-json\/wp\/v2\/product"}],"about":[{"href":"https:\/\/mouldking.store\/es\/wp-json\/wp\/v2\/types\/product"}],"replies":[{"embeddable":true,"href":"https:\/\/mouldking.store\/es\/wp-json\/wp\/v2\/comments?post=41918"}],"wp:featuredmedia":[{"embeddable":true,"href":"https:\/\/mouldking.store\/es\/wp-json\/wp\/v2\/media\/41915"}],"wp:attachment":[{"href":"https:\/\/mouldking.store\/es\/wp-json\/wp\/v2\/media?parent=41918"}],"wp:term":[{"taxonomy":"product_cat","embeddable":true,"href":"https:\/\/mouldking.store\/es\/wp-json\/wp\/v2\/product_cat?post=41918"},{"taxonomy":"product_tag","embeddable":true,"href":"https:\/\/mouldking.store\/es\/wp-json\/wp\/v2\/product_tag?post=41918"}],"curies":[{"name":"wp","href":"https:\/\/api.w.org\/{rel}","templated":true}]}}