{"id":41945,"date":"2023-02-20T16:30:13","date_gmt":"2023-02-20T09:30:13","guid":{"rendered":"https:\/\/mouldking.store\/shop\/balody-21058-gingerbread-house-with-1026-pieces\/"},"modified":"2023-02-20T16:30:13","modified_gmt":"2023-02-20T09:30:13","slug":"balody-21058-gingerbread-house-with-1026-pieces","status":"publish","type":"product","link":"https:\/\/mouldking.store\/es\/shop\/balody-21058-gingerbread-house-with-1026-pieces\/","title":{"rendered":"BALODY 21058 Casa de pan de jengibre con 1026 piezas"},"content":{"rendered":"<div>\u2705 BALODY 21058 Casa de pan de jengibre<br \/>&nbsp;<br \/>\u2705Una casa de pan de jengibre es un regalo festivo y decorativo que a menudo se hace con masa de pan de jengibre, glaseado y varios tipos de dulces o golosinas. La masa de pan de jengibre se corta en formas y se ensambla para formar las paredes, el techo y otros elementos estructurales de la casa. El glaseado se usa para unir las piezas y agregar elementos decorativos como ventanas, puertas y otros detalles. Luego se agregan dulces y dulces para decorar la casa, como gomitas, bastones de caramelo, chispas de chocolate y m\u00e1s.<br \/>&nbsp;<br \/>\ud83d\udeab \u00a1IMPORTANTE!&nbsp;<br \/>&nbsp;<br \/>Nombre del producto: Casa de pan de jengibre<br \/>&nbsp;<br \/>Categor\u00eda: Creador&nbsp;<br \/>&nbsp;<br \/>Este kit contiene: BALODY 21058&nbsp;<br \/>&nbsp;<br \/>1026 piezas de ladrillos de buena calidad&nbsp;<br \/>&nbsp;<br \/>Tama\u00f1o: 18,6 \u00d7 8,6 \u00d7 12,7 cm<br \/>&nbsp;<br \/>Instrucciones manuales&nbsp;<br \/>&nbsp;<br \/>\ud83d\udcccNaturaleza del protagonista&nbsp;<br \/>&nbsp;<br \/>Presentamos nuestra orgullosa colecci\u00f3n llamada &quot;Casa de pan de jengibre&quot; que no debe perderse.&nbsp;<br \/>&nbsp;<br \/>Las casas de pan de jengibre pueden tener todas las formas y tama\u00f1os, desde peque\u00f1as y simples hasta grandes y elaboradas. Suelen estar decoradas para que parezcan casas tradicionales con techos inclinados y chimeneas, pero tambi\u00e9n pueden adoptar formas m\u00e1s extravagantes, como castillos, caba\u00f1as o incluso \u00e1rboles de Navidad. Las casas de pan de jengibre son una actividad festiva popular, a menudo hechas con familiares o amigos, y se pueden exhibir como decoraci\u00f3n festiva o incluso comerse como un sabroso manjar. Son una tradici\u00f3n querida durante la temporada navide\u00f1a y una forma divertida de celebrar las fiestas.<\/div>","protected":false},"excerpt":{"rendered":"<p>Marca: BALODY<br \/>\nG\u00e9nero: Unisex<br \/>\nRango de edad: &gt; 6 a\u00f1os<br \/>\nN\u00famero de modelo: 21058<br \/>\nClasificaci\u00f3n: Ensamblaje<br \/>\nForma de bloque de pl\u00e1stico: Ladrillos autoblocantes<br \/>\nMaterial: Pl\u00e1stico<br \/>\nTipo de pl\u00e1stico: ABS<br \/>\nLadrillos Bloques: 1026 +<br \/>\nPreventa<\/p>","protected":false},"featured_media":41941,"comment_status":"open","ping_status":"closed","template":"","meta":{"_acf_changed":false},"product_cat":[1365,1395,371,390],"product_tag":[11072,8452,7499,7502,2318,392],"class_list":["product","first","instock","shipping-taxable","purchasable","product-type-simple"],"acf":[],"_links":{"self":[{"href":"https:\/\/mouldking.store\/es\/wp-json\/wp\/v2\/product\/41945","targetHints":{"allow":["GET"]}}],"collection":[{"href":"https:\/\/mouldking.store\/es\/wp-json\/wp\/v2\/product"}],"about":[{"href":"https:\/\/mouldking.store\/es\/wp-json\/wp\/v2\/types\/product"}],"replies":[{"embeddable":true,"href":"https:\/\/mouldking.store\/es\/wp-json\/wp\/v2\/comments?post=41945"}],"wp:featuredmedia":[{"embeddable":true,"href":"https:\/\/mouldking.store\/es\/wp-json\/wp\/v2\/media\/41941"}],"wp:attachment":[{"href":"https:\/\/mouldking.store\/es\/wp-json\/wp\/v2\/media?parent=41945"}],"wp:term":[{"taxonomy":"product_cat","embeddable":true,"href":"https:\/\/mouldking.store\/es\/wp-json\/wp\/v2\/product_cat?post=41945"},{"taxonomy":"product_tag","embeddable":true,"href":"https:\/\/mouldking.store\/es\/wp-json\/wp\/v2\/product_tag?post=41945"}],"curies":[{"name":"wp","href":"https:\/\/api.w.org\/{rel}","templated":true}]}}