{"id":41952,"date":"2023-02-20T16:45:21","date_gmt":"2023-02-20T09:45:21","guid":{"rendered":"https:\/\/mouldking.store\/shop\/balody-21063-small-fresh-motorcycle-with-1078-pieces\/"},"modified":"2023-02-20T16:45:21","modified_gmt":"2023-02-20T09:45:21","slug":"balody-21063-small-fresh-motorcycle-with-1078-pieces","status":"publish","type":"product","link":"https:\/\/mouldking.store\/es\/shop\/balody-21063-small-fresh-motorcycle-with-1078-pieces\/","title":{"rendered":"BALODY 21063 Motocicleta Fresca Peque\u00f1a con 1078 Piezas"},"content":{"rendered":"<div>\u2705 BALODY 21063 Motocicleta Fresca Peque\u00f1a<br \/>&nbsp;<br \/>\u2705La pintura de Motos es una excelente forma de iniciar tus creaciones. Est\u00e1 dise\u00f1ada con la forma de una Vespa y tiene la famosa terraza en la parte delantera y trasera de su carrocer\u00eda. El color azul hace que esta incre\u00edble vespa sea realmente hermosa, pero tambi\u00e9n se ve muy bien en cualquier pared.<br \/>&nbsp;<br \/>\ud83d\udeab \u00a1IMPORTANTE!&nbsp;<br \/>&nbsp;<br \/>Nombre del producto: Peque\u00f1a motocicleta fresca<br \/>&nbsp;<br \/>Categor\u00eda: Creador&nbsp;<br \/>&nbsp;<br \/>Este kit contiene: BALODY 21063<br \/>&nbsp;<br \/>1078 piezas de ladrillos de buena calidad&nbsp;<br \/>&nbsp;<br \/>Tama\u00f1o: 25,8 \u00d7 11 \u00d7 18,4 cm<br \/>&nbsp;<br \/>Instrucciones manuales&nbsp;<br \/>&nbsp;<br \/>\ud83d\udcccNaturaleza del protagonista&nbsp;<br \/>&nbsp;<br \/>Presentamos nuestra orgullosa colecci\u00f3n llamada &quot;Small Fresh Motorcycle&quot; que no debe perderse.&nbsp;<br \/>&nbsp;<br \/>Esta es una creaci\u00f3n original, una motocicleta vespa pintada en colores oto\u00f1ales. El producto pertenece a la serie Small Fresh y hay 1078 part\u00edculas en el conjunto, que se pueden usar como bloques de construcci\u00f3n para ideas creativas.<\/div>","protected":false},"excerpt":{"rendered":"<p>Marca: BALODY<br \/>\nG\u00e9nero: Unisex<br \/>\nRango de edad: &gt; 6 a\u00f1os<br \/>\nN\u00famero de modelo: 21063<br \/>\nClasificaci\u00f3n: Ensamblaje<br \/>\nForma de bloque de pl\u00e1stico: Ladrillos autoblocantes<br \/>\nMaterial: Pl\u00e1stico<br \/>\nTipo de pl\u00e1stico: ABS<br \/>\nLadrillos Bloques: 1078 +<br \/>\nPreventa<\/p>","protected":false},"featured_media":41946,"comment_status":"open","ping_status":"closed","template":"","meta":{"_acf_changed":false},"product_cat":[1365,371],"product_tag":[11361,11072,8452,2449,7204,11362],"class_list":["product","first","instock","shipping-taxable","purchasable","product-type-simple"],"acf":[],"_links":{"self":[{"href":"https:\/\/mouldking.store\/es\/wp-json\/wp\/v2\/product\/41952","targetHints":{"allow":["GET"]}}],"collection":[{"href":"https:\/\/mouldking.store\/es\/wp-json\/wp\/v2\/product"}],"about":[{"href":"https:\/\/mouldking.store\/es\/wp-json\/wp\/v2\/types\/product"}],"replies":[{"embeddable":true,"href":"https:\/\/mouldking.store\/es\/wp-json\/wp\/v2\/comments?post=41952"}],"wp:featuredmedia":[{"embeddable":true,"href":"https:\/\/mouldking.store\/es\/wp-json\/wp\/v2\/media\/41946"}],"wp:attachment":[{"href":"https:\/\/mouldking.store\/es\/wp-json\/wp\/v2\/media?parent=41952"}],"wp:term":[{"taxonomy":"product_cat","embeddable":true,"href":"https:\/\/mouldking.store\/es\/wp-json\/wp\/v2\/product_cat?post=41952"},{"taxonomy":"product_tag","embeddable":true,"href":"https:\/\/mouldking.store\/es\/wp-json\/wp\/v2\/product_tag?post=41952"}],"curies":[{"name":"wp","href":"https:\/\/api.w.org\/{rel}","templated":true}]}}