{"id":41964,"date":"2023-02-20T17:08:48","date_gmt":"2023-02-20T10:08:48","guid":{"rendered":"https:\/\/mouldking.store\/shop\/happy-build-yc-35001-3in1-robot-with-468-pieces\/"},"modified":"2023-03-14T09:57:13","modified_gmt":"2023-03-14T02:57:13","slug":"happy-build-yc-35001-3in1-robot-with-468-pieces","status":"publish","type":"product","link":"https:\/\/mouldking.store\/es\/shop\/happy-build-yc-35001-3in1-robot-with-468-pieces\/","title":{"rendered":"HAPPY BUILD YC-35001 Robot 3IN1 con 468 Piezas"},"content":{"rendered":"<div>\u2705 FELIZ CONSTRUCCI\u00d3N YC-35001 Robot 3IN1<br \/>&nbsp;<br \/>\u2705El robot 3IN1 es un robot amarillo que pertenece al conjunto de bloques de construcci\u00f3n de la serie de grupos mec\u00e1nicos. Las personas pueden construir y jugar f\u00e1cilmente con sus propias creaciones o personalizarlas con partes de otros robots 3IN1. Este juguete de construcci\u00f3n revolucionario permite a los ni\u00f1os aprender sobre rob\u00f3tica, ciencia, ingenier\u00eda y construcci\u00f3n.<br \/>&nbsp;<br \/>\ud83d\udeab \u00a1IMPORTANTE!&nbsp;<br \/>&nbsp;<br \/>Nombre del producto: Robot 3 en 1<br \/>&nbsp;<br \/>Categor\u00eda: Creador&nbsp;<br \/>&nbsp;<br \/>Este kit contiene: HAPPY BUILD YC-35001<br \/>&nbsp;<br \/>468 piezas de ladrillos de buena calidad&nbsp;<br \/>&nbsp;<br \/>Instrucciones manuales&nbsp;<br \/>&nbsp;<br \/>\ud83d\udcccNaturaleza del protagonista&nbsp;<br \/>&nbsp;<br \/>Presentamos nuestra orgullosa colecci\u00f3n llamada &quot;3IN1 Robot&quot; que no debe perderse.&nbsp;<br \/>&nbsp;<br \/>El robot 3IN1 es un robot amarillo que se puede cambiar. El robot 3IN1 (cambiable) pertenece al conjunto de bloques de construcci\u00f3n de la serie de grupos mec\u00e1nicos, y todo el conjunto contiene 468 part\u00edculas de bloques de construcci\u00f3n. El primer lanzamiento en 2023.<\/div>","protected":false},"excerpt":{"rendered":"<p>Marca: HAPPY BUILD<br \/>\nG\u00e9nero: Unisex<br \/>\nRango de edad: &gt; 8 a\u00f1os<br \/>\nN\u00famero de modelo: YC-35001<br \/>\nClasificaci\u00f3n: Ensamblaje<br \/>\nForma de bloque de pl\u00e1stico: Ladrillos autoblocantes<br \/>\nMaterial: Pl\u00e1stico<br \/>\nTipo de pl\u00e1stico: ABS<br \/>\nLadrillos Bloques: 468 +<br \/>\nPreventa<\/p>","protected":false},"featured_media":41961,"comment_status":"open","ping_status":"closed","template":"","meta":{"_acf_changed":false},"product_cat":[1365,371],"product_tag":[11363,11072,8452,590],"class_list":["product","first","outofstock","shipping-taxable","purchasable","product-type-simple"],"acf":[],"_links":{"self":[{"href":"https:\/\/mouldking.store\/es\/wp-json\/wp\/v2\/product\/41964","targetHints":{"allow":["GET"]}}],"collection":[{"href":"https:\/\/mouldking.store\/es\/wp-json\/wp\/v2\/product"}],"about":[{"href":"https:\/\/mouldking.store\/es\/wp-json\/wp\/v2\/types\/product"}],"replies":[{"embeddable":true,"href":"https:\/\/mouldking.store\/es\/wp-json\/wp\/v2\/comments?post=41964"}],"wp:featuredmedia":[{"embeddable":true,"href":"https:\/\/mouldking.store\/es\/wp-json\/wp\/v2\/media\/41961"}],"wp:attachment":[{"href":"https:\/\/mouldking.store\/es\/wp-json\/wp\/v2\/media?parent=41964"}],"wp:term":[{"taxonomy":"product_cat","embeddable":true,"href":"https:\/\/mouldking.store\/es\/wp-json\/wp\/v2\/product_cat?post=41964"},{"taxonomy":"product_tag","embeddable":true,"href":"https:\/\/mouldking.store\/es\/wp-json\/wp\/v2\/product_tag?post=41964"}],"curies":[{"name":"wp","href":"https:\/\/api.w.org\/{rel}","templated":true}]}}