{"id":41966,"date":"2022-02-20T17:20:51","date_gmt":"2022-02-20T10:20:51","guid":{"rendered":"https:\/\/mouldking.store\/shop\/cogo-17015-dreaming-of-china-airlines-type-12322-bison-class-air-cushion-landing-craft-with-826-pieces\/"},"modified":"2023-03-10T11:03:15","modified_gmt":"2023-03-10T04:03:15","slug":"cogo-17015-dreaming-of-china-airlines-type-12322-bison-class-air-cushion-landing-craft-with-826-pieces","status":"publish","type":"product","link":"https:\/\/mouldking.store\/es\/shop\/cogo-17015-dreaming-of-china-airlines-type-12322-bison-class-air-cushion-landing-craft-with-826-pieces\/","title":{"rendered":"CoGo 17015 So\u00f1ando con China Airlines: Lancha de aterrizaje con colch\u00f3n de aire tipo 12322 clase Bison con 826 piezas"},"content":{"rendered":"<div>\u2705COGO 17015 Dreaming of China Airlines: Embarcaci\u00f3n de aterrizaje con colch\u00f3n de aire tipo 12322 clase Bison<br \/>&nbsp;<br \/>\u2705La lancha de desembarco con coj\u00edn de aire tipo 12322 clase Bison es un tipo de lancha de desembarco utilizada por la Armada del Ej\u00e9rcito Popular de Liberaci\u00f3n (PLAN) de China. Est\u00e1 dise\u00f1ado para transportar tropas, equipos y suministros desde los barcos hasta la costa durante las operaciones anfibias.<br \/>&nbsp;<br \/>\ud83d\udeab \u00a1IMPORTANTE!&nbsp;<br \/>&nbsp;<br \/>Nombre del producto: So\u00f1ando con China Airlines: Tipo 12322 Lancha de aterrizaje con colch\u00f3n de aire clase Bison<br \/>&nbsp;<br \/>Categor\u00eda: Militar<br \/>&nbsp;<br \/>Este kit contiene: COGO 17015<br \/>&nbsp;<br \/>826 piezas de ladrillos de buena calidad&nbsp;<br \/>&nbsp;<br \/>Instrucciones manuales&nbsp;<br \/>&nbsp;<br \/>\ud83d\udcccNaturaleza del protagonista&nbsp;<br \/>&nbsp;<br \/>Presentamos nuestra orgullosa colecci\u00f3n llamada &quot;Dreaming of China Airlines: Type 12322 Bison-class Air Cushion Landing Craft&quot; que no debe perderse.&nbsp;<\/p>\n<\/div>\n<div>La lancha de desembarco de la clase Bison utiliza un sistema de colch\u00f3n de aire para levantar la embarcaci\u00f3n del agua y proporcionar un viaje suave durante el transporte a alta velocidad. Esto permite que la embarcaci\u00f3n opere en aguas poco profundas y atraviese terrenos dif\u00edciles como pantanos, bancos de arena y campos cubiertos de nieve.<\/div>","protected":false},"excerpt":{"rendered":"<p>Marca: CoGo<br \/>\nG\u00e9nero: Unisex<br \/>\nRango de edad: &gt; 6 a\u00f1os<br \/>\nN\u00famero de modelo: 17015<br \/>\nClasificaci\u00f3n: Ensamblaje<br \/>\nForma de bloque de pl\u00e1stico: Ladrillos autoblocantes<br \/>\nMaterial: Pl\u00e1stico<br \/>\nTipo de pl\u00e1stico: ABS<br \/>\nLadrillos Bloques: 826 +<br \/>\nPreventa<\/p>","protected":false},"featured_media":41965,"comment_status":"open","ping_status":"closed","template":"","meta":{"_acf_changed":false},"product_cat":[1350,1357,372,364],"product_tag":[11202,11366,11365,10892,11364,11249,374,389],"class_list":["product","first","outofstock","shipping-taxable","purchasable","product-type-simple"],"acf":[],"_links":{"self":[{"href":"https:\/\/mouldking.store\/es\/wp-json\/wp\/v2\/product\/41966","targetHints":{"allow":["GET"]}}],"collection":[{"href":"https:\/\/mouldking.store\/es\/wp-json\/wp\/v2\/product"}],"about":[{"href":"https:\/\/mouldking.store\/es\/wp-json\/wp\/v2\/types\/product"}],"replies":[{"embeddable":true,"href":"https:\/\/mouldking.store\/es\/wp-json\/wp\/v2\/comments?post=41966"}],"wp:featuredmedia":[{"embeddable":true,"href":"https:\/\/mouldking.store\/es\/wp-json\/wp\/v2\/media\/41965"}],"wp:attachment":[{"href":"https:\/\/mouldking.store\/es\/wp-json\/wp\/v2\/media?parent=41966"}],"wp:term":[{"taxonomy":"product_cat","embeddable":true,"href":"https:\/\/mouldking.store\/es\/wp-json\/wp\/v2\/product_cat?post=41966"},{"taxonomy":"product_tag","embeddable":true,"href":"https:\/\/mouldking.store\/es\/wp-json\/wp\/v2\/product_tag?post=41966"}],"curies":[{"name":"wp","href":"https:\/\/api.w.org\/{rel}","templated":true}]}}