{"id":41970,"date":"2022-02-20T17:36:56","date_gmt":"2022-02-20T10:36:56","guid":{"rendered":"https:\/\/mouldking.store\/shop\/cogo-17010-hongqi-6-search-radar-vehicle-and-air-defense-radar-vehicle-with-416-pieces\/"},"modified":"2023-03-10T11:03:04","modified_gmt":"2023-03-10T04:03:04","slug":"cogo-17010-hongqi-6-search-radar-vehicle-and-air-defense-radar-vehicle-with-416-pieces","status":"publish","type":"product","link":"https:\/\/mouldking.store\/es\/shop\/cogo-17010-hongqi-6-search-radar-vehicle-and-air-defense-radar-vehicle-with-416-pieces\/","title":{"rendered":"CoGo 17010 Hongqi 6 Veh\u00edculo de radar de b\u00fasqueda y veh\u00edculo de radar de defensa a\u00e9rea con 416 piezas"},"content":{"rendered":"<div>\u2705 Veh\u00edculo de radar de b\u00fasqueda COGO 17010 Hongqi 6 y veh\u00edculo de radar de defensa a\u00e9rea<br \/>&nbsp;<br \/>\u2705Hongqi 6 (HQ-6) es un sistema de misiles tierra-aire (SAM) de medio alcance desarrollado por China. El sistema HQ-6 est\u00e1 dise\u00f1ado para defenderse de aviones, helic\u00f3pteros y misiles de crucero que vuelan a baja altura. Consta de una serie de componentes, incluidos lanzadores de misiles, veh\u00edculos de mando y control, y veh\u00edculos de b\u00fasqueda y radar.<br \/>&nbsp;<br \/>\ud83d\udeab \u00a1IMPORTANTE!&nbsp;<br \/>&nbsp;<br \/>Nombre del producto: Veh\u00edculo de radar de b\u00fasqueda Hongqi 6 y veh\u00edculo de radar de defensa a\u00e9rea<br \/>&nbsp;<br \/>Categor\u00eda: Militar<br \/>&nbsp;<br \/>Este kit contiene: COGO 17010<br \/>&nbsp;<br \/>416 piezas de ladrillos de buena calidad.&nbsp;<br \/>&nbsp;<br \/>Instrucciones manuales&nbsp;<br \/>&nbsp;<br \/>\ud83d\udcccNaturaleza del protagonista&nbsp;<br \/>&nbsp;<br \/>Presentamos nuestra orgullosa colecci\u00f3n llamada &quot;Hongqi 6 Search Radar Vehicle and Air Defense Radar Vehicle&quot; que no debe perderse.&nbsp;<br \/>&nbsp;<br \/>El veh\u00edculo de radar de b\u00fasqueda Hongqi 6 es uno de los componentes clave del sistema HQ-6. Es un sistema de radar montado en un veh\u00edculo que se utiliza para detectar y rastrear objetivos entrantes, proporcionando los datos necesarios para lanzar misiles y enfrentar amenazas. El veh\u00edculo de radar de b\u00fasqueda est\u00e1 equipado con una poderosa antena de radar que gira para escanear el espacio a\u00e9reo circundante en busca de amenazas entrantes.<\/div>","protected":false},"excerpt":{"rendered":"<p>Marca: CoGo<br \/>\nG\u00e9nero: Unisex<br \/>\nRango de edad: &gt; 6 a\u00f1os<br \/>\nN\u00famero de modelo: 17010<br \/>\nClasificaci\u00f3n: Ensamblaje<br \/>\nForma de bloque de pl\u00e1stico: Ladrillos autoblocantes<br \/>\nMaterial: Pl\u00e1stico<br \/>\nTipo de pl\u00e1stico: ABS<br \/>\nLadrillos Bloques: 416 +<br \/>\nPreventa<\/p>","protected":false},"featured_media":41969,"comment_status":"open","ping_status":"closed","template":"","meta":{"_acf_changed":false},"product_cat":[1350,1357,372,364],"product_tag":[11202,11322,374,11368,389,2803],"class_list":["product","first","outofstock","shipping-taxable","purchasable","product-type-simple"],"acf":[],"_links":{"self":[{"href":"https:\/\/mouldking.store\/es\/wp-json\/wp\/v2\/product\/41970","targetHints":{"allow":["GET"]}}],"collection":[{"href":"https:\/\/mouldking.store\/es\/wp-json\/wp\/v2\/product"}],"about":[{"href":"https:\/\/mouldking.store\/es\/wp-json\/wp\/v2\/types\/product"}],"replies":[{"embeddable":true,"href":"https:\/\/mouldking.store\/es\/wp-json\/wp\/v2\/comments?post=41970"}],"wp:featuredmedia":[{"embeddable":true,"href":"https:\/\/mouldking.store\/es\/wp-json\/wp\/v2\/media\/41969"}],"wp:attachment":[{"href":"https:\/\/mouldking.store\/es\/wp-json\/wp\/v2\/media?parent=41970"}],"wp:term":[{"taxonomy":"product_cat","embeddable":true,"href":"https:\/\/mouldking.store\/es\/wp-json\/wp\/v2\/product_cat?post=41970"},{"taxonomy":"product_tag","embeddable":true,"href":"https:\/\/mouldking.store\/es\/wp-json\/wp\/v2\/product_tag?post=41970"}],"curies":[{"name":"wp","href":"https:\/\/api.w.org\/{rel}","templated":true}]}}