{"id":41974,"date":"2022-02-20T17:47:40","date_gmt":"2022-02-20T10:47:40","guid":{"rendered":"https:\/\/mouldking.store\/shop\/cogo-17007-dreaming-of-china-airlines-dongfeng-warrior-medical-vehicle-with-402-pieces\/"},"modified":"2023-03-10T11:02:55","modified_gmt":"2023-03-10T04:02:55","slug":"cogo-17007-dreaming-of-china-airlines-dongfeng-warrior-medical-vehicle-with-402-pieces","status":"publish","type":"product","link":"https:\/\/mouldking.store\/es\/shop\/cogo-17007-dreaming-of-china-airlines-dongfeng-warrior-medical-vehicle-with-402-pieces\/","title":{"rendered":"CoGo 17007 Dreaming of China Airlines: Veh\u00edculo m\u00e9dico Dongfeng Warrior con 402 piezas"},"content":{"rendered":"<div>\u2705 COGO 17007 So\u00f1ando con China Airlines: Veh\u00edculo m\u00e9dico Dongfeng Warrior<br \/>&nbsp;<br \/>\u2705El Dongfeng Warrior Medical Vehicle es un tipo de ambulancia blindada desarrollada por China. Est\u00e1 dise\u00f1ado para transportar soldados heridos y brindar atenci\u00f3n m\u00e9dica en situaciones de combate o emergencia.<br \/>&nbsp;<br \/>\ud83d\udeab \u00a1IMPORTANTE!&nbsp;<br \/>&nbsp;<br \/>Nombre del producto: So\u00f1ando con China Airlines: veh\u00edculo m\u00e9dico Dongfeng Warrior<br \/>&nbsp;<br \/>Categor\u00eda: Militar<br \/>&nbsp;<br \/>Este kit contiene: COGO 17007&nbsp;<br \/>&nbsp;<br \/>402 piezas de ladrillos de buena calidad&nbsp;<\/p>\n<p>Instrucciones manuales&nbsp;<br \/>&nbsp;<br \/>\ud83d\udcccNaturaleza del protagonista&nbsp;<br \/>&nbsp;<br \/>Presentamos nuestra orgullosa colecci\u00f3n llamada &quot;Dreaming of China Airlines: Dongfeng Warrior Medical Vehicle&quot; que no debe perderse.&nbsp;<br \/>&nbsp;<br \/>El veh\u00edculo m\u00e9dico Dongfeng Warrior se basa en la plataforma de veh\u00edculos t\u00e1cticos ligeros 4\u00d74 Dongfeng Warrior, que es ampliamente utilizada por el ej\u00e9rcito chino. Est\u00e1 equipado con equipos y suministros m\u00e9dicos avanzados, que incluyen una camilla, suministro de ox\u00edgeno, desfibrilador y medicina de emergencia. El veh\u00edculo tambi\u00e9n est\u00e1 dise\u00f1ado para proporcionar un entorno c\u00f3modo para que trabaje el personal m\u00e9dico, con aire acondicionado y otras caracter\u00edsticas para garantizar la seguridad y la comodidad de los pacientes.<\/div>","protected":false},"excerpt":{"rendered":"<p>Marca: CoGo<br \/>\nG\u00e9nero: Unisex<br \/>\nRango de edad: &gt; 6 a\u00f1os<br \/>\nN\u00famero de modelo: 17007<br \/>\nClasificaci\u00f3n: Ensamblaje<br \/>\nForma de bloque de pl\u00e1stico: Ladrillos autoblocantes<br \/>\nMaterial: Pl\u00e1stico<br \/>\nTipo de pl\u00e1stico: ABS<br \/>\nLadrillos Bloques: 402 +<br \/>\nPreventa<\/p>","protected":false},"featured_media":41973,"comment_status":"open","ping_status":"closed","template":"","meta":{"_acf_changed":false},"product_cat":[1350,1357,372,364],"product_tag":[10892,11364,7742,11370,374,389,2803,11369],"class_list":["product","first","outofstock","shipping-taxable","purchasable","product-type-simple"],"acf":[],"_links":{"self":[{"href":"https:\/\/mouldking.store\/es\/wp-json\/wp\/v2\/product\/41974","targetHints":{"allow":["GET"]}}],"collection":[{"href":"https:\/\/mouldking.store\/es\/wp-json\/wp\/v2\/product"}],"about":[{"href":"https:\/\/mouldking.store\/es\/wp-json\/wp\/v2\/types\/product"}],"replies":[{"embeddable":true,"href":"https:\/\/mouldking.store\/es\/wp-json\/wp\/v2\/comments?post=41974"}],"wp:featuredmedia":[{"embeddable":true,"href":"https:\/\/mouldking.store\/es\/wp-json\/wp\/v2\/media\/41973"}],"wp:attachment":[{"href":"https:\/\/mouldking.store\/es\/wp-json\/wp\/v2\/media?parent=41974"}],"wp:term":[{"taxonomy":"product_cat","embeddable":true,"href":"https:\/\/mouldking.store\/es\/wp-json\/wp\/v2\/product_cat?post=41974"},{"taxonomy":"product_tag","embeddable":true,"href":"https:\/\/mouldking.store\/es\/wp-json\/wp\/v2\/product_tag?post=41974"}],"curies":[{"name":"wp","href":"https:\/\/api.w.org\/{rel}","templated":true}]}}