{"id":42006,"date":"2023-02-22T10:05:17","date_gmt":"2023-02-22T03:05:17","guid":{"rendered":"https:\/\/mouldking.store\/shop\/rastar-99300-audi-r8-lms-gt3-sports-car-with-3314-pieces\/"},"modified":"2024-05-10T08:09:55","modified_gmt":"2024-05-10T01:09:55","slug":"rastar-99300-audi-r8-lms-gt3-sports-car-with-3314-pieces","status":"publish","type":"product","link":"https:\/\/mouldking.store\/es\/shop\/rastar-99300-audi-r8-lms-gt3-sports-car-with-3314-pieces\/","title":{"rendered":"Rastar 99300 Audi R8 LMS GT3 Coche deportivo con 3314 piezas"},"content":{"rendered":"<div>\u2705 RASTAR 99300 Audi R8 LMS GT3 Coche Deportivo<br \/>&nbsp;<br \/>\u2705El Audi R8 LMS GT3 es un deportivo de altas prestaciones dise\u00f1ado y fabricado por la empresa automovil\u00edstica alemana Audi para las carreras de GT3. Las carreras GT3 son una clase popular de automovilismo internacional en la que autos deportivos especialmente dise\u00f1ados compiten en carreras de resistencia.<br \/>&nbsp;<br \/>\ud83d\udeab \u00a1IMPORTANTE!&nbsp;<br \/>&nbsp;<br \/>Nombre del producto: Coche deportivo Audi R8 LMS GT3<br \/>&nbsp;<br \/>Categor\u00eda: T\u00e9cnica<br \/>&nbsp;<br \/>Este kit contiene: RASTAR 99300&nbsp;<br \/>&nbsp;<br \/>3314 piezas de ladrillos de buena calidad&nbsp;<br \/>&nbsp;<br \/>Tama\u00f1o: 56,5 \u00d7 27 \u00d7 14 cm<br \/>&nbsp;<br \/>Instrucciones manuales&nbsp;<br \/>&nbsp;<br \/>\ud83d\udcccNaturaleza del protagonista&nbsp;<br \/>&nbsp;<br \/>Presentamos nuestra orgullosa colecci\u00f3n llamada &quot;Audi R8 LMS GT3 Sports Car&quot; que no debe perderse.&nbsp;<br \/>&nbsp;<br \/>El Audi R8 LMS GT3 se basa en el autom\u00f3vil de carretera Audi R8 y ha sido ampliamente modificado para las carreras, con una carrocer\u00eda liviana, mejoras aerodin\u00e1micas y un potente motor V10. Cuenta con un dise\u00f1o de motor central para una distribuci\u00f3n \u00f3ptima del peso, sistemas avanzados de suspensi\u00f3n y frenado, y una caja de cambios secuencial de seis velocidades.<\/div>","protected":false},"excerpt":{"rendered":"<p>Marca: Rastar<br \/>\nG\u00e9nero: Unisex<br \/>\nRango de edad: &gt; 14 a\u00f1os<br \/>\nN\u00famero de modelo: 99300<br \/>\nClasificaci\u00f3n: Ensamblaje<br \/>\nForma de bloque de pl\u00e1stico: Ladrillos autoblocantes<br \/>\nMaterial: Pl\u00e1stico<br \/>\nTipo de pl\u00e1stico: ABS<br \/>\nLadrillos Bloques: 3314 +<br \/>\nNinguna caja<\/p>","protected":false},"featured_media":41999,"comment_status":"open","ping_status":"closed","template":"","meta":{"_acf_changed":false},"product_cat":[1360,1357,364],"product_tag":[1845,457,11375,11150,389,11080],"class_list":["product","first","instock","shipping-taxable","purchasable","product-type-simple"],"acf":[],"_links":{"self":[{"href":"https:\/\/mouldking.store\/es\/wp-json\/wp\/v2\/product\/42006","targetHints":{"allow":["GET"]}}],"collection":[{"href":"https:\/\/mouldking.store\/es\/wp-json\/wp\/v2\/product"}],"about":[{"href":"https:\/\/mouldking.store\/es\/wp-json\/wp\/v2\/types\/product"}],"replies":[{"embeddable":true,"href":"https:\/\/mouldking.store\/es\/wp-json\/wp\/v2\/comments?post=42006"}],"wp:featuredmedia":[{"embeddable":true,"href":"https:\/\/mouldking.store\/es\/wp-json\/wp\/v2\/media\/41999"}],"wp:attachment":[{"href":"https:\/\/mouldking.store\/es\/wp-json\/wp\/v2\/media?parent=42006"}],"wp:term":[{"taxonomy":"product_cat","embeddable":true,"href":"https:\/\/mouldking.store\/es\/wp-json\/wp\/v2\/product_cat?post=42006"},{"taxonomy":"product_tag","embeddable":true,"href":"https:\/\/mouldking.store\/es\/wp-json\/wp\/v2\/product_tag?post=42006"}],"curies":[{"name":"wp","href":"https:\/\/api.w.org\/{rel}","templated":true}]}}