{"id":42015,"date":"2023-02-22T10:29:52","date_gmt":"2023-02-22T03:29:52","guid":{"rendered":"https:\/\/mouldking.store\/shop\/moc-factory-90167-hookfang-dragon-with-123-pieces\/"},"modified":"2025-12-16T22:25:16","modified_gmt":"2025-12-16T15:25:16","slug":"moc-factory-90167-hookfang-dragon-with-123-pieces","status":"publish","type":"product","link":"https:\/\/mouldking.store\/es\/shop\/moc-factory-90167-hookfang-dragon-with-123-pieces\/","title":{"rendered":"MOC Factory 90167 Hookfang Dragon con 123 piezas"},"content":{"rendered":"<div>\u2705 MOC-90167 Drag\u00f3n Garfio<\/p>\n<p>\u2705Hookfang es un personaje de drag\u00f3n de la pel\u00edcula animada de DreamWorks &quot;C\u00f3mo entrenar a tu drag\u00f3n&quot;. Es uno de los dragones principales de la serie y lo monta el personaje Snotlout.<\/p>\n<p>\ud83d\udeab \u00a1IMPORTANTE!<\/p>\n<p>Nombre del producto: Drag\u00f3n Hookfang<\/p>\n<p>Categor\u00eda: Pel\u00edcula<\/p>\n<p>Este kit contiene: MOC-90167<\/p>\n<p>123 piezas de ladrillos de buena calidad.<\/p>\n<p>Instrucciones en PDF<\/p>\n<p>\ud83d\udcccNaturaleza del protagonista<\/p>\n<p>Presentamos nuestra orgullosa colecci\u00f3n llamada &quot;Hookfang Dragon&quot; que no debes perderte.<\/p>\n<p>Hookfang es un drag\u00f3n Pesadilla Monstruosa, que es una especie de drag\u00f3n que se caracteriza por sus escamas rojas, alas grandes y su poderoso aliento de fuego. Hookfang es particularmente grande y musculoso, y tiene un conjunto distintivo de espinas que recorren su espalda. En la serie, Hookfang es conocido por su fuerte voluntad y personalidad obstinada, a menudo chocando con Snotlout y requiriendo una mano firme para ser entrenado. Sin embargo, tambi\u00e9n es ferozmente leal y protector con su jinete y los otros dragones del grupo.<\/p><\/div>","protected":false},"excerpt":{"rendered":"<p>Marca: MOC Factory<br \/>\nG\u00e9nero: Unisex<br \/>\nRango de edad: &gt; 6 a\u00f1os<br \/>\nN\u00famero de modelo: 90167<br \/>\nClasificaci\u00f3n: Ensamblaje<br \/>\nForma de bloque de pl\u00e1stico: Ladrillos autoblocantes<br \/>\nMaterial: Pl\u00e1stico<br \/>\nTipo de pl\u00e1stico: ABS<br \/>\nLadrillos Bloques: 123 +<br \/>\nNinguna caja<\/p>","protected":false},"featured_media":42014,"comment_status":"open","ping_status":"closed","template":"","meta":{"_acf_changed":false},"product_cat":[1365,581,1408],"product_tag":[8452,1771,11382,434],"class_list":["product","first","instock","shipping-taxable","purchasable","product-type-simple"],"acf":[],"_links":{"self":[{"href":"https:\/\/mouldking.store\/es\/wp-json\/wp\/v2\/product\/42015","targetHints":{"allow":["GET"]}}],"collection":[{"href":"https:\/\/mouldking.store\/es\/wp-json\/wp\/v2\/product"}],"about":[{"href":"https:\/\/mouldking.store\/es\/wp-json\/wp\/v2\/types\/product"}],"replies":[{"embeddable":true,"href":"https:\/\/mouldking.store\/es\/wp-json\/wp\/v2\/comments?post=42015"}],"wp:featuredmedia":[{"embeddable":true,"href":"https:\/\/mouldking.store\/es\/wp-json\/wp\/v2\/media\/42014"}],"wp:attachment":[{"href":"https:\/\/mouldking.store\/es\/wp-json\/wp\/v2\/media?parent=42015"}],"wp:term":[{"taxonomy":"product_cat","embeddable":true,"href":"https:\/\/mouldking.store\/es\/wp-json\/wp\/v2\/product_cat?post=42015"},{"taxonomy":"product_tag","embeddable":true,"href":"https:\/\/mouldking.store\/es\/wp-json\/wp\/v2\/product_tag?post=42015"}],"curies":[{"name":"wp","href":"https:\/\/api.w.org\/{rel}","templated":true}]}}