{"id":42027,"date":"2023-02-22T10:41:32","date_gmt":"2023-02-22T03:41:32","guid":{"rendered":"https:\/\/mouldking.store\/shop\/reobrix-688-speed-champions-blue-rolls-royce-boat-tai-racer-car-with-417-pieces\/"},"modified":"2023-02-22T10:41:32","modified_gmt":"2023-02-22T03:41:32","slug":"reobrix-688-speed-champions-blue-rolls-royce-boat-tai-racer-car-with-417-pieces","status":"publish","type":"product","link":"https:\/\/mouldking.store\/es\/shop\/reobrix-688-speed-champions-blue-rolls-royce-boat-tai-racer-car-with-417-pieces\/","title":{"rendered":"REOBRIX 688 Speed Champions Blue Rolls-Royce Boat Tai Racer Car con 417 piezas"},"content":{"rendered":"<div>\u2705 Reobrix 688 Speed Champions Blue Rolls-Royce Boat Tai Racer Car&nbsp;<br \/>&nbsp;<br \/>\u2705Rolls-Royce Boat Tail es en realidad un modelo de autom\u00f3vil de lujo de Rolls-Royce, y no es un bote ni un autom\u00f3vil de carreras. El modelo Boat Tail se present\u00f3 en mayo de 2021 y es un veh\u00edculo de edici\u00f3n limitada altamente personalizado que se cre\u00f3 para un cliente privado.<br \/>&nbsp;<br \/>\ud83d\udeab \u00a1IMPORTANTE!&nbsp;<br \/>&nbsp;<br \/>Nombre del producto: Speed Champions Blue Rolls-Royce Boat Tai Racer Car&nbsp;<br \/>&nbsp;<br \/>Categor\u00eda: T\u00e9cnica<br \/>&nbsp;<br \/>Este kit contiene: Reobrix 688<br \/>&nbsp;<br \/>417 piezas de ladrillos de buena calidad&nbsp;<br \/>&nbsp;<br \/>Tama\u00f1o: 19,1 x 7,9 x 5,3 cm<br \/>&nbsp;<br \/>Instrucciones manuales&nbsp;<br \/>&nbsp;<br \/>\ud83d\udcccNaturaleza del protagonista&nbsp;<br \/>&nbsp;<br \/>Presentamos nuestra orgullosa colecci\u00f3n llamada &quot;Speed Champions Blue Rolls-Royce Boat Tai Racer Car&quot; que no debe perderse.&nbsp;<br \/>&nbsp;<br \/>El Rolls-Royce Boat Tail es un descapotable de dos puertas y cuatro asientos que presenta un dise\u00f1o distintivo inspirado en los autos cl\u00e1sicos de las d\u00e9cadas de 1920 y 1930. Tiene un cap\u00f3 largo, una carrocer\u00eda baja y una parte trasera c\u00f3nica que se asemeja a la forma de la cola de un bote. El autom\u00f3vil est\u00e1 construido a mano y presenta una serie de detalles personalizados, que incluyen una carrocer\u00eda de aluminio pulido a mano, ruedas \u00fanicas y un tablero personalizado.<\/div>","protected":false},"excerpt":{"rendered":"<p>Marca: REOBRIX<br \/>\nG\u00e9nero: Unisex<br \/>\nRango de edad: &gt; 14 a\u00f1os<br \/>\nN\u00famero de modelo: 688<br \/>\nClasificaci\u00f3n: Ensamblaje<br \/>\nForma de bloque de pl\u00e1stico: Ladrillos autoblocantes<br \/>\nMaterial: Pl\u00e1stico<br \/>\nTipo de pl\u00e1stico: ABS<br \/>\nLadrillos Bloques: 417 +<br \/>\nNinguna caja<\/p>","protected":false},"featured_media":42023,"comment_status":"open","ping_status":"closed","template":"","meta":{"_acf_changed":false},"product_cat":[1360,1357,364],"product_tag":[6471,457,7761,3472,6633,11384,389,11080],"class_list":["product","first","instock","shipping-taxable","purchasable","product-type-simple"],"acf":[],"_links":{"self":[{"href":"https:\/\/mouldking.store\/es\/wp-json\/wp\/v2\/product\/42027","targetHints":{"allow":["GET"]}}],"collection":[{"href":"https:\/\/mouldking.store\/es\/wp-json\/wp\/v2\/product"}],"about":[{"href":"https:\/\/mouldking.store\/es\/wp-json\/wp\/v2\/types\/product"}],"replies":[{"embeddable":true,"href":"https:\/\/mouldking.store\/es\/wp-json\/wp\/v2\/comments?post=42027"}],"wp:featuredmedia":[{"embeddable":true,"href":"https:\/\/mouldking.store\/es\/wp-json\/wp\/v2\/media\/42023"}],"wp:attachment":[{"href":"https:\/\/mouldking.store\/es\/wp-json\/wp\/v2\/media?parent=42027"}],"wp:term":[{"taxonomy":"product_cat","embeddable":true,"href":"https:\/\/mouldking.store\/es\/wp-json\/wp\/v2\/product_cat?post=42027"},{"taxonomy":"product_tag","embeddable":true,"href":"https:\/\/mouldking.store\/es\/wp-json\/wp\/v2\/product_tag?post=42027"}],"curies":[{"name":"wp","href":"https:\/\/api.w.org\/{rel}","templated":true}]}}