{"id":42096,"date":"2023-02-22T14:30:55","date_gmt":"2023-02-22T07:30:55","guid":{"rendered":"https:\/\/mouldking.store\/shop\/sembo-609308-digimon-gao-shiyue-with-260-pieces\/"},"modified":"2023-03-10T10:47:32","modified_gmt":"2023-03-10T03:47:32","slug":"sembo-609308-digimon-gao-shiyue-with-260-pieces","status":"publish","type":"product","link":"https:\/\/mouldking.store\/es\/shop\/sembo-609308-digimon-gao-shiyue-with-260-pieces\/","title":{"rendered":"SEMBO 609308 Digimon: Gao Shiyue con 260 Piezas"},"content":{"rendered":"<div>\u2705SEMBO 609308 Digimon: Gao Shiyue<br \/>&nbsp;<br \/>\u2705Digimon Adventure es una serie de televisi\u00f3n de anime japonesa y una franquicia de medios creada por Akiyoshi Hongo y producida por Toei Animation. La franquicia comenz\u00f3 en 1997 con el lanzamiento del primer dispositivo de mascota virtual Digimon y desde entonces se ha expandido para incluir series de anime, pel\u00edculas, manga, videojuegos y otros medios.<br \/>&nbsp;<br \/>\ud83d\udeab \u00a1IMPORTANTE!&nbsp;<br \/>&nbsp;<br \/>Nombre del producto: Digimon: Gao Shiyue<\/p>\n<p>Categor\u00eda: Creador&nbsp;<br \/>&nbsp;<br \/>Este kit contiene: SEMBO 609308<br \/>&nbsp;<br \/>260 piezas de ladrillos de buena calidad.&nbsp;<br \/>&nbsp;<br \/>Tama\u00f1o: 10,6 \u00d7 6,7 \u00d7 12 cm<br \/>&nbsp;<br \/>Instrucciones manuales&nbsp;<br \/>&nbsp;<br \/>\ud83d\udcccNaturaleza del protagonista&nbsp;<br \/>&nbsp;<br \/>Presentamos nuestra orgullosa colecci\u00f3n llamada &quot;Digimon: Gao Shiyue&quot; que no debe perderse.&nbsp;<br \/>&nbsp;<br \/>La serie de anime original Digimon Adventure se emiti\u00f3 entre 1999 y 2000 y sigue las aventuras de un grupo de ni\u00f1os que son transportados a un mundo digital, donde se encuentran y se asocian con monstruos digitales conocidos como &quot;Digimon&quot; para luchar contra las fuerzas del mal y salvar el mundo digital. y mundos humanos.<\/div>","protected":false},"excerpt":{"rendered":"<p>Marca: SEMBO<br \/>\nG\u00e9nero: Unisex<br \/>\nRango de edad: &gt; 6 a\u00f1os<br \/>\nN\u00famero de modelo: 609308<br \/>\nClasificaci\u00f3n: Ensamblaje<br \/>\nForma de bloque de pl\u00e1stico: Ladrillos autoblocantes<br \/>\nMaterial: Pl\u00e1stico<br \/>\nTipo de pl\u00e1stico: ABS<br \/>\nLadrillos Bloques: 260 +<br \/>\nPreventa<\/p>","protected":false},"featured_media":42094,"comment_status":"open","ping_status":"closed","template":"","meta":{"_acf_changed":false},"product_cat":[1365,371],"product_tag":[6470,11072,8452,11399,11400],"class_list":["product","first","outofstock","shipping-taxable","purchasable","product-type-simple"],"acf":[],"_links":{"self":[{"href":"https:\/\/mouldking.store\/es\/wp-json\/wp\/v2\/product\/42096","targetHints":{"allow":["GET"]}}],"collection":[{"href":"https:\/\/mouldking.store\/es\/wp-json\/wp\/v2\/product"}],"about":[{"href":"https:\/\/mouldking.store\/es\/wp-json\/wp\/v2\/types\/product"}],"replies":[{"embeddable":true,"href":"https:\/\/mouldking.store\/es\/wp-json\/wp\/v2\/comments?post=42096"}],"wp:featuredmedia":[{"embeddable":true,"href":"https:\/\/mouldking.store\/es\/wp-json\/wp\/v2\/media\/42094"}],"wp:attachment":[{"href":"https:\/\/mouldking.store\/es\/wp-json\/wp\/v2\/media?parent=42096"}],"wp:term":[{"taxonomy":"product_cat","embeddable":true,"href":"https:\/\/mouldking.store\/es\/wp-json\/wp\/v2\/product_cat?post=42096"},{"taxonomy":"product_tag","embeddable":true,"href":"https:\/\/mouldking.store\/es\/wp-json\/wp\/v2\/product_tag?post=42096"}],"curies":[{"name":"wp","href":"https:\/\/api.w.org\/{rel}","templated":true}]}}