{"id":42110,"date":"2023-02-22T14:57:09","date_gmt":"2023-02-22T07:57:09","guid":{"rendered":"https:\/\/mouldking.store\/shop\/sembo-609304-digimon-tachikawa-mimi-with-281-pieces\/"},"modified":"2023-03-10T10:47:15","modified_gmt":"2023-03-10T03:47:15","slug":"sembo-609304-digimon-tachikawa-mimi-with-281-pieces","status":"publish","type":"product","link":"https:\/\/mouldking.store\/es\/shop\/sembo-609304-digimon-tachikawa-mimi-with-281-pieces\/","title":{"rendered":"SEMBO 609304 Digimon: Tachikawa Mimi con 281 Piezas"},"content":{"rendered":"<div>\u2705SEMBO 609304 Digimon: Tachikawa Mimi<br \/>&nbsp;<br \/>\u2705Digimon Adventure es una serie de televisi\u00f3n de anime japonesa y una franquicia de medios creada por Akiyoshi Hongo y producida por Toei Animation. La franquicia comenz\u00f3 en 1997 con el lanzamiento del primer dispositivo de mascota virtual Digimon y desde entonces se ha expandido para incluir series de anime, pel\u00edculas, manga, videojuegos y otros medios.<br \/>&nbsp;<br \/>\ud83d\udeab \u00a1IMPORTANTE!&nbsp;<br \/>&nbsp;<br \/>Nombre del producto: Digimon: Tachikawa Mimi<\/p>\n<p>Categor\u00eda: Creador&nbsp;<br \/>&nbsp;<br \/>Este kit contiene: SEMBO 609304&nbsp;<br \/>&nbsp;<br \/>281 piezas de ladrillos de buena calidad&nbsp;<br \/>&nbsp;<br \/>Tama\u00f1o: 7,2 \u00d7 8,5 \u00d7 15,4 cm<br \/>&nbsp;<br \/>Instrucciones manuales&nbsp;<br \/>&nbsp;<br \/>\ud83d\udcccNaturaleza del protagonista&nbsp;<br \/>&nbsp;<br \/>Presentamos nuestra orgullosa colecci\u00f3n llamada &quot;Digimon: Tachikawa Mimi&quot; que no debes perderte.&nbsp;<br \/>&nbsp;<br \/>La serie de anime original Digimon Adventure se emiti\u00f3 entre 1999 y 2000 y sigue las aventuras de un grupo de ni\u00f1os que son transportados a un mundo digital, donde se encuentran y se asocian con monstruos digitales conocidos como &quot;Digimon&quot; para luchar contra las fuerzas del mal y salvar el mundo digital. y mundos humanos.<\/div>","protected":false},"excerpt":{"rendered":"<p>Marca: SEMBO<br \/>\nG\u00e9nero: Unisex<br \/>\nRango de edad: &gt; 6 a\u00f1os<br \/>\nN\u00famero de modelo: 609304<br \/>\nClasificaci\u00f3n: Ensamblaje<br \/>\nForma de bloque de pl\u00e1stico: Ladrillos autoblocantes<br \/>\nMaterial: Pl\u00e1stico<br \/>\nTipo de pl\u00e1stico: ABS<br \/>\nLadrillos Bloques: 281 +<br \/>\nPreventa<\/p>","protected":false},"featured_media":42108,"comment_status":"open","ping_status":"closed","template":"","meta":{"_acf_changed":false},"product_cat":[1365,371],"product_tag":[6470,11072,8452,11399,11404],"class_list":["product","first","outofstock","shipping-taxable","purchasable","product-type-simple"],"acf":[],"_links":{"self":[{"href":"https:\/\/mouldking.store\/es\/wp-json\/wp\/v2\/product\/42110","targetHints":{"allow":["GET"]}}],"collection":[{"href":"https:\/\/mouldking.store\/es\/wp-json\/wp\/v2\/product"}],"about":[{"href":"https:\/\/mouldking.store\/es\/wp-json\/wp\/v2\/types\/product"}],"replies":[{"embeddable":true,"href":"https:\/\/mouldking.store\/es\/wp-json\/wp\/v2\/comments?post=42110"}],"wp:featuredmedia":[{"embeddable":true,"href":"https:\/\/mouldking.store\/es\/wp-json\/wp\/v2\/media\/42108"}],"wp:attachment":[{"href":"https:\/\/mouldking.store\/es\/wp-json\/wp\/v2\/media?parent=42110"}],"wp:term":[{"taxonomy":"product_cat","embeddable":true,"href":"https:\/\/mouldking.store\/es\/wp-json\/wp\/v2\/product_cat?post=42110"},{"taxonomy":"product_tag","embeddable":true,"href":"https:\/\/mouldking.store\/es\/wp-json\/wp\/v2\/product_tag?post=42110"}],"curies":[{"name":"wp","href":"https:\/\/api.w.org\/{rel}","templated":true}]}}