{"id":42120,"date":"2023-02-22T15:13:41","date_gmt":"2023-02-22T08:13:41","guid":{"rendered":"https:\/\/mouldking.store\/shop\/jiestar-92034-new-century-gpx-high-intelligence-formula-isuzak-008-with-773-pieces\/"},"modified":"2023-02-22T15:13:41","modified_gmt":"2023-02-22T08:13:41","slug":"jiestar-92034-new-century-gpx-high-intelligence-formula-isuzak-008-with-773-pieces","status":"publish","type":"product","link":"https:\/\/mouldking.store\/es\/shop\/jiestar-92034-new-century-gpx-high-intelligence-formula-isuzak-008-with-773-pieces\/","title":{"rendered":"JIESTAR 92034 New Century GPX F\u00f3rmula de alta inteligencia: Isuzak 008 con 773 piezas"},"content":{"rendered":"<div>\u2705 JIESTAR 92034 New Century GPX F\u00f3rmula de alta inteligencia: Isuzak 008<br \/>&nbsp;<br \/>\u2705\u201dNew Century GPX Cyber Formula\u201d es una serie de televisi\u00f3n de anime japonesa sobre carreras de autos futuristas de alta velocidad. \u201cIsuzak 008\u201d es un modelo de coche de carreras que aparece en la serie de anime. Est\u00e1 dise\u00f1ado y construido por la compa\u00f1\u00eda Isuzak y es uno de los autos de mejor desempe\u00f1o en la liga de carreras Cyber Formula.<\/div>\n<div>&nbsp;<br \/>\ud83d\udeab \u00a1IMPORTANTE!&nbsp;<br \/>&nbsp;<br \/>Nombre del producto: New Century GPX F\u00f3rmula de alta inteligencia: Isuzak 008<br \/>&nbsp;<br \/>Categor\u00eda: Pel\u00edcula<br \/>&nbsp;<br \/>Este kit contiene: JIESTAR 92034<br \/>&nbsp;<br \/>773 piezas de ladrillos de buena calidad&nbsp;<br \/>&nbsp;<br \/>Tama\u00f1o: 30,5 \u00d7 11,2 \u00d7 9,5 cm<br \/>&nbsp;<br \/>Instrucciones manuales&nbsp;<br \/>&nbsp;<br \/>\ud83d\udcccNaturaleza del protagonista&nbsp;<br \/>&nbsp;<br \/>Presentamos nuestra orgullosa colecci\u00f3n llamada &quot;F\u00f3rmula de alta inteligencia New Century GPX: Isuzak 008&quot; que no debe perderse.&nbsp;<br \/>&nbsp;<br \/>En el anime, el Isuzak 008 es pilotado por varios personajes, incluido el protagonista principal de la serie, Hayato Kazami. El autom\u00f3vil es conocido por su excepcional velocidad, maniobrabilidad y tecnolog\u00eda avanzada, incluido un sistema de inteligencia artificial que ayuda al conductor a tomar decisiones en una fracci\u00f3n de segundo durante las carreras.<\/div>","protected":false},"excerpt":{"rendered":"<p>Marca: JIESTAR<br \/>\nG\u00e9nero: Unisex<br \/>\nRango de edad: &gt; 6 a\u00f1os<br \/>\nN\u00famero de modelo: 92034<br \/>\nClasificaci\u00f3n: Ensamblaje<br \/>\nForma de bloque de pl\u00e1stico: Ladrillos autoblocantes<br \/>\nMaterial: Pl\u00e1stico<br \/>\nTipo de pl\u00e1stico: ABS<br \/>\nLadrillos Bloques: 773 +<br \/>\nPreventa<\/p>","protected":false},"featured_media":42119,"comment_status":"open","ping_status":"closed","template":"","meta":{"_acf_changed":false},"product_cat":[1357,581,364,1408],"product_tag":[11407,434,389],"class_list":["product","first","instock","shipping-taxable","purchasable","product-type-simple"],"acf":[],"_links":{"self":[{"href":"https:\/\/mouldking.store\/es\/wp-json\/wp\/v2\/product\/42120","targetHints":{"allow":["GET"]}}],"collection":[{"href":"https:\/\/mouldking.store\/es\/wp-json\/wp\/v2\/product"}],"about":[{"href":"https:\/\/mouldking.store\/es\/wp-json\/wp\/v2\/types\/product"}],"replies":[{"embeddable":true,"href":"https:\/\/mouldking.store\/es\/wp-json\/wp\/v2\/comments?post=42120"}],"wp:featuredmedia":[{"embeddable":true,"href":"https:\/\/mouldking.store\/es\/wp-json\/wp\/v2\/media\/42119"}],"wp:attachment":[{"href":"https:\/\/mouldking.store\/es\/wp-json\/wp\/v2\/media?parent=42120"}],"wp:term":[{"taxonomy":"product_cat","embeddable":true,"href":"https:\/\/mouldking.store\/es\/wp-json\/wp\/v2\/product_cat?post=42120"},{"taxonomy":"product_tag","embeddable":true,"href":"https:\/\/mouldking.store\/es\/wp-json\/wp\/v2\/product_tag?post=42120"}],"curies":[{"name":"wp","href":"https:\/\/api.w.org\/{rel}","templated":true}]}}