{"id":42131,"date":"2023-02-22T18:26:26","date_gmt":"2023-02-22T11:26:26","guid":{"rendered":"https:\/\/mouldking.store\/shop\/sembo-609322-digimon-war-greymon-vs-steel-garuru-with-812-pieces\/"},"modified":"2023-03-08T10:57:32","modified_gmt":"2023-03-08T03:57:32","slug":"sembo-609322-digimon-war-greymon-vs-steel-garuru-with-812-pieces","status":"publish","type":"product","link":"https:\/\/mouldking.store\/es\/shop\/sembo-609322-digimon-war-greymon-vs-steel-garuru-with-812-pieces\/","title":{"rendered":"SEMBO 609322 Digimon: War Greymon vs Steel Garuru con 812 piezas"},"content":{"rendered":"<div>\u2705 SEMBO 609322 Digimon: Guerra Greymon vs Steel Garuru<br \/>&nbsp;<br \/>\u2705War Greymon vs Steel Garuru probablemente se refiere a una batalla entre dos personajes de Digimon en el Digimon media franc<br \/>&nbsp;<br \/>\ud83d\udeab \u00a1IMPORTANTE!&nbsp;<br \/>&nbsp;<br \/>Nombre del producto: Digimon: War Greymon vs Steel Garuru<br \/>&nbsp;<br \/>Categor\u00eda: Creador&nbsp;<br \/>&nbsp;<br \/>Este kit contiene: SEMBO 609322<br \/>&nbsp;<br \/>812 piezas de ladrillos de buena calidad&nbsp;<br \/>&nbsp;<br \/>Tama\u00f1o:28 \u00d7 7,5 \u00d7 25 cm<br \/>&nbsp;<br \/>Instrucciones manuales&nbsp;<br \/>&nbsp;<br \/>\ud83d\udcccNaturaleza del protagonista&nbsp;<br \/>&nbsp;<br \/>Presentamos nuestra orgullosa colecci\u00f3n llamada &quot;Digimon: War Greymon vs Steel Garuru&quot; que no debes perderte.&nbsp;<br \/>&nbsp;<br \/>War Greymon es un poderoso Digimon parecido a un drag\u00f3n conocido por su inmensa fuerza y habilidades destructivas. Es un Digimon de nivel Mega que a menudo se asocia con el protagonista de la serie Digimon Adventure. Steel Garurumon, tambi\u00e9n conocido como Metal Garurumon, es otro Digimon de nivel Mega que se parece a un lobo rob\u00f3tico. Tiene poderosos ataques de congelaci\u00f3n y basados en energ\u00eda y, a menudo, se asocia con el protagonista de la serie Digimon Adventure 02.<\/div>","protected":false},"excerpt":{"rendered":"<p>Marca: SEMBO<br \/>\nG\u00e9nero: Unisex<br \/>\nRango de edad: &gt; 6 a\u00f1os<br \/>\nN\u00famero de modelo: 609322<br \/>\nClasificaci\u00f3n: Ensamblaje<br \/>\nForma de bloque de pl\u00e1stico: Ladrillos autoblocantes<br \/>\nMaterial: Pl\u00e1stico<br \/>\nTipo de pl\u00e1stico: ABS<br \/>\nLadrillos Bloques: 812 +<br \/>\nPreventa<\/p>","protected":false},"featured_media":42130,"comment_status":"open","ping_status":"closed","template":"","meta":{"_acf_changed":false},"product_cat":[1365,371],"product_tag":[6470,11072,8452,11399,11414,11413],"class_list":["product","first","outofstock","shipping-taxable","purchasable","product-type-simple"],"acf":[],"_links":{"self":[{"href":"https:\/\/mouldking.store\/es\/wp-json\/wp\/v2\/product\/42131","targetHints":{"allow":["GET"]}}],"collection":[{"href":"https:\/\/mouldking.store\/es\/wp-json\/wp\/v2\/product"}],"about":[{"href":"https:\/\/mouldking.store\/es\/wp-json\/wp\/v2\/types\/product"}],"replies":[{"embeddable":true,"href":"https:\/\/mouldking.store\/es\/wp-json\/wp\/v2\/comments?post=42131"}],"wp:featuredmedia":[{"embeddable":true,"href":"https:\/\/mouldking.store\/es\/wp-json\/wp\/v2\/media\/42130"}],"wp:attachment":[{"href":"https:\/\/mouldking.store\/es\/wp-json\/wp\/v2\/media?parent=42131"}],"wp:term":[{"taxonomy":"product_cat","embeddable":true,"href":"https:\/\/mouldking.store\/es\/wp-json\/wp\/v2\/product_cat?post=42131"},{"taxonomy":"product_tag","embeddable":true,"href":"https:\/\/mouldking.store\/es\/wp-json\/wp\/v2\/product_tag?post=42131"}],"curies":[{"name":"wp","href":"https:\/\/api.w.org\/{rel}","templated":true}]}}